{"id":1647,"date":"2025-06-28T11:48:46","date_gmt":"2025-06-28T09:48:46","guid":{"rendered":"https:\/\/uj.adatbank.ro\/lexikon\/termek\/agoston-ignac\/"},"modified":"2025-06-28T11:48:46","modified_gmt":"2025-06-28T09:48:46","slug":"agoston-ignac","status":"publish","type":"product","link":"https:\/\/uj.adatbank.ro\/lexikon\/termek\/agoston-ignac\/","title":{"rendered":"\u00c1GOSTON Ign\u00e1c"},"content":{"rendered":"<p>Bar\u00f3t, 1870. szept. 3.,\u00a0\u2020 1936. m\u00e1rc. 27.: r. k. pap. \u2013 Gimn.-ot Sz\u00e9kelyudvarhelyen \u00e9s Mv.-en, teologi\u00e1t Gyulafeh\u00e9rv\u00e1ron v\u00e9gzett. Papp\u00e1 szentelt\u00e9k (1893. j\u00fal. 16.). A kv.-i egyetemen folytatta tanulm\u00e1nyait (1893\u201394). Mv.-en gimn. tan\u00e1r (1894), szolg\u00e1lt m\u00e9g Cs\u00edkr\u00e1koson (1895), Tusn\u00e1don (1896), T\u00fcrk\u00f6s\u00f6n k\u00e1pl\u00e1n, Marosh\u00e9v\u00edzen (1904), Sz\u0151kefalv\u00e1n (1924\u201332), Maros\u00fajv\u00e1ron (1932\u2013). <br \/><strong>Irod.:<\/strong> Ferenczi S\u00e1ndor 2009<\/br><\/p>\n","protected":false},"excerpt":{"rendered":"<p>Bar\u00f3t, 1870. szept. 3.,\u00a0\u2020 1936. m\u00e1rc. 27.: r. k. pap. \u2013 Gimn.-ot Sz\u00e9kelyudvarhelyen \u00e9s Mv.-en, teologi\u00e1t Gyulafeh\u00e9rv\u00e1ron v\u00e9gzett. Papp\u00e1 szentelt\u00e9k (1893. j\u00fal. 16.). A kv.-i egyetemen folytatta tanulm\u00e1nyait (1893\u201394). Mv.-en gimn. tan\u00e1r (1894), szolg\u00e1lt m\u00e9g Cs\u00edkr\u00e1koson (1895), Tusn\u00e1don (1896), T\u00fcrk\u00f6s\u00f6n k\u00e1pl\u00e1n, Marosh\u00e9v\u00edzen (1904), Sz\u0151kefalv\u00e1n (1924\u201332), Maros\u00fajv\u00e1ron (1932\u2013). Irod.: Ferenczi S\u00e1ndor 2009<\/p>\n","protected":false},"featured_media":0,"comment_status":"open","ping_status":"closed","template":"","meta":[],"product_brand":[],"product_cat":[137],"product_tag":[],"class_list":{"0":"post-1647","1":"product","2":"type-product","3":"status-publish","5":"product_cat-maros-megyei-eletrajzi-lexikon","7":"first","8":"instock","9":"shipping-taxable","10":"product-type-simple"},"_links":{"self":[{"href":"https:\/\/uj.adatbank.ro\/lexikon\/wp-json\/wp\/v2\/product\/1647","targetHints":{"allow":["GET"]}}],"collection":[{"href":"https:\/\/uj.adatbank.ro\/lexikon\/wp-json\/wp\/v2\/product"}],"about":[{"href":"https:\/\/uj.adatbank.ro\/lexikon\/wp-json\/wp\/v2\/types\/product"}],"replies":[{"embeddable":true,"href":"https:\/\/uj.adatbank.ro\/lexikon\/wp-json\/wp\/v2\/comments?post=1647"}],"wp:attachment":[{"href":"https:\/\/uj.adatbank.ro\/lexikon\/wp-json\/wp\/v2\/media?parent=1647"}],"wp:term":[{"taxonomy":"product_brand","embeddable":true,"href":"https:\/\/uj.adatbank.ro\/lexikon\/wp-json\/wp\/v2\/product_brand?post=1647"},{"taxonomy":"product_cat","embeddable":true,"href":"https:\/\/uj.adatbank.ro\/lexikon\/wp-json\/wp\/v2\/product_cat?post=1647"},{"taxonomy":"product_tag","embeddable":true,"href":"https:\/\/uj.adatbank.ro\/lexikon\/wp-json\/wp\/v2\/product_tag?post=1647"}],"curies":[{"name":"wp","href":"https:\/\/api.w.org\/{rel}","templated":true}]}}