{"id":16475,"date":"2025-07-15T16:18:08","date_gmt":"2025-07-15T14:18:08","guid":{"rendered":"https:\/\/uj.adatbank.ro\/lexikon\/termek\/nagy-sandor-9\/"},"modified":"2025-07-15T16:18:08","modified_gmt":"2025-07-15T14:18:08","slug":"nagy-sandor-9","status":"publish","type":"product","link":"https:\/\/uj.adatbank.ro\/lexikon\/termek\/nagy-sandor-9\/","title":{"rendered":"NAGY S\u00e1ndor"},"content":{"rendered":"<p>1870.? \u2020 Mv.?, 1933. j\u00fal. 31. Kutyfalv\u00e1n temett\u00e9k: igazgat\u00f3-tan\u00edt\u00f3. \u2013 Testv\u00e9rei: N. Istv\u00e1n; Hath\u00e1zi Istv\u00e1nn\u00e9. Gyermekei: Nagy Elem\u00e9r, Margit, Ibolyka. <br \/><strong>Irod.:<\/strong> Gy\u00e1szjelent\u0151<\/br><\/p>\n","protected":false},"excerpt":{"rendered":"<p>1870.? \u2020 Mv.?, 1933. j\u00fal. 31. Kutyfalv\u00e1n temett\u00e9k: igazgat\u00f3-tan\u00edt\u00f3. \u2013 Testv\u00e9rei: N. Istv\u00e1n; Hath\u00e1zi Istv\u00e1nn\u00e9. Gyermekei: Nagy Elem\u00e9r, Margit, Ibolyka. Irod.: Gy\u00e1szjelent\u0151<\/p>\n","protected":false},"featured_media":0,"comment_status":"open","ping_status":"closed","template":"","meta":[],"product_brand":[],"product_cat":[137],"product_tag":[],"class_list":{"0":"post-16475","1":"product","2":"type-product","3":"status-publish","5":"product_cat-maros-megyei-eletrajzi-lexikon","7":"first","8":"instock","9":"shipping-taxable","10":"product-type-simple"},"_links":{"self":[{"href":"https:\/\/uj.adatbank.ro\/lexikon\/wp-json\/wp\/v2\/product\/16475","targetHints":{"allow":["GET"]}}],"collection":[{"href":"https:\/\/uj.adatbank.ro\/lexikon\/wp-json\/wp\/v2\/product"}],"about":[{"href":"https:\/\/uj.adatbank.ro\/lexikon\/wp-json\/wp\/v2\/types\/product"}],"replies":[{"embeddable":true,"href":"https:\/\/uj.adatbank.ro\/lexikon\/wp-json\/wp\/v2\/comments?post=16475"}],"wp:attachment":[{"href":"https:\/\/uj.adatbank.ro\/lexikon\/wp-json\/wp\/v2\/media?parent=16475"}],"wp:term":[{"taxonomy":"product_brand","embeddable":true,"href":"https:\/\/uj.adatbank.ro\/lexikon\/wp-json\/wp\/v2\/product_brand?post=16475"},{"taxonomy":"product_cat","embeddable":true,"href":"https:\/\/uj.adatbank.ro\/lexikon\/wp-json\/wp\/v2\/product_cat?post=16475"},{"taxonomy":"product_tag","embeddable":true,"href":"https:\/\/uj.adatbank.ro\/lexikon\/wp-json\/wp\/v2\/product_tag?post=16475"}],"curies":[{"name":"wp","href":"https:\/\/api.w.org\/{rel}","templated":true}]}}