{"id":16478,"date":"2025-07-15T16:18:13","date_gmt":"2025-07-15T14:18:13","guid":{"rendered":"https:\/\/uj.adatbank.ro\/lexikon\/termek\/nagy-sandor-12\/"},"modified":"2025-07-15T16:18:13","modified_gmt":"2025-07-15T14:18:13","slug":"nagy-sandor-12","status":"publish","type":"product","link":"https:\/\/uj.adatbank.ro\/lexikon\/termek\/nagy-sandor-12\/","title":{"rendered":"NAGY S\u00e1ndor"},"content":{"rendered":"<p>? \u2020 ?: \u00e1cs \u2013 \u00e9s k\u0151m\u0171vesmester. \u2013 Mv.-en tev\u00e9kenykedett ( 20. sz. els\u0151 fele). Incze Lajos tulajdonos r\u00e9sz\u00e9re, tervezte \u00e9s kivitelezte (Bodoni u. 14. sz.) h\u00e1zat \u00e9s R\u0103du\u0163iu Ioan r\u00e9sz\u00e9re (a 34.sz.; 1929), valamint a M\u00e1t\u00e9 J\u00e1nos h\u00e1z\u00e1t (Szabads\u00e1g \u00fat 58.sz.; 1925). K\u00e9s\u0151bb a modern st\u00edlus jegy\u00e9ben tervezte \u00e9s \u00e9p\u00edtette (Szamos u. 55. sz.; 1938\u201339), L-alak\u00fa h\u00e1zat, amelynek tulajdonosa Varr\u00f3 Gyula volt. <br \/><strong>Irod.:<\/strong> Man: Tg.M., 3.<\/br><\/p>\n","protected":false},"excerpt":{"rendered":"<p>? \u2020 ?: \u00e1cs \u2013 \u00e9s k\u0151m\u0171vesmester. \u2013 Mv.-en tev\u00e9kenykedett ( 20. sz. els\u0151 fele). Incze Lajos tulajdonos r\u00e9sz\u00e9re, tervezte \u00e9s kivitelezte (Bodoni u. 14. sz.) h\u00e1zat \u00e9s R\u0103du\u0163iu Ioan r\u00e9sz\u00e9re (a 34.sz.; 1929), valamint a M\u00e1t\u00e9 J\u00e1nos h\u00e1z\u00e1t (Szabads\u00e1g \u00fat 58.sz.; 1925). K\u00e9s\u0151bb a modern st\u00edlus jegy\u00e9ben tervezte \u00e9s \u00e9p\u00edtette (Szamos u. 55. sz.; [&hellip;]<\/p>\n","protected":false},"featured_media":0,"comment_status":"open","ping_status":"closed","template":"","meta":[],"product_brand":[],"product_cat":[137],"product_tag":[],"class_list":{"0":"post-16478","1":"product","2":"type-product","3":"status-publish","5":"product_cat-maros-megyei-eletrajzi-lexikon","7":"first","8":"instock","9":"shipping-taxable","10":"product-type-simple"},"_links":{"self":[{"href":"https:\/\/uj.adatbank.ro\/lexikon\/wp-json\/wp\/v2\/product\/16478","targetHints":{"allow":["GET"]}}],"collection":[{"href":"https:\/\/uj.adatbank.ro\/lexikon\/wp-json\/wp\/v2\/product"}],"about":[{"href":"https:\/\/uj.adatbank.ro\/lexikon\/wp-json\/wp\/v2\/types\/product"}],"replies":[{"embeddable":true,"href":"https:\/\/uj.adatbank.ro\/lexikon\/wp-json\/wp\/v2\/comments?post=16478"}],"wp:attachment":[{"href":"https:\/\/uj.adatbank.ro\/lexikon\/wp-json\/wp\/v2\/media?parent=16478"}],"wp:term":[{"taxonomy":"product_brand","embeddable":true,"href":"https:\/\/uj.adatbank.ro\/lexikon\/wp-json\/wp\/v2\/product_brand?post=16478"},{"taxonomy":"product_cat","embeddable":true,"href":"https:\/\/uj.adatbank.ro\/lexikon\/wp-json\/wp\/v2\/product_cat?post=16478"},{"taxonomy":"product_tag","embeddable":true,"href":"https:\/\/uj.adatbank.ro\/lexikon\/wp-json\/wp\/v2\/product_tag?post=16478"}],"curies":[{"name":"wp","href":"https:\/\/api.w.org\/{rel}","templated":true}]}}