{"id":16480,"date":"2025-07-15T16:18:17","date_gmt":"2025-07-15T14:18:17","guid":{"rendered":"https:\/\/uj.adatbank.ro\/lexikon\/termek\/nagy-sandor-14\/"},"modified":"2025-07-15T16:18:17","modified_gmt":"2025-07-15T14:18:17","slug":"nagy-sandor-14","status":"publish","type":"product","link":"https:\/\/uj.adatbank.ro\/lexikon\/termek\/nagy-sandor-14\/","title":{"rendered":"NAGY S\u00e1ndor"},"content":{"rendered":"<p>Malomfalva, 1895., \u2020 ?: gazd\u00e1lkod\u00f3. \u2013 Iskol\u00e1i elv\u00e9gz\u00e9se ut\u00e1n gazd\u00e1lkodni kezdett a sz\u00fcl\u0151i f\u00f6ld\u00f6n, majd \u00f6n\u00e1ll\u00f3 lett (1935\u2013). Az els\u0151 vh.-ban a 62. h. gy. ezreddel harcolt, orosz fogs\u00e1gba ker\u00fclt ahol 3 \u00e9vet t\u00f6lt\u00f6tt. A k\u00f6zs\u00e9gi tan\u00e1cs tagja, alb\u00edr\u00f3, b\u00edr\u00f3 (1940), a ref. egyh\u00e1z gondnoka a MP tagja volt.. <br \/><strong>Irod.:<\/strong> Sz\u00e9kelyf\u00f6ld \u00ed.k.<\/br><\/p>\n","protected":false},"excerpt":{"rendered":"<p>Malomfalva, 1895., \u2020 ?: gazd\u00e1lkod\u00f3. \u2013 Iskol\u00e1i elv\u00e9gz\u00e9se ut\u00e1n gazd\u00e1lkodni kezdett a sz\u00fcl\u0151i f\u00f6ld\u00f6n, majd \u00f6n\u00e1ll\u00f3 lett (1935\u2013). Az els\u0151 vh.-ban a 62. h. gy. ezreddel harcolt, orosz fogs\u00e1gba ker\u00fclt ahol 3 \u00e9vet t\u00f6lt\u00f6tt. A k\u00f6zs\u00e9gi tan\u00e1cs tagja, alb\u00edr\u00f3, b\u00edr\u00f3 (1940), a ref. egyh\u00e1z gondnoka a MP tagja volt.. Irod.: Sz\u00e9kelyf\u00f6ld \u00ed.k.<\/p>\n","protected":false},"featured_media":0,"comment_status":"open","ping_status":"closed","template":"","meta":[],"product_brand":[],"product_cat":[137],"product_tag":[],"class_list":{"0":"post-16480","1":"product","2":"type-product","3":"status-publish","5":"product_cat-maros-megyei-eletrajzi-lexikon","7":"first","8":"instock","9":"shipping-taxable","10":"product-type-simple"},"_links":{"self":[{"href":"https:\/\/uj.adatbank.ro\/lexikon\/wp-json\/wp\/v2\/product\/16480","targetHints":{"allow":["GET"]}}],"collection":[{"href":"https:\/\/uj.adatbank.ro\/lexikon\/wp-json\/wp\/v2\/product"}],"about":[{"href":"https:\/\/uj.adatbank.ro\/lexikon\/wp-json\/wp\/v2\/types\/product"}],"replies":[{"embeddable":true,"href":"https:\/\/uj.adatbank.ro\/lexikon\/wp-json\/wp\/v2\/comments?post=16480"}],"wp:attachment":[{"href":"https:\/\/uj.adatbank.ro\/lexikon\/wp-json\/wp\/v2\/media?parent=16480"}],"wp:term":[{"taxonomy":"product_brand","embeddable":true,"href":"https:\/\/uj.adatbank.ro\/lexikon\/wp-json\/wp\/v2\/product_brand?post=16480"},{"taxonomy":"product_cat","embeddable":true,"href":"https:\/\/uj.adatbank.ro\/lexikon\/wp-json\/wp\/v2\/product_cat?post=16480"},{"taxonomy":"product_tag","embeddable":true,"href":"https:\/\/uj.adatbank.ro\/lexikon\/wp-json\/wp\/v2\/product_tag?post=16480"}],"curies":[{"name":"wp","href":"https:\/\/api.w.org\/{rel}","templated":true}]}}