{"id":16484,"date":"2025-07-15T16:18:25","date_gmt":"2025-07-15T14:18:25","guid":{"rendered":"https:\/\/uj.adatbank.ro\/lexikon\/termek\/nagy-sandor-18\/"},"modified":"2025-07-15T16:18:25","modified_gmt":"2025-07-15T14:18:25","slug":"nagy-sandor-18","status":"publish","type":"product","link":"https:\/\/uj.adatbank.ro\/lexikon\/termek\/nagy-sandor-18\/","title":{"rendered":"NAGY S\u00e1ndor"},"content":{"rendered":"<p>1914, \u2020 2001., aug. 9.: f\u0151k\u00f6nyvel\u0151. \u2013 Az egykori Hangya Sz\u00f6vetkezet erd\u00e9lyi c\u00e9gvezet\u0151je, p\u00e9nz\u00fcgyi szakember volt. <br \/><strong>Irod.:<\/strong> Mv.-i ref. temet\u0151; [Nekrol\u00f3g] (N\u00fa., 2001. aug. 10)<\/br><\/p>\n","protected":false},"excerpt":{"rendered":"<p>1914, \u2020 2001., aug. 9.: f\u0151k\u00f6nyvel\u0151. \u2013 Az egykori Hangya Sz\u00f6vetkezet erd\u00e9lyi c\u00e9gvezet\u0151je, p\u00e9nz\u00fcgyi szakember volt. Irod.: Mv.-i ref. temet\u0151; [Nekrol\u00f3g] (N\u00fa., 2001. aug. 10)<\/p>\n","protected":false},"featured_media":0,"comment_status":"open","ping_status":"closed","template":"","meta":[],"product_brand":[],"product_cat":[137],"product_tag":[],"class_list":{"0":"post-16484","1":"product","2":"type-product","3":"status-publish","5":"product_cat-maros-megyei-eletrajzi-lexikon","7":"first","8":"instock","9":"shipping-taxable","10":"product-type-simple"},"_links":{"self":[{"href":"https:\/\/uj.adatbank.ro\/lexikon\/wp-json\/wp\/v2\/product\/16484","targetHints":{"allow":["GET"]}}],"collection":[{"href":"https:\/\/uj.adatbank.ro\/lexikon\/wp-json\/wp\/v2\/product"}],"about":[{"href":"https:\/\/uj.adatbank.ro\/lexikon\/wp-json\/wp\/v2\/types\/product"}],"replies":[{"embeddable":true,"href":"https:\/\/uj.adatbank.ro\/lexikon\/wp-json\/wp\/v2\/comments?post=16484"}],"wp:attachment":[{"href":"https:\/\/uj.adatbank.ro\/lexikon\/wp-json\/wp\/v2\/media?parent=16484"}],"wp:term":[{"taxonomy":"product_brand","embeddable":true,"href":"https:\/\/uj.adatbank.ro\/lexikon\/wp-json\/wp\/v2\/product_brand?post=16484"},{"taxonomy":"product_cat","embeddable":true,"href":"https:\/\/uj.adatbank.ro\/lexikon\/wp-json\/wp\/v2\/product_cat?post=16484"},{"taxonomy":"product_tag","embeddable":true,"href":"https:\/\/uj.adatbank.ro\/lexikon\/wp-json\/wp\/v2\/product_tag?post=16484"}],"curies":[{"name":"wp","href":"https:\/\/api.w.org\/{rel}","templated":true}]}}