{"id":16487,"date":"2025-07-15T16:18:34","date_gmt":"2025-07-15T14:18:34","guid":{"rendered":"https:\/\/uj.adatbank.ro\/lexikon\/termek\/nagy-sandor-csengeri\/"},"modified":"2025-07-15T16:18:34","modified_gmt":"2025-07-15T14:18:34","slug":"nagy-sandor-csengeri","status":"publish","type":"product","link":"https:\/\/uj.adatbank.ro\/lexikon\/termek\/nagy-sandor-csengeri\/","title":{"rendered":"NAGY S\u00e1ndor, csengeri"},"content":{"rendered":"<p>P\u00f3ka, 1890., \u2020 ?: gazd\u00e1lkod\u00f3. \u2013 \u00c9desapja mellett tanult gazd\u00e1lkodni, \u00f6n\u00e1l\u00f3 P\u00f3k\u00e1ban (1920\u2013). Az els\u0151 vh-ban a 22. gy. e. az orosz fronton fogs\u00e1gba esett 3 \u00e9v m\u00falva szabadult. A ref. egyh\u00e1z gondnoka, a Hitelsz\u00f6vetkezet ig. \u2013 tan\u00e1cs\u00e1nak aleln\u00f6ke, a Hangya ig. \u2013i tagja, k\u00f6zs\u00e9gi alb\u00edr\u00f3 volt. <br \/><strong>Irod.:<\/strong> Sz\u00e9kelyf\u00f6ld \u00ed.k.<\/br><\/p>\n","protected":false},"excerpt":{"rendered":"<p>P\u00f3ka, 1890., \u2020 ?: gazd\u00e1lkod\u00f3. \u2013 \u00c9desapja mellett tanult gazd\u00e1lkodni, \u00f6n\u00e1l\u00f3 P\u00f3k\u00e1ban (1920\u2013). Az els\u0151 vh-ban a 22. gy. e. az orosz fronton fogs\u00e1gba esett 3 \u00e9v m\u00falva szabadult. A ref. egyh\u00e1z gondnoka, a Hitelsz\u00f6vetkezet ig. \u2013 tan\u00e1cs\u00e1nak aleln\u00f6ke, a Hangya ig. \u2013i tagja, k\u00f6zs\u00e9gi alb\u00edr\u00f3 volt. Irod.: Sz\u00e9kelyf\u00f6ld \u00ed.k.<\/p>\n","protected":false},"featured_media":0,"comment_status":"open","ping_status":"closed","template":"","meta":[],"product_brand":[],"product_cat":[137],"product_tag":[],"class_list":{"0":"post-16487","1":"product","2":"type-product","3":"status-publish","5":"product_cat-maros-megyei-eletrajzi-lexikon","7":"first","8":"instock","9":"shipping-taxable","10":"product-type-simple"},"_links":{"self":[{"href":"https:\/\/uj.adatbank.ro\/lexikon\/wp-json\/wp\/v2\/product\/16487","targetHints":{"allow":["GET"]}}],"collection":[{"href":"https:\/\/uj.adatbank.ro\/lexikon\/wp-json\/wp\/v2\/product"}],"about":[{"href":"https:\/\/uj.adatbank.ro\/lexikon\/wp-json\/wp\/v2\/types\/product"}],"replies":[{"embeddable":true,"href":"https:\/\/uj.adatbank.ro\/lexikon\/wp-json\/wp\/v2\/comments?post=16487"}],"wp:attachment":[{"href":"https:\/\/uj.adatbank.ro\/lexikon\/wp-json\/wp\/v2\/media?parent=16487"}],"wp:term":[{"taxonomy":"product_brand","embeddable":true,"href":"https:\/\/uj.adatbank.ro\/lexikon\/wp-json\/wp\/v2\/product_brand?post=16487"},{"taxonomy":"product_cat","embeddable":true,"href":"https:\/\/uj.adatbank.ro\/lexikon\/wp-json\/wp\/v2\/product_cat?post=16487"},{"taxonomy":"product_tag","embeddable":true,"href":"https:\/\/uj.adatbank.ro\/lexikon\/wp-json\/wp\/v2\/product_tag?post=16487"}],"curies":[{"name":"wp","href":"https:\/\/api.w.org\/{rel}","templated":true}]}}