{"id":16488,"date":"2025-07-15T16:18:36","date_gmt":"2025-07-15T14:18:36","guid":{"rendered":"https:\/\/uj.adatbank.ro\/lexikon\/termek\/nagy-sandor-debreceni\/"},"modified":"2025-07-15T16:18:36","modified_gmt":"2025-07-15T14:18:36","slug":"nagy-sandor-debreceni","status":"publish","type":"product","link":"https:\/\/uj.adatbank.ro\/lexikon\/termek\/nagy-sandor-debreceni\/","title":{"rendered":"NAGY S\u00e1ndor, debreceni"},"content":{"rendered":"<p>1880.? \u2020 Mv., 1930. j\u00fan. 14.:\u00fcgyv\u00e9d. \u2013 Debreceni N. J\u00e1nos fia. Testv\u00e9rei: N. Gizella dr. K\u00e1lnoki Bed\u0151 S\u00e1ndorn\u00e9; N. Matild Bozzay Rezs\u0151n\u00e9. Gyermekeik: N. J\u00e1nos, S\u00e1ndor, Ella, Gy\u00f6rgy. \u2013 Mv.-en \u00fcgyv\u00e9d, dr. <br \/><strong>Irod.:<\/strong> Gy\u00e1szjelent\u0151<\/br><\/p>\n","protected":false},"excerpt":{"rendered":"<p>1880.? \u2020 Mv., 1930. j\u00fan. 14.:\u00fcgyv\u00e9d. \u2013 Debreceni N. J\u00e1nos fia. Testv\u00e9rei: N. Gizella dr. K\u00e1lnoki Bed\u0151 S\u00e1ndorn\u00e9; N. Matild Bozzay Rezs\u0151n\u00e9. Gyermekeik: N. J\u00e1nos, S\u00e1ndor, Ella, Gy\u00f6rgy. \u2013 Mv.-en \u00fcgyv\u00e9d, dr. Irod.: Gy\u00e1szjelent\u0151<\/p>\n","protected":false},"featured_media":0,"comment_status":"open","ping_status":"closed","template":"","meta":[],"product_brand":[],"product_cat":[137],"product_tag":[],"class_list":{"0":"post-16488","1":"product","2":"type-product","3":"status-publish","5":"product_cat-maros-megyei-eletrajzi-lexikon","7":"first","8":"instock","9":"shipping-taxable","10":"product-type-simple"},"_links":{"self":[{"href":"https:\/\/uj.adatbank.ro\/lexikon\/wp-json\/wp\/v2\/product\/16488","targetHints":{"allow":["GET"]}}],"collection":[{"href":"https:\/\/uj.adatbank.ro\/lexikon\/wp-json\/wp\/v2\/product"}],"about":[{"href":"https:\/\/uj.adatbank.ro\/lexikon\/wp-json\/wp\/v2\/types\/product"}],"replies":[{"embeddable":true,"href":"https:\/\/uj.adatbank.ro\/lexikon\/wp-json\/wp\/v2\/comments?post=16488"}],"wp:attachment":[{"href":"https:\/\/uj.adatbank.ro\/lexikon\/wp-json\/wp\/v2\/media?parent=16488"}],"wp:term":[{"taxonomy":"product_brand","embeddable":true,"href":"https:\/\/uj.adatbank.ro\/lexikon\/wp-json\/wp\/v2\/product_brand?post=16488"},{"taxonomy":"product_cat","embeddable":true,"href":"https:\/\/uj.adatbank.ro\/lexikon\/wp-json\/wp\/v2\/product_cat?post=16488"},{"taxonomy":"product_tag","embeddable":true,"href":"https:\/\/uj.adatbank.ro\/lexikon\/wp-json\/wp\/v2\/product_tag?post=16488"}],"curies":[{"name":"wp","href":"https:\/\/api.w.org\/{rel}","templated":true}]}}