{"id":1649,"date":"2025-06-28T11:48:49","date_gmt":"2025-06-28T09:48:49","guid":{"rendered":"https:\/\/uj.adatbank.ro\/lexikon\/termek\/agoston-vilmos\/"},"modified":"2025-06-28T11:48:49","modified_gmt":"2025-06-28T09:48:49","slug":"agoston-vilmos","status":"publish","type":"product","link":"https:\/\/uj.adatbank.ro\/lexikon\/termek\/agoston-vilmos\/","title":{"rendered":"\u00c1GOSTON Vilmos"},"content":{"rendered":"<p>Mv.,1947. j\u00fal. 8.,\u2020\u00a0San Antonio (Texas), : \u00edr\u00f3, \u00fajs\u00e1g\u00edr\u00f3, kritikus. \u2013 Feles\u00e9ge: \u00c1goston Gabriella.(1971).le\u00e1nyuk: Ildik\u00f3. \u2013 Mv.-en tanult \u00e9s \u00e9retts\u00e9gizett (1965).T\u00f6bbf\u00e9le munk\u00e1t kipr\u00f3b\u00e1lt: volt b\u00fatorgy\u00e1ri seg\u00e9dmunk\u00e1s, csill\u00e9s Bal\u00e1nb\u00e1ny\u00e1n, \u00e9p\u00edt\u0151telepi munk\u00e1s Kv.-on. Angol-magyar szakos hallgat\u00f3 a Babe\u0219-Bolyai TE-en tan\u00e1ri k\u00e9pes\u00edt\u00e9st kapott (1972). Angol nyelvet \u00e9s vil\u00e1girodalmat tan\u00edtott Cs\u00edkszered\u00e1ban (1972\u201378), Mv.-en a RTV-st\u00fadi\u00f3 riportere (1978\u201384), r\u00e1gcs\u00e1l\u00f3 \u00e9s f\u00e9reg\u00edrt\u00f3 Ny\u00e1r\u00e1dszered\u00e1ban (1985). \u00c1ttelep\u00fclt Bp.-re (1986\u201391) Szabadfogl\u00e1lkoz\u00e1s\u00fa \u00fajs\u00e1g\u00edr\u00f3, irodalomkritikus. A Rom\u00e1n \u00cdr\u00f3sz\u00f6vets\u00e9g d\u00edjazottja (1978). \u201eTollforgat\u00f3, eszt\u00e9ta, b\u00f6lcsel\u0151, vil\u00e1gv\u00e1ndor\u201d. A mv.-i M\u0171hely (MAM\u0170), az avantg\u00e1rd csoport egyik alap\u00edt\u00f3ja. M\u0171vei: Humanizmus ett\u0151l-eddig? (tanulm\u00e1nyok,1977), Lass\u00fa v\u00edrus (reg\u00e9ny,Buk.,1981); H\u00fazd a himnuszt, ne k\u00e1romkodj (kisreg\u00e9ny, 1989); H\u00fazd a himnuszt, ne \u00e1romkodj. (kisreg\u00e9ny, 1989); A konvenci\u00f3 vend\u00e9gei (r\u00e1di\u00f3j\u00e1t\u00e9k, 1995); Godvi \u00e9s Galanter (reg\u00e9ny, Bp.1998). <br \/><strong>Irod.:<\/strong> Barab\u00e1s O.; EMKK; Kort\u00e1rs M\u00cdKL; Sebesty\u00e9n Mih\u00e1ly: \u00c1goston Vilmos 1947\u20132022; Nagy Mikl\u00f3s Kund: 87\u00dajra b\u00facs\u00faznunk kell (N\u00fa., 2022. jan. 5.)<\/br><\/p>\n","protected":false},"excerpt":{"rendered":"<p>Mv.,1947. j\u00fal. 8.,\u2020\u00a0San Antonio (Texas), : \u00edr\u00f3, \u00fajs\u00e1g\u00edr\u00f3, kritikus. \u2013 Feles\u00e9ge: \u00c1goston Gabriella.(1971).le\u00e1nyuk: Ildik\u00f3. \u2013 Mv.-en tanult \u00e9s \u00e9retts\u00e9gizett (1965).T\u00f6bbf\u00e9le munk\u00e1t kipr\u00f3b\u00e1lt: volt b\u00fatorgy\u00e1ri seg\u00e9dmunk\u00e1s, csill\u00e9s Bal\u00e1nb\u00e1ny\u00e1n, \u00e9p\u00edt\u0151telepi munk\u00e1s Kv.-on. Angol-magyar szakos hallgat\u00f3 a Babe\u0219-Bolyai TE-en tan\u00e1ri k\u00e9pes\u00edt\u00e9st kapott (1972). Angol nyelvet \u00e9s vil\u00e1girodalmat tan\u00edtott Cs\u00edkszered\u00e1ban (1972\u201378), Mv.-en a RTV-st\u00fadi\u00f3 riportere (1978\u201384), r\u00e1gcs\u00e1l\u00f3 \u00e9s f\u00e9reg\u00edrt\u00f3 [&hellip;]<\/p>\n","protected":false},"featured_media":0,"comment_status":"open","ping_status":"closed","template":"","meta":[],"product_brand":[],"product_cat":[137],"product_tag":[],"class_list":{"0":"post-1649","1":"product","2":"type-product","3":"status-publish","5":"product_cat-maros-megyei-eletrajzi-lexikon","7":"first","8":"instock","9":"shipping-taxable","10":"product-type-simple"},"_links":{"self":[{"href":"https:\/\/uj.adatbank.ro\/lexikon\/wp-json\/wp\/v2\/product\/1649","targetHints":{"allow":["GET"]}}],"collection":[{"href":"https:\/\/uj.adatbank.ro\/lexikon\/wp-json\/wp\/v2\/product"}],"about":[{"href":"https:\/\/uj.adatbank.ro\/lexikon\/wp-json\/wp\/v2\/types\/product"}],"replies":[{"embeddable":true,"href":"https:\/\/uj.adatbank.ro\/lexikon\/wp-json\/wp\/v2\/comments?post=1649"}],"wp:attachment":[{"href":"https:\/\/uj.adatbank.ro\/lexikon\/wp-json\/wp\/v2\/media?parent=1649"}],"wp:term":[{"taxonomy":"product_brand","embeddable":true,"href":"https:\/\/uj.adatbank.ro\/lexikon\/wp-json\/wp\/v2\/product_brand?post=1649"},{"taxonomy":"product_cat","embeddable":true,"href":"https:\/\/uj.adatbank.ro\/lexikon\/wp-json\/wp\/v2\/product_cat?post=1649"},{"taxonomy":"product_tag","embeddable":true,"href":"https:\/\/uj.adatbank.ro\/lexikon\/wp-json\/wp\/v2\/product_tag?post=1649"}],"curies":[{"name":"wp","href":"https:\/\/api.w.org\/{rel}","templated":true}]}}