{"id":16490,"date":"2025-07-15T16:18:43","date_gmt":"2025-07-15T14:18:43","guid":{"rendered":"https:\/\/uj.adatbank.ro\/lexikon\/termek\/nagy-sandor-alexander\/"},"modified":"2025-07-15T16:18:43","modified_gmt":"2025-07-15T14:18:43","slug":"nagy-sandor-alexander","status":"publish","type":"product","link":"https:\/\/uj.adatbank.ro\/lexikon\/termek\/nagy-sandor-alexander\/","title":{"rendered":"NAGY S\u00e1ndor; Alexander"},"content":{"rendered":"<p>Maross\u00e1rpatak, ? \u2020 ? : lelk\u00e9sz. \u2013 Tanult Mv. (1795), Marburgban (1802 okt 24\u2013). Lelkip\u00e1sztor Nagyercs\u00e9n (1805\u201344) onnan vonult nyugd\u00edjba. <br \/><strong>Irod.:<\/strong> Berekm\u00e9ri\u2013G\u00e1lfi; Szab\u00f3-Sz\u00f6gi<\/br><\/p>\n","protected":false},"excerpt":{"rendered":"<p>Maross\u00e1rpatak, ? \u2020 ? : lelk\u00e9sz. \u2013 Tanult Mv. (1795), Marburgban (1802 okt 24\u2013). Lelkip\u00e1sztor Nagyercs\u00e9n (1805\u201344) onnan vonult nyugd\u00edjba. Irod.: Berekm\u00e9ri\u2013G\u00e1lfi; Szab\u00f3-Sz\u00f6gi<\/p>\n","protected":false},"featured_media":0,"comment_status":"open","ping_status":"closed","template":"","meta":[],"product_brand":[],"product_cat":[137],"product_tag":[],"class_list":{"0":"post-16490","1":"product","2":"type-product","3":"status-publish","5":"product_cat-maros-megyei-eletrajzi-lexikon","7":"first","8":"instock","9":"shipping-taxable","10":"product-type-simple"},"_links":{"self":[{"href":"https:\/\/uj.adatbank.ro\/lexikon\/wp-json\/wp\/v2\/product\/16490","targetHints":{"allow":["GET"]}}],"collection":[{"href":"https:\/\/uj.adatbank.ro\/lexikon\/wp-json\/wp\/v2\/product"}],"about":[{"href":"https:\/\/uj.adatbank.ro\/lexikon\/wp-json\/wp\/v2\/types\/product"}],"replies":[{"embeddable":true,"href":"https:\/\/uj.adatbank.ro\/lexikon\/wp-json\/wp\/v2\/comments?post=16490"}],"wp:attachment":[{"href":"https:\/\/uj.adatbank.ro\/lexikon\/wp-json\/wp\/v2\/media?parent=16490"}],"wp:term":[{"taxonomy":"product_brand","embeddable":true,"href":"https:\/\/uj.adatbank.ro\/lexikon\/wp-json\/wp\/v2\/product_brand?post=16490"},{"taxonomy":"product_cat","embeddable":true,"href":"https:\/\/uj.adatbank.ro\/lexikon\/wp-json\/wp\/v2\/product_cat?post=16490"},{"taxonomy":"product_tag","embeddable":true,"href":"https:\/\/uj.adatbank.ro\/lexikon\/wp-json\/wp\/v2\/product_tag?post=16490"}],"curies":[{"name":"wp","href":"https:\/\/api.w.org\/{rel}","templated":true}]}}