{"id":16492,"date":"2025-07-15T16:18:51","date_gmt":"2025-07-15T14:18:51","guid":{"rendered":"https:\/\/uj.adatbank.ro\/lexikon\/termek\/nagy-sarolta\/"},"modified":"2025-07-15T16:18:51","modified_gmt":"2025-07-15T14:18:51","slug":"nagy-sarolta","status":"publish","type":"product","link":"https:\/\/uj.adatbank.ro\/lexikon\/termek\/nagy-sarolta\/","title":{"rendered":"NAGY Sarolta"},"content":{"rendered":"<p>? \u2020 ?:mv.-i ki\u00e1ll\u00edt\u00f3 a Ref. Le\u00e1nyiskola r\u00e9sz\u00e9r\u0151l. <br \/><strong>Irod.:<\/strong>Gell\u00e9ri M\u00f3r : Orsz\u00e1gos N\u0151ipar-ki\u00e1ll\u00edt\u00e1s (Bp., 1881)<\/br><\/p>\n","protected":false},"excerpt":{"rendered":"<p>? \u2020 ?:mv.-i ki\u00e1ll\u00edt\u00f3 a Ref. Le\u00e1nyiskola r\u00e9sz\u00e9r\u0151l. Irod.:Gell\u00e9ri M\u00f3r : Orsz\u00e1gos N\u0151ipar-ki\u00e1ll\u00edt\u00e1s (Bp., 1881)<\/p>\n","protected":false},"featured_media":0,"comment_status":"open","ping_status":"closed","template":"","meta":[],"product_brand":[],"product_cat":[137],"product_tag":[],"class_list":{"0":"post-16492","1":"product","2":"type-product","3":"status-publish","5":"product_cat-maros-megyei-eletrajzi-lexikon","7":"first","8":"instock","9":"shipping-taxable","10":"product-type-simple"},"_links":{"self":[{"href":"https:\/\/uj.adatbank.ro\/lexikon\/wp-json\/wp\/v2\/product\/16492","targetHints":{"allow":["GET"]}}],"collection":[{"href":"https:\/\/uj.adatbank.ro\/lexikon\/wp-json\/wp\/v2\/product"}],"about":[{"href":"https:\/\/uj.adatbank.ro\/lexikon\/wp-json\/wp\/v2\/types\/product"}],"replies":[{"embeddable":true,"href":"https:\/\/uj.adatbank.ro\/lexikon\/wp-json\/wp\/v2\/comments?post=16492"}],"wp:attachment":[{"href":"https:\/\/uj.adatbank.ro\/lexikon\/wp-json\/wp\/v2\/media?parent=16492"}],"wp:term":[{"taxonomy":"product_brand","embeddable":true,"href":"https:\/\/uj.adatbank.ro\/lexikon\/wp-json\/wp\/v2\/product_brand?post=16492"},{"taxonomy":"product_cat","embeddable":true,"href":"https:\/\/uj.adatbank.ro\/lexikon\/wp-json\/wp\/v2\/product_cat?post=16492"},{"taxonomy":"product_tag","embeddable":true,"href":"https:\/\/uj.adatbank.ro\/lexikon\/wp-json\/wp\/v2\/product_tag?post=16492"}],"curies":[{"name":"wp","href":"https:\/\/api.w.org\/{rel}","templated":true}]}}