{"id":16496,"date":"2025-07-15T16:19:06","date_gmt":"2025-07-15T14:19:06","guid":{"rendered":"https:\/\/uj.adatbank.ro\/lexikon\/termek\/nagy-simon-vadadi\/"},"modified":"2025-07-15T16:19:06","modified_gmt":"2025-07-15T14:19:06","slug":"nagy-simon-vadadi","status":"publish","type":"product","link":"https:\/\/uj.adatbank.ro\/lexikon\/termek\/nagy-simon-vadadi\/","title":{"rendered":"NAGY Simon, vadadi"},"content":{"rendered":"<p>? \u2020 ?: unit. \u2013 A vadadi unit.-ok k\u00e1poln\u00e1j\u00e1nak \u00e9p\u00edt\u00e9s\u00e9t szorgalmazta (1684) <br \/><strong>Irod.:<\/strong> L\u00e9sty\u00e1n \u2013 templomok 1.<\/br><\/p>\n","protected":false},"excerpt":{"rendered":"<p>? \u2020 ?: unit. \u2013 A vadadi unit.-ok k\u00e1poln\u00e1j\u00e1nak \u00e9p\u00edt\u00e9s\u00e9t szorgalmazta (1684) Irod.: L\u00e9sty\u00e1n \u2013 templomok 1.<\/p>\n","protected":false},"featured_media":0,"comment_status":"open","ping_status":"closed","template":"","meta":[],"product_brand":[],"product_cat":[137],"product_tag":[],"class_list":{"0":"post-16496","1":"product","2":"type-product","3":"status-publish","5":"product_cat-maros-megyei-eletrajzi-lexikon","7":"first","8":"instock","9":"shipping-taxable","10":"product-type-simple"},"_links":{"self":[{"href":"https:\/\/uj.adatbank.ro\/lexikon\/wp-json\/wp\/v2\/product\/16496","targetHints":{"allow":["GET"]}}],"collection":[{"href":"https:\/\/uj.adatbank.ro\/lexikon\/wp-json\/wp\/v2\/product"}],"about":[{"href":"https:\/\/uj.adatbank.ro\/lexikon\/wp-json\/wp\/v2\/types\/product"}],"replies":[{"embeddable":true,"href":"https:\/\/uj.adatbank.ro\/lexikon\/wp-json\/wp\/v2\/comments?post=16496"}],"wp:attachment":[{"href":"https:\/\/uj.adatbank.ro\/lexikon\/wp-json\/wp\/v2\/media?parent=16496"}],"wp:term":[{"taxonomy":"product_brand","embeddable":true,"href":"https:\/\/uj.adatbank.ro\/lexikon\/wp-json\/wp\/v2\/product_brand?post=16496"},{"taxonomy":"product_cat","embeddable":true,"href":"https:\/\/uj.adatbank.ro\/lexikon\/wp-json\/wp\/v2\/product_cat?post=16496"},{"taxonomy":"product_tag","embeddable":true,"href":"https:\/\/uj.adatbank.ro\/lexikon\/wp-json\/wp\/v2\/product_tag?post=16496"}],"curies":[{"name":"wp","href":"https:\/\/api.w.org\/{rel}","templated":true}]}}