{"id":16497,"date":"2025-07-15T16:19:10","date_gmt":"2025-07-15T14:19:10","guid":{"rendered":"https:\/\/uj.adatbank.ro\/lexikon\/termek\/nagy-simon-vadadi-2\/"},"modified":"2025-07-15T16:19:10","modified_gmt":"2025-07-15T14:19:10","slug":"nagy-simon-vadadi-2","status":"publish","type":"product","link":"https:\/\/uj.adatbank.ro\/lexikon\/termek\/nagy-simon-vadadi-2\/","title":{"rendered":"NAGY Simon, vadadi"},"content":{"rendered":"<p>? \u2020 ?: Maros-sz\u00e9k \u00e1lland\u00f3 t\u00e1bl\u00e1j\u00e1nak vicenot\u00e1riusa (1763). <br \/><strong>Irod.:<\/strong> P\u00e1l-Antal; P\u00e1l-Antal 2002<\/br><\/p>\n","protected":false},"excerpt":{"rendered":"<p>? \u2020 ?: Maros-sz\u00e9k \u00e1lland\u00f3 t\u00e1bl\u00e1j\u00e1nak vicenot\u00e1riusa (1763). Irod.: P\u00e1l-Antal; P\u00e1l-Antal 2002<\/p>\n","protected":false},"featured_media":0,"comment_status":"open","ping_status":"closed","template":"","meta":[],"product_brand":[],"product_cat":[137],"product_tag":[],"class_list":{"0":"post-16497","1":"product","2":"type-product","3":"status-publish","5":"product_cat-maros-megyei-eletrajzi-lexikon","7":"first","8":"instock","9":"shipping-taxable","10":"product-type-simple"},"_links":{"self":[{"href":"https:\/\/uj.adatbank.ro\/lexikon\/wp-json\/wp\/v2\/product\/16497","targetHints":{"allow":["GET"]}}],"collection":[{"href":"https:\/\/uj.adatbank.ro\/lexikon\/wp-json\/wp\/v2\/product"}],"about":[{"href":"https:\/\/uj.adatbank.ro\/lexikon\/wp-json\/wp\/v2\/types\/product"}],"replies":[{"embeddable":true,"href":"https:\/\/uj.adatbank.ro\/lexikon\/wp-json\/wp\/v2\/comments?post=16497"}],"wp:attachment":[{"href":"https:\/\/uj.adatbank.ro\/lexikon\/wp-json\/wp\/v2\/media?parent=16497"}],"wp:term":[{"taxonomy":"product_brand","embeddable":true,"href":"https:\/\/uj.adatbank.ro\/lexikon\/wp-json\/wp\/v2\/product_brand?post=16497"},{"taxonomy":"product_cat","embeddable":true,"href":"https:\/\/uj.adatbank.ro\/lexikon\/wp-json\/wp\/v2\/product_cat?post=16497"},{"taxonomy":"product_tag","embeddable":true,"href":"https:\/\/uj.adatbank.ro\/lexikon\/wp-json\/wp\/v2\/product_tag?post=16497"}],"curies":[{"name":"wp","href":"https:\/\/api.w.org\/{rel}","templated":true}]}}