{"id":16498,"date":"2025-07-15T16:19:12","date_gmt":"2025-07-15T14:19:12","guid":{"rendered":"https:\/\/uj.adatbank.ro\/lexikon\/termek\/nagy-stefan-nagy-istvan\/"},"modified":"2025-07-15T16:19:12","modified_gmt":"2025-07-15T14:19:12","slug":"nagy-stefan-nagy-istvan","status":"publish","type":"product","link":"https:\/\/uj.adatbank.ro\/lexikon\/termek\/nagy-stefan-nagy-istvan\/","title":{"rendered":"NAGY \u015etefan, Nagy Istv\u00e1n"},"content":{"rendered":"<p>Mez\u0151cs\u00e1v\u00e1s, 1929. okt. 13., \u2020 Mv., 2003.: \u0151rnagy. \u2013 A sz\u00e1szr\u00e9geni Securitate-n hadnagy (1953), f\u0151hadnagy (1956), sz\u00e1zados (1962\u2013), \u0151rnagy (1974). Maros Tartom\u00e1ny Securitate-n (1951\u201352), MAT \/ MMAT Securitate-n (1952\u201368), a Maros megyei Securitate illetve a Bel\u00fcgyminiszt\u00e9rium Maros megyei Fel\u00fcgyel\u0151s\u00e9g\u00e9n dolgozott (1968\u201380). <br \/><strong>Irod.:<\/strong> Bartos 2012<\/br><\/p>\n","protected":false},"excerpt":{"rendered":"<p>Mez\u0151cs\u00e1v\u00e1s, 1929. okt. 13., \u2020 Mv., 2003.: \u0151rnagy. \u2013 A sz\u00e1szr\u00e9geni Securitate-n hadnagy (1953), f\u0151hadnagy (1956), sz\u00e1zados (1962\u2013), \u0151rnagy (1974). Maros Tartom\u00e1ny Securitate-n (1951\u201352), MAT \/ MMAT Securitate-n (1952\u201368), a Maros megyei Securitate illetve a Bel\u00fcgyminiszt\u00e9rium Maros megyei Fel\u00fcgyel\u0151s\u00e9g\u00e9n dolgozott (1968\u201380). Irod.: Bartos 2012<\/p>\n","protected":false},"featured_media":0,"comment_status":"open","ping_status":"closed","template":"","meta":[],"product_brand":[],"product_cat":[137],"product_tag":[],"class_list":{"0":"post-16498","1":"product","2":"type-product","3":"status-publish","5":"product_cat-maros-megyei-eletrajzi-lexikon","7":"first","8":"instock","9":"shipping-taxable","10":"product-type-simple"},"_links":{"self":[{"href":"https:\/\/uj.adatbank.ro\/lexikon\/wp-json\/wp\/v2\/product\/16498","targetHints":{"allow":["GET"]}}],"collection":[{"href":"https:\/\/uj.adatbank.ro\/lexikon\/wp-json\/wp\/v2\/product"}],"about":[{"href":"https:\/\/uj.adatbank.ro\/lexikon\/wp-json\/wp\/v2\/types\/product"}],"replies":[{"embeddable":true,"href":"https:\/\/uj.adatbank.ro\/lexikon\/wp-json\/wp\/v2\/comments?post=16498"}],"wp:attachment":[{"href":"https:\/\/uj.adatbank.ro\/lexikon\/wp-json\/wp\/v2\/media?parent=16498"}],"wp:term":[{"taxonomy":"product_brand","embeddable":true,"href":"https:\/\/uj.adatbank.ro\/lexikon\/wp-json\/wp\/v2\/product_brand?post=16498"},{"taxonomy":"product_cat","embeddable":true,"href":"https:\/\/uj.adatbank.ro\/lexikon\/wp-json\/wp\/v2\/product_cat?post=16498"},{"taxonomy":"product_tag","embeddable":true,"href":"https:\/\/uj.adatbank.ro\/lexikon\/wp-json\/wp\/v2\/product_tag?post=16498"}],"curies":[{"name":"wp","href":"https:\/\/api.w.org\/{rel}","templated":true}]}}