{"id":1650,"date":"2025-06-28T11:48:50","date_gmt":"2025-06-28T09:48:50","guid":{"rendered":"https:\/\/uj.adatbank.ro\/lexikon\/termek\/agota-imre\/"},"modified":"2025-06-28T11:48:50","modified_gmt":"2025-06-28T09:48:50","slug":"agota-imre","status":"publish","type":"product","link":"https:\/\/uj.adatbank.ro\/lexikon\/termek\/agota-imre\/","title":{"rendered":"\u00c1GOTA Imre"},"content":{"rendered":"<p>? \u2020\u00a01804. okt. 4.: r.. k. pap. \u2013 Szolg\u00e1lati helyei: Gyergy\u00f3szentmikl\u00f3s (1796), k\u00e1pl\u00e1n Sz\u00e9kelyudvarhelyen, Mez\u0151szengyelen pl\u00e9b\u00e1nos (1800). <br \/><strong>Irod.:<\/strong> Ferenczi S\u00e1ndor 2009<\/br><\/p>\n","protected":false},"excerpt":{"rendered":"<p>? \u2020\u00a01804. okt. 4.: r.. k. pap. \u2013 Szolg\u00e1lati helyei: Gyergy\u00f3szentmikl\u00f3s (1796), k\u00e1pl\u00e1n Sz\u00e9kelyudvarhelyen, Mez\u0151szengyelen pl\u00e9b\u00e1nos (1800). Irod.: Ferenczi S\u00e1ndor 2009<\/p>\n","protected":false},"featured_media":0,"comment_status":"open","ping_status":"closed","template":"","meta":[],"product_brand":[],"product_cat":[137],"product_tag":[],"class_list":{"0":"post-1650","1":"product","2":"type-product","3":"status-publish","5":"product_cat-maros-megyei-eletrajzi-lexikon","7":"first","8":"instock","9":"shipping-taxable","10":"product-type-simple"},"_links":{"self":[{"href":"https:\/\/uj.adatbank.ro\/lexikon\/wp-json\/wp\/v2\/product\/1650","targetHints":{"allow":["GET"]}}],"collection":[{"href":"https:\/\/uj.adatbank.ro\/lexikon\/wp-json\/wp\/v2\/product"}],"about":[{"href":"https:\/\/uj.adatbank.ro\/lexikon\/wp-json\/wp\/v2\/types\/product"}],"replies":[{"embeddable":true,"href":"https:\/\/uj.adatbank.ro\/lexikon\/wp-json\/wp\/v2\/comments?post=1650"}],"wp:attachment":[{"href":"https:\/\/uj.adatbank.ro\/lexikon\/wp-json\/wp\/v2\/media?parent=1650"}],"wp:term":[{"taxonomy":"product_brand","embeddable":true,"href":"https:\/\/uj.adatbank.ro\/lexikon\/wp-json\/wp\/v2\/product_brand?post=1650"},{"taxonomy":"product_cat","embeddable":true,"href":"https:\/\/uj.adatbank.ro\/lexikon\/wp-json\/wp\/v2\/product_cat?post=1650"},{"taxonomy":"product_tag","embeddable":true,"href":"https:\/\/uj.adatbank.ro\/lexikon\/wp-json\/wp\/v2\/product_tag?post=1650"}],"curies":[{"name":"wp","href":"https:\/\/api.w.org\/{rel}","templated":true}]}}