{"id":16501,"date":"2025-07-15T16:19:21","date_gmt":"2025-07-15T14:19:21","guid":{"rendered":"https:\/\/uj.adatbank.ro\/lexikon\/termek\/nagy-szabo-ferenc-marosvasarhelyi-2\/"},"modified":"2025-07-15T16:19:21","modified_gmt":"2025-07-15T14:19:21","slug":"nagy-szabo-ferenc-marosvasarhelyi-2","status":"publish","type":"product","link":"https:\/\/uj.adatbank.ro\/lexikon\/termek\/nagy-szabo-ferenc-marosvasarhelyi-2\/","title":{"rendered":"NAGY SZAB\u00d3 Ferenc, marosv\u00e1s\u00e1rhelyi"},"content":{"rendered":"<p>? \u2020 ?: mv.-i polg\u00e1r. \u2013 II. R\u00e1k\u00f3czi Ferenc mv.-i tart\u00f3zkod\u00e1sakor N, Sz. F. polg\u00e1r h\u00e1z\u00e1ban volt megsz\u00e1llva (1707. m\u00e1rc. 28-\u00e1pr. \u2013 21). <br \/><strong>Irod.:<\/strong> Kr\u00f3n. F\u00fcz. (1937. 2\/5)<\/br><\/p>\n","protected":false},"excerpt":{"rendered":"<p>? \u2020 ?: mv.-i polg\u00e1r. \u2013 II. R\u00e1k\u00f3czi Ferenc mv.-i tart\u00f3zkod\u00e1sakor N, Sz. F. polg\u00e1r h\u00e1z\u00e1ban volt megsz\u00e1llva (1707. m\u00e1rc. 28-\u00e1pr. \u2013 21). Irod.: Kr\u00f3n. F\u00fcz. (1937. 2\/5)<\/p>\n","protected":false},"featured_media":0,"comment_status":"open","ping_status":"closed","template":"","meta":[],"product_brand":[],"product_cat":[137],"product_tag":[],"class_list":{"0":"post-16501","1":"product","2":"type-product","3":"status-publish","5":"product_cat-maros-megyei-eletrajzi-lexikon","7":"first","8":"instock","9":"shipping-taxable","10":"product-type-simple"},"_links":{"self":[{"href":"https:\/\/uj.adatbank.ro\/lexikon\/wp-json\/wp\/v2\/product\/16501","targetHints":{"allow":["GET"]}}],"collection":[{"href":"https:\/\/uj.adatbank.ro\/lexikon\/wp-json\/wp\/v2\/product"}],"about":[{"href":"https:\/\/uj.adatbank.ro\/lexikon\/wp-json\/wp\/v2\/types\/product"}],"replies":[{"embeddable":true,"href":"https:\/\/uj.adatbank.ro\/lexikon\/wp-json\/wp\/v2\/comments?post=16501"}],"wp:attachment":[{"href":"https:\/\/uj.adatbank.ro\/lexikon\/wp-json\/wp\/v2\/media?parent=16501"}],"wp:term":[{"taxonomy":"product_brand","embeddable":true,"href":"https:\/\/uj.adatbank.ro\/lexikon\/wp-json\/wp\/v2\/product_brand?post=16501"},{"taxonomy":"product_cat","embeddable":true,"href":"https:\/\/uj.adatbank.ro\/lexikon\/wp-json\/wp\/v2\/product_cat?post=16501"},{"taxonomy":"product_tag","embeddable":true,"href":"https:\/\/uj.adatbank.ro\/lexikon\/wp-json\/wp\/v2\/product_tag?post=16501"}],"curies":[{"name":"wp","href":"https:\/\/api.w.org\/{rel}","templated":true}]}}