{"id":16502,"date":"2025-07-15T16:19:25","date_gmt":"2025-07-15T14:19:25","guid":{"rendered":"https:\/\/uj.adatbank.ro\/lexikon\/termek\/nagy-szabo-imre-ferenc-nagy-alis-szabo\/"},"modified":"2025-07-15T16:19:25","modified_gmt":"2025-07-15T14:19:25","slug":"nagy-szabo-imre-ferenc-nagy-alis-szabo","status":"publish","type":"product","link":"https:\/\/uj.adatbank.ro\/lexikon\/termek\/nagy-szabo-imre-ferenc-nagy-alis-szabo\/","title":{"rendered":"NAGY SZAB\u00d3 Imre Ferenc; Nagy alis Szab\u00f3"},"content":{"rendered":"<p>? \u2020 ?: jegyz\u0151, orator. \u2013 Mv.-en jegyz\u0151 (1746), majd a v\u00e1rosi oratori sz\u00e9ket kapta meg (1748), azut\u00e1n ism\u00e9t jegyz\u0151 (1750). <br \/><strong>Irod.:<\/strong> Id\u0151t\u00e1r 1; P\u00e1l-Antal 2006<\/br><\/p>\n","protected":false},"excerpt":{"rendered":"<p>? \u2020 ?: jegyz\u0151, orator. \u2013 Mv.-en jegyz\u0151 (1746), majd a v\u00e1rosi oratori sz\u00e9ket kapta meg (1748), azut\u00e1n ism\u00e9t jegyz\u0151 (1750). Irod.: Id\u0151t\u00e1r 1; P\u00e1l-Antal 2006<\/p>\n","protected":false},"featured_media":0,"comment_status":"open","ping_status":"closed","template":"","meta":[],"product_brand":[],"product_cat":[137],"product_tag":[],"class_list":{"0":"post-16502","1":"product","2":"type-product","3":"status-publish","5":"product_cat-maros-megyei-eletrajzi-lexikon","7":"first","8":"instock","9":"shipping-taxable","10":"product-type-simple"},"_links":{"self":[{"href":"https:\/\/uj.adatbank.ro\/lexikon\/wp-json\/wp\/v2\/product\/16502","targetHints":{"allow":["GET"]}}],"collection":[{"href":"https:\/\/uj.adatbank.ro\/lexikon\/wp-json\/wp\/v2\/product"}],"about":[{"href":"https:\/\/uj.adatbank.ro\/lexikon\/wp-json\/wp\/v2\/types\/product"}],"replies":[{"embeddable":true,"href":"https:\/\/uj.adatbank.ro\/lexikon\/wp-json\/wp\/v2\/comments?post=16502"}],"wp:attachment":[{"href":"https:\/\/uj.adatbank.ro\/lexikon\/wp-json\/wp\/v2\/media?parent=16502"}],"wp:term":[{"taxonomy":"product_brand","embeddable":true,"href":"https:\/\/uj.adatbank.ro\/lexikon\/wp-json\/wp\/v2\/product_brand?post=16502"},{"taxonomy":"product_cat","embeddable":true,"href":"https:\/\/uj.adatbank.ro\/lexikon\/wp-json\/wp\/v2\/product_cat?post=16502"},{"taxonomy":"product_tag","embeddable":true,"href":"https:\/\/uj.adatbank.ro\/lexikon\/wp-json\/wp\/v2\/product_tag?post=16502"}],"curies":[{"name":"wp","href":"https:\/\/api.w.org\/{rel}","templated":true}]}}