{"id":16507,"date":"2025-07-15T16:19:40","date_gmt":"2025-07-15T14:19:40","guid":{"rendered":"https:\/\/uj.adatbank.ro\/lexikon\/termek\/nagy-szabo-peter-alias-kozepso-kopeczi-alias-nagy-kozepso-szabo-peter-peter-szabo-majoris-sartor-nagyobb-szabo-peter\/"},"modified":"2025-07-15T16:19:40","modified_gmt":"2025-07-15T14:19:40","slug":"nagy-szabo-peter-alias-kozepso-kopeczi-alias-nagy-kozepso-szabo-peter-peter-szabo-majoris-sartor-nagyobb-szabo-peter","status":"publish","type":"product","link":"https:\/\/uj.adatbank.ro\/lexikon\/termek\/nagy-szabo-peter-alias-kozepso-kopeczi-alias-nagy-kozepso-szabo-peter-peter-szabo-majoris-sartor-nagyobb-szabo-peter\/","title":{"rendered":"NAGY SZAB\u00d3 P\u00e9ter; alias K\u00f6z\u00e9ps\u0151 \/ K\u00f6peczi; alias Nagy (K\u00f6z\u00e9ps\u0151) Szab\u00f3 P\u00e9ter, Peter Szabo Majoris, Sartor, Nagyobb Szab\u00f3 P\u00e9ter"},"content":{"rendered":"<p>? \u2020 Mv., 1648. m\u00e1j. 6 : f\u0151b\u00edr\u00f3. \u2013 Mv. f\u0151b\u00edr\u00e1ja (1627, 1630, 1634, 1636, 1638, 1641, 1643, 1645, 1646). Mv. f\u0151b\u00edr\u00e1jak\u00e9nt a tan\u00e1ccsal egy\u00fctt, a v\u00e1rosi kov\u00e1cs mesterek k\u00e9r\u00e9s\u00e9re megengedte a kov\u00e1cs-c\u00e9h l\u00e9trehoz\u00e1s\u00e1t (1641), amit R\u00e1k\u00f3czi Gy\u00f6rgy meger\u0151s\u00edtett (1643). V\u00e9grendelet\u00e9ben a mv.-i templom \u00e9p\u00edt\u00e9s\u00e9re adott 50 tal\u00e9rt, Schola Particul\u00e1ra 200 forintot hagyott (1646), majd \u00fajabb 100 forintot, az ispot\u00e1lynak forg\u00f3t\u0151kek\u00e9nt hagyott 50 forintot (1648). <br \/><strong>Irod.:<\/strong> Id\u0151t\u00e1r 1; Marossz\u00e9ki kr\u00f3nik\u00e1k 1, P\u00e1l-Antal 2006; R\u00fcsz-Fogarasi Enik\u0151: A mv.-i N. Sz. P. v\u00e9grendelete = Eml\u00e9kk. Szab\u00f3 Mikl\u00f3s; Szentgy\u00f6rgyi<\/br><\/p>\n","protected":false},"excerpt":{"rendered":"<p>? \u2020 Mv., 1648. m\u00e1j. 6 : f\u0151b\u00edr\u00f3. \u2013 Mv. f\u0151b\u00edr\u00e1ja (1627, 1630, 1634, 1636, 1638, 1641, 1643, 1645, 1646). Mv. f\u0151b\u00edr\u00e1jak\u00e9nt a tan\u00e1ccsal egy\u00fctt, a v\u00e1rosi kov\u00e1cs mesterek k\u00e9r\u00e9s\u00e9re megengedte a kov\u00e1cs-c\u00e9h l\u00e9trehoz\u00e1s\u00e1t (1641), amit R\u00e1k\u00f3czi Gy\u00f6rgy meger\u0151s\u00edtett (1643). V\u00e9grendelet\u00e9ben a mv.-i templom \u00e9p\u00edt\u00e9s\u00e9re adott 50 tal\u00e9rt, Schola Particul\u00e1ra 200 forintot hagyott (1646), majd [&hellip;]<\/p>\n","protected":false},"featured_media":0,"comment_status":"open","ping_status":"closed","template":"","meta":[],"product_brand":[],"product_cat":[137],"product_tag":[],"class_list":{"0":"post-16507","1":"product","2":"type-product","3":"status-publish","5":"product_cat-maros-megyei-eletrajzi-lexikon","7":"first","8":"instock","9":"shipping-taxable","10":"product-type-simple"},"_links":{"self":[{"href":"https:\/\/uj.adatbank.ro\/lexikon\/wp-json\/wp\/v2\/product\/16507","targetHints":{"allow":["GET"]}}],"collection":[{"href":"https:\/\/uj.adatbank.ro\/lexikon\/wp-json\/wp\/v2\/product"}],"about":[{"href":"https:\/\/uj.adatbank.ro\/lexikon\/wp-json\/wp\/v2\/types\/product"}],"replies":[{"embeddable":true,"href":"https:\/\/uj.adatbank.ro\/lexikon\/wp-json\/wp\/v2\/comments?post=16507"}],"wp:attachment":[{"href":"https:\/\/uj.adatbank.ro\/lexikon\/wp-json\/wp\/v2\/media?parent=16507"}],"wp:term":[{"taxonomy":"product_brand","embeddable":true,"href":"https:\/\/uj.adatbank.ro\/lexikon\/wp-json\/wp\/v2\/product_brand?post=16507"},{"taxonomy":"product_cat","embeddable":true,"href":"https:\/\/uj.adatbank.ro\/lexikon\/wp-json\/wp\/v2\/product_cat?post=16507"},{"taxonomy":"product_tag","embeddable":true,"href":"https:\/\/uj.adatbank.ro\/lexikon\/wp-json\/wp\/v2\/product_tag?post=16507"}],"curies":[{"name":"wp","href":"https:\/\/api.w.org\/{rel}","templated":true}]}}