{"id":1651,"date":"2025-06-28T11:48:52","date_gmt":"2025-06-28T09:48:52","guid":{"rendered":"https:\/\/uj.adatbank.ro\/lexikon\/termek\/agota-janos\/"},"modified":"2025-06-28T11:48:52","modified_gmt":"2025-06-28T09:48:52","slug":"agota-janos","status":"publish","type":"product","link":"https:\/\/uj.adatbank.ro\/lexikon\/termek\/agota-janos\/","title":{"rendered":"\u00c1GOTA J\u00e1nos"},"content":{"rendered":"<p>? \u2020\u00a01839. m\u00e1rc. 7.: r. k.. pap. \u2013 Kv.-on v\u0219gezte egyetemi tanulm\u021bnyait (1784). Szolg\u00e1lati helyei: tan\u00e1r Sz\u00e9kelyudvarhelyen; pl\u00e9b\u00e1nos Ny\u00e1r\u00e1dk\u00f6szv\u00e9nyesen, Ny\u00e1r\u00e1dremet\u00e9n (1783\u201396), Abosfalv\u00e1n (\u20131802), Hossz\u00faasz\u00f3n (1803), V\u00edzakn\u00e1n pl\u00e9b\u00e1nos \u00e9s alesperes (1817\u2013). <br \/><strong>Irod.:<\/strong> Ferenczi S\u00e1ndor 2009<\/br><\/p>\n","protected":false},"excerpt":{"rendered":"<p>? \u2020\u00a01839. m\u00e1rc. 7.: r. k.. pap. \u2013 Kv.-on v\u0219gezte egyetemi tanulm\u021bnyait (1784). Szolg\u00e1lati helyei: tan\u00e1r Sz\u00e9kelyudvarhelyen; pl\u00e9b\u00e1nos Ny\u00e1r\u00e1dk\u00f6szv\u00e9nyesen, Ny\u00e1r\u00e1dremet\u00e9n (1783\u201396), Abosfalv\u00e1n (\u20131802), Hossz\u00faasz\u00f3n (1803), V\u00edzakn\u00e1n pl\u00e9b\u00e1nos \u00e9s alesperes (1817\u2013). Irod.: Ferenczi S\u00e1ndor 2009<\/p>\n","protected":false},"featured_media":0,"comment_status":"open","ping_status":"closed","template":"","meta":[],"product_brand":[],"product_cat":[137],"product_tag":[],"class_list":{"0":"post-1651","1":"product","2":"type-product","3":"status-publish","5":"product_cat-maros-megyei-eletrajzi-lexikon","7":"first","8":"instock","9":"shipping-taxable","10":"product-type-simple"},"_links":{"self":[{"href":"https:\/\/uj.adatbank.ro\/lexikon\/wp-json\/wp\/v2\/product\/1651","targetHints":{"allow":["GET"]}}],"collection":[{"href":"https:\/\/uj.adatbank.ro\/lexikon\/wp-json\/wp\/v2\/product"}],"about":[{"href":"https:\/\/uj.adatbank.ro\/lexikon\/wp-json\/wp\/v2\/types\/product"}],"replies":[{"embeddable":true,"href":"https:\/\/uj.adatbank.ro\/lexikon\/wp-json\/wp\/v2\/comments?post=1651"}],"wp:attachment":[{"href":"https:\/\/uj.adatbank.ro\/lexikon\/wp-json\/wp\/v2\/media?parent=1651"}],"wp:term":[{"taxonomy":"product_brand","embeddable":true,"href":"https:\/\/uj.adatbank.ro\/lexikon\/wp-json\/wp\/v2\/product_brand?post=1651"},{"taxonomy":"product_cat","embeddable":true,"href":"https:\/\/uj.adatbank.ro\/lexikon\/wp-json\/wp\/v2\/product_cat?post=1651"},{"taxonomy":"product_tag","embeddable":true,"href":"https:\/\/uj.adatbank.ro\/lexikon\/wp-json\/wp\/v2\/product_tag?post=1651"}],"curies":[{"name":"wp","href":"https:\/\/api.w.org\/{rel}","templated":true}]}}