{"id":16510,"date":"2025-07-15T16:19:50","date_gmt":"2025-07-15T14:19:50","guid":{"rendered":"https:\/\/uj.adatbank.ro\/lexikon\/termek\/nagy-szijgyarto-gyorgy\/"},"modified":"2025-07-15T16:19:50","modified_gmt":"2025-07-15T14:19:50","slug":"nagy-szijgyarto-gyorgy","status":"publish","type":"product","link":"https:\/\/uj.adatbank.ro\/lexikon\/termek\/nagy-szijgyarto-gyorgy\/","title":{"rendered":"NAGY SZ\u00cdJGY\u00c1RT\u00d3 Gy\u00f6rgy"},"content":{"rendered":"<p>? \u2020 ?: Marossz\u00e9k hires assessora, hasonnev\u0171 v\u00e1rosb\u00edr\u00f3 fia. \u2013 Nagyon gazdag ember volt, aki \u00fagy rendelkezett, hogy vagyon\u00e1nak nagyobb r\u00e9sze a ref. egyh\u00e1znak \u00e9s a v\u00e1rosi ispot\u00e1ly szeg\u00e9nyeinek jusson (1767). Els\u0151 neje: Kom\u00e1romi Zsuzsa, m\u00e1sodik: Bodrogi Anna. Gyermekei: Ferenc (neje: Kelemen M\u00e1ria), M\u00e1rton, Borb\u00e1ra (kiss\u00f3lymosi Benk\u0151 Ferencn\u00e9) \u00e9s Mih\u00e1ly. <br \/><strong>Irod.:<\/strong> Kr\u00f3n. F\u00fcz. (1939.4\/9)<\/br><\/p>\n","protected":false},"excerpt":{"rendered":"<p>? \u2020 ?: Marossz\u00e9k hires assessora, hasonnev\u0171 v\u00e1rosb\u00edr\u00f3 fia. \u2013 Nagyon gazdag ember volt, aki \u00fagy rendelkezett, hogy vagyon\u00e1nak nagyobb r\u00e9sze a ref. egyh\u00e1znak \u00e9s a v\u00e1rosi ispot\u00e1ly szeg\u00e9nyeinek jusson (1767). Els\u0151 neje: Kom\u00e1romi Zsuzsa, m\u00e1sodik: Bodrogi Anna. Gyermekei: Ferenc (neje: Kelemen M\u00e1ria), M\u00e1rton, Borb\u00e1ra (kiss\u00f3lymosi Benk\u0151 Ferencn\u00e9) \u00e9s Mih\u00e1ly. Irod.: Kr\u00f3n. F\u00fcz. (1939.4\/9)<\/p>\n","protected":false},"featured_media":0,"comment_status":"open","ping_status":"closed","template":"","meta":[],"product_brand":[],"product_cat":[137],"product_tag":[],"class_list":{"0":"post-16510","1":"product","2":"type-product","3":"status-publish","5":"product_cat-maros-megyei-eletrajzi-lexikon","7":"first","8":"instock","9":"shipping-taxable","10":"product-type-simple"},"_links":{"self":[{"href":"https:\/\/uj.adatbank.ro\/lexikon\/wp-json\/wp\/v2\/product\/16510","targetHints":{"allow":["GET"]}}],"collection":[{"href":"https:\/\/uj.adatbank.ro\/lexikon\/wp-json\/wp\/v2\/product"}],"about":[{"href":"https:\/\/uj.adatbank.ro\/lexikon\/wp-json\/wp\/v2\/types\/product"}],"replies":[{"embeddable":true,"href":"https:\/\/uj.adatbank.ro\/lexikon\/wp-json\/wp\/v2\/comments?post=16510"}],"wp:attachment":[{"href":"https:\/\/uj.adatbank.ro\/lexikon\/wp-json\/wp\/v2\/media?parent=16510"}],"wp:term":[{"taxonomy":"product_brand","embeddable":true,"href":"https:\/\/uj.adatbank.ro\/lexikon\/wp-json\/wp\/v2\/product_brand?post=16510"},{"taxonomy":"product_cat","embeddable":true,"href":"https:\/\/uj.adatbank.ro\/lexikon\/wp-json\/wp\/v2\/product_cat?post=16510"},{"taxonomy":"product_tag","embeddable":true,"href":"https:\/\/uj.adatbank.ro\/lexikon\/wp-json\/wp\/v2\/product_tag?post=16510"}],"curies":[{"name":"wp","href":"https:\/\/api.w.org\/{rel}","templated":true}]}}