{"id":16513,"date":"2025-07-15T16:19:59","date_gmt":"2025-07-15T14:19:59","guid":{"rendered":"https:\/\/uj.adatbank.ro\/lexikon\/termek\/nagy-tamas\/"},"modified":"2025-07-15T16:19:59","modified_gmt":"2025-07-15T14:19:59","slug":"nagy-tamas","status":"publish","type":"product","link":"https:\/\/uj.adatbank.ro\/lexikon\/termek\/nagy-tamas\/","title":{"rendered":"NAGY Tam\u00e1s"},"content":{"rendered":"<p>? \u2020 ?: v\u00e1rosi hadak hadnagya. \u2013 K\u00e9tsz\u00e1z mv.-i gyalogossal csatlakozni akart Cs\u00e1ky Istv\u00e1n \u00e9s Borb\u00e9ly Gy\u00f6rgy had\u00e1hoz hogy Mih\u00e1ly vajd\u00e1t ki\u0171zz\u00e9k Erd\u00e9lyb\u0151l, de elk\u00e9stek, a miriszloi csat\u00e1ban nem vettek m\u00e1r r\u00e9szt (1600 szept.18.). <br \/><strong>Irod.:<\/strong> Id\u0151t\u00e1r 1; Popa, Traian: Tg.M.<\/br><\/p>\n","protected":false},"excerpt":{"rendered":"<p>? \u2020 ?: v\u00e1rosi hadak hadnagya. \u2013 K\u00e9tsz\u00e1z mv.-i gyalogossal csatlakozni akart Cs\u00e1ky Istv\u00e1n \u00e9s Borb\u00e9ly Gy\u00f6rgy had\u00e1hoz hogy Mih\u00e1ly vajd\u00e1t ki\u0171zz\u00e9k Erd\u00e9lyb\u0151l, de elk\u00e9stek, a miriszloi csat\u00e1ban nem vettek m\u00e1r r\u00e9szt (1600 szept.18.). Irod.: Id\u0151t\u00e1r 1; Popa, Traian: Tg.M.<\/p>\n","protected":false},"featured_media":0,"comment_status":"open","ping_status":"closed","template":"","meta":[],"product_brand":[],"product_cat":[137],"product_tag":[],"class_list":{"0":"post-16513","1":"product","2":"type-product","3":"status-publish","5":"product_cat-maros-megyei-eletrajzi-lexikon","7":"first","8":"instock","9":"shipping-taxable","10":"product-type-simple"},"_links":{"self":[{"href":"https:\/\/uj.adatbank.ro\/lexikon\/wp-json\/wp\/v2\/product\/16513","targetHints":{"allow":["GET"]}}],"collection":[{"href":"https:\/\/uj.adatbank.ro\/lexikon\/wp-json\/wp\/v2\/product"}],"about":[{"href":"https:\/\/uj.adatbank.ro\/lexikon\/wp-json\/wp\/v2\/types\/product"}],"replies":[{"embeddable":true,"href":"https:\/\/uj.adatbank.ro\/lexikon\/wp-json\/wp\/v2\/comments?post=16513"}],"wp:attachment":[{"href":"https:\/\/uj.adatbank.ro\/lexikon\/wp-json\/wp\/v2\/media?parent=16513"}],"wp:term":[{"taxonomy":"product_brand","embeddable":true,"href":"https:\/\/uj.adatbank.ro\/lexikon\/wp-json\/wp\/v2\/product_brand?post=16513"},{"taxonomy":"product_cat","embeddable":true,"href":"https:\/\/uj.adatbank.ro\/lexikon\/wp-json\/wp\/v2\/product_cat?post=16513"},{"taxonomy":"product_tag","embeddable":true,"href":"https:\/\/uj.adatbank.ro\/lexikon\/wp-json\/wp\/v2\/product_tag?post=16513"}],"curies":[{"name":"wp","href":"https:\/\/api.w.org\/{rel}","templated":true}]}}