{"id":16514,"date":"2025-07-15T16:20:01","date_gmt":"2025-07-15T14:20:01","guid":{"rendered":"https:\/\/uj.adatbank.ro\/lexikon\/termek\/nagy-tamas-2\/"},"modified":"2025-07-15T16:20:01","modified_gmt":"2025-07-15T14:20:01","slug":"nagy-tamas-2","status":"publish","type":"product","link":"https:\/\/uj.adatbank.ro\/lexikon\/termek\/nagy-tamas-2\/","title":{"rendered":"NAGY Tam\u00e1s"},"content":{"rendered":"<p>? \u2020 ?: birtokos. \u2013 Mez\u0151madarasi szadrend\u0171 sz\u00e9kely ad\u00f3z\u00f3 birtokos volt (1713). <br \/><strong>Irod.:<\/strong> Mez\u0151madaras<\/br><\/p>\n","protected":false},"excerpt":{"rendered":"<p>? \u2020 ?: birtokos. \u2013 Mez\u0151madarasi szadrend\u0171 sz\u00e9kely ad\u00f3z\u00f3 birtokos volt (1713). Irod.: Mez\u0151madaras<\/p>\n","protected":false},"featured_media":0,"comment_status":"open","ping_status":"closed","template":"","meta":[],"product_brand":[],"product_cat":[137],"product_tag":[],"class_list":{"0":"post-16514","1":"product","2":"type-product","3":"status-publish","5":"product_cat-maros-megyei-eletrajzi-lexikon","7":"first","8":"instock","9":"shipping-taxable","10":"product-type-simple"},"_links":{"self":[{"href":"https:\/\/uj.adatbank.ro\/lexikon\/wp-json\/wp\/v2\/product\/16514","targetHints":{"allow":["GET"]}}],"collection":[{"href":"https:\/\/uj.adatbank.ro\/lexikon\/wp-json\/wp\/v2\/product"}],"about":[{"href":"https:\/\/uj.adatbank.ro\/lexikon\/wp-json\/wp\/v2\/types\/product"}],"replies":[{"embeddable":true,"href":"https:\/\/uj.adatbank.ro\/lexikon\/wp-json\/wp\/v2\/comments?post=16514"}],"wp:attachment":[{"href":"https:\/\/uj.adatbank.ro\/lexikon\/wp-json\/wp\/v2\/media?parent=16514"}],"wp:term":[{"taxonomy":"product_brand","embeddable":true,"href":"https:\/\/uj.adatbank.ro\/lexikon\/wp-json\/wp\/v2\/product_brand?post=16514"},{"taxonomy":"product_cat","embeddable":true,"href":"https:\/\/uj.adatbank.ro\/lexikon\/wp-json\/wp\/v2\/product_cat?post=16514"},{"taxonomy":"product_tag","embeddable":true,"href":"https:\/\/uj.adatbank.ro\/lexikon\/wp-json\/wp\/v2\/product_tag?post=16514"}],"curies":[{"name":"wp","href":"https:\/\/api.w.org\/{rel}","templated":true}]}}