{"id":16517,"date":"2025-07-15T16:20:10","date_gmt":"2025-07-15T14:20:10","guid":{"rendered":"https:\/\/uj.adatbank.ro\/lexikon\/termek\/nagy-tamas-veresegyhazi-borsai\/"},"modified":"2025-07-15T16:20:10","modified_gmt":"2025-07-15T14:20:10","slug":"nagy-tamas-veresegyhazi-borsai","status":"publish","type":"product","link":"https:\/\/uj.adatbank.ro\/lexikon\/termek\/nagy-tamas-veresegyhazi-borsai\/","title":{"rendered":"NAGY Tam\u00e1s, veresegyh\u00e1zi borsai"},"content":{"rendered":"<p>1627., \u2020 1676.: f\u0151isp\u00e1n, f\u00f6ldbirtokos. \u2013 Feles\u00e9ge: 1. Petki Erzs\u00e9bet, aki kiv\u00e1ltotta \u0151t a tat\u00e1r rabs\u00e1gb\u00f3l, 2. toroczk\u00f3szentgy\u00f6rgyi Thoroczkai Kata. Le\u00e1nyaik: N. Borb\u00e1la \u00e9s Kl\u00e1ra. \u2013 Feh\u00e9r vm. f\u0151isp\u00e1nja. <br \/><strong>Irod.:<\/strong> \u00c1rva Bethlen K.<\/br><\/p>\n","protected":false},"excerpt":{"rendered":"<p>1627., \u2020 1676.: f\u0151isp\u00e1n, f\u00f6ldbirtokos. \u2013 Feles\u00e9ge: 1. Petki Erzs\u00e9bet, aki kiv\u00e1ltotta \u0151t a tat\u00e1r rabs\u00e1gb\u00f3l, 2. toroczk\u00f3szentgy\u00f6rgyi Thoroczkai Kata. Le\u00e1nyaik: N. Borb\u00e1la \u00e9s Kl\u00e1ra. \u2013 Feh\u00e9r vm. f\u0151isp\u00e1nja. Irod.: \u00c1rva Bethlen K.<\/p>\n","protected":false},"featured_media":0,"comment_status":"open","ping_status":"closed","template":"","meta":[],"product_brand":[],"product_cat":[137],"product_tag":[],"class_list":{"0":"post-16517","1":"product","2":"type-product","3":"status-publish","5":"product_cat-maros-megyei-eletrajzi-lexikon","7":"first","8":"instock","9":"shipping-taxable","10":"product-type-simple"},"_links":{"self":[{"href":"https:\/\/uj.adatbank.ro\/lexikon\/wp-json\/wp\/v2\/product\/16517","targetHints":{"allow":["GET"]}}],"collection":[{"href":"https:\/\/uj.adatbank.ro\/lexikon\/wp-json\/wp\/v2\/product"}],"about":[{"href":"https:\/\/uj.adatbank.ro\/lexikon\/wp-json\/wp\/v2\/types\/product"}],"replies":[{"embeddable":true,"href":"https:\/\/uj.adatbank.ro\/lexikon\/wp-json\/wp\/v2\/comments?post=16517"}],"wp:attachment":[{"href":"https:\/\/uj.adatbank.ro\/lexikon\/wp-json\/wp\/v2\/media?parent=16517"}],"wp:term":[{"taxonomy":"product_brand","embeddable":true,"href":"https:\/\/uj.adatbank.ro\/lexikon\/wp-json\/wp\/v2\/product_brand?post=16517"},{"taxonomy":"product_cat","embeddable":true,"href":"https:\/\/uj.adatbank.ro\/lexikon\/wp-json\/wp\/v2\/product_cat?post=16517"},{"taxonomy":"product_tag","embeddable":true,"href":"https:\/\/uj.adatbank.ro\/lexikon\/wp-json\/wp\/v2\/product_tag?post=16517"}],"curies":[{"name":"wp","href":"https:\/\/api.w.org\/{rel}","templated":true}]}}