{"id":16518,"date":"2025-07-15T16:20:12","date_gmt":"2025-07-15T14:20:12","guid":{"rendered":"https:\/\/uj.adatbank.ro\/lexikon\/termek\/nagy-tamasne\/"},"modified":"2025-07-15T16:20:12","modified_gmt":"2025-07-15T14:20:12","slug":"nagy-tamasne","status":"publish","type":"product","link":"https:\/\/uj.adatbank.ro\/lexikon\/termek\/nagy-tamasne\/","title":{"rendered":"NAGY Tam\u00e1sn\u00e9"},"content":{"rendered":"<p>? \u2020 ?: vajdaszentiv\u00e1nyi ki\u00e1ll\u00edt\u00f3 az Orsz\u00e1gos Magyar Gazdas\u00e1gi Egyes\u00fclet Gy\u00fcm\u00f6lcs \u2013 \u00e9s Konyhakerti Ki\u00e1ll\u00edt\u00e1s\u00e1n ( Bp., 1881). <br \/><strong>Irod.:<\/strong> Az OMGE \u00e1ltal Bp. 1881 ik. 15\u201318 megtartott Gy\u00fcm\u00f6lcs \u2013 \u00e9s Konyhakerti Ki\u00e1ll\u00edt\u00e1s katal\u00f3gusa (Bp., 1881)<\/br><\/p>\n","protected":false},"excerpt":{"rendered":"<p>? \u2020 ?: vajdaszentiv\u00e1nyi ki\u00e1ll\u00edt\u00f3 az Orsz\u00e1gos Magyar Gazdas\u00e1gi Egyes\u00fclet Gy\u00fcm\u00f6lcs \u2013 \u00e9s Konyhakerti Ki\u00e1ll\u00edt\u00e1s\u00e1n ( Bp., 1881). Irod.: Az OMGE \u00e1ltal Bp. 1881 ik. 15\u201318 megtartott Gy\u00fcm\u00f6lcs \u2013 \u00e9s Konyhakerti Ki\u00e1ll\u00edt\u00e1s katal\u00f3gusa (Bp., 1881)<\/p>\n","protected":false},"featured_media":0,"comment_status":"open","ping_status":"closed","template":"","meta":[],"product_brand":[],"product_cat":[137],"product_tag":[],"class_list":{"0":"post-16518","1":"product","2":"type-product","3":"status-publish","5":"product_cat-maros-megyei-eletrajzi-lexikon","7":"first","8":"instock","9":"shipping-taxable","10":"product-type-simple"},"_links":{"self":[{"href":"https:\/\/uj.adatbank.ro\/lexikon\/wp-json\/wp\/v2\/product\/16518","targetHints":{"allow":["GET"]}}],"collection":[{"href":"https:\/\/uj.adatbank.ro\/lexikon\/wp-json\/wp\/v2\/product"}],"about":[{"href":"https:\/\/uj.adatbank.ro\/lexikon\/wp-json\/wp\/v2\/types\/product"}],"replies":[{"embeddable":true,"href":"https:\/\/uj.adatbank.ro\/lexikon\/wp-json\/wp\/v2\/comments?post=16518"}],"wp:attachment":[{"href":"https:\/\/uj.adatbank.ro\/lexikon\/wp-json\/wp\/v2\/media?parent=16518"}],"wp:term":[{"taxonomy":"product_brand","embeddable":true,"href":"https:\/\/uj.adatbank.ro\/lexikon\/wp-json\/wp\/v2\/product_brand?post=16518"},{"taxonomy":"product_cat","embeddable":true,"href":"https:\/\/uj.adatbank.ro\/lexikon\/wp-json\/wp\/v2\/product_cat?post=16518"},{"taxonomy":"product_tag","embeddable":true,"href":"https:\/\/uj.adatbank.ro\/lexikon\/wp-json\/wp\/v2\/product_tag?post=16518"}],"curies":[{"name":"wp","href":"https:\/\/api.w.org\/{rel}","templated":true}]}}