{"id":16519,"date":"2025-07-15T16:20:16","date_gmt":"2025-07-15T14:20:16","guid":{"rendered":"https:\/\/uj.adatbank.ro\/lexikon\/termek\/nagy-terez\/"},"modified":"2025-07-15T16:20:16","modified_gmt":"2025-07-15T14:20:16","slug":"nagy-terez","status":"publish","type":"product","link":"https:\/\/uj.adatbank.ro\/lexikon\/termek\/nagy-terez\/","title":{"rendered":"NAGY Ter\u00e9z"},"content":{"rendered":"<p>? \u2020 ?: tan\u00edt\u00f3n\u0151. \u2013 Vadasdon tan\u00edtott (1937\u201349). Auswiczba intern\u00e1lt\u00e1k (1944). <br \/><strong>Irod.:<\/strong> Vadasd kr\u00f3nik\u00e1ja<\/br><\/p>\n","protected":false},"excerpt":{"rendered":"<p>? \u2020 ?: tan\u00edt\u00f3n\u0151. \u2013 Vadasdon tan\u00edtott (1937\u201349). Auswiczba intern\u00e1lt\u00e1k (1944). Irod.: Vadasd kr\u00f3nik\u00e1ja<\/p>\n","protected":false},"featured_media":0,"comment_status":"open","ping_status":"closed","template":"","meta":[],"product_brand":[],"product_cat":[137],"product_tag":[],"class_list":{"0":"post-16519","1":"product","2":"type-product","3":"status-publish","5":"product_cat-maros-megyei-eletrajzi-lexikon","7":"first","8":"instock","9":"shipping-taxable","10":"product-type-simple"},"_links":{"self":[{"href":"https:\/\/uj.adatbank.ro\/lexikon\/wp-json\/wp\/v2\/product\/16519","targetHints":{"allow":["GET"]}}],"collection":[{"href":"https:\/\/uj.adatbank.ro\/lexikon\/wp-json\/wp\/v2\/product"}],"about":[{"href":"https:\/\/uj.adatbank.ro\/lexikon\/wp-json\/wp\/v2\/types\/product"}],"replies":[{"embeddable":true,"href":"https:\/\/uj.adatbank.ro\/lexikon\/wp-json\/wp\/v2\/comments?post=16519"}],"wp:attachment":[{"href":"https:\/\/uj.adatbank.ro\/lexikon\/wp-json\/wp\/v2\/media?parent=16519"}],"wp:term":[{"taxonomy":"product_brand","embeddable":true,"href":"https:\/\/uj.adatbank.ro\/lexikon\/wp-json\/wp\/v2\/product_brand?post=16519"},{"taxonomy":"product_cat","embeddable":true,"href":"https:\/\/uj.adatbank.ro\/lexikon\/wp-json\/wp\/v2\/product_cat?post=16519"},{"taxonomy":"product_tag","embeddable":true,"href":"https:\/\/uj.adatbank.ro\/lexikon\/wp-json\/wp\/v2\/product_tag?post=16519"}],"curies":[{"name":"wp","href":"https:\/\/api.w.org\/{rel}","templated":true}]}}