{"id":16522,"date":"2025-07-15T16:20:29","date_gmt":"2025-07-15T14:20:29","guid":{"rendered":"https:\/\/uj.adatbank.ro\/lexikon\/termek\/nagy-zoltan-2\/"},"modified":"2025-07-15T16:20:29","modified_gmt":"2025-07-15T14:20:29","slug":"nagy-zoltan-2","status":"publish","type":"product","link":"https:\/\/uj.adatbank.ro\/lexikon\/termek\/nagy-zoltan-2\/","title":{"rendered":"NAGY Zolt\u00e1n"},"content":{"rendered":"<p>1927, \u2020 ?:sportol\u00f3, pil\u00f3ta. \u2013 R\u00e9szese volt az orsz\u00e1gos h\u00edr\u0171 mv.-i rep\u00fcl\u0151-modellez\u0151 sport megteremt\u00e9s\u00e9nek, Hints Ott\u00f3val \u00e9s Bed\u0151 S\u00e1ndorral egy\u00fctt. Vitorl\u00e1z\u00f3 lett (1946\u2013), megszerezte az ez\u00fcst \u00e9s az aranykoszor\u00fat egy gy\u00e9m\u00e1nttal kit\u00fcntet\u00e9st. J\u00f3zsa S\u00e1ndor ut\u00e1n a mv.-i Rep\u00fcl\u0151klub m\u00e1sodik sportmestere. <br \/><strong>Irod.:<\/strong> So\u00f3s \u00c1rp\u00e1d: Az \u201eAranykoszor\u00fas\u201d vitorl\u00e1z\u00f3 (V. Z., 1967. m\u00e1rc. 21.); Leg\u00fajabb sportmestereink (V. Z., 1968. jan. 9.)<\/br><\/p>\n","protected":false},"excerpt":{"rendered":"<p>1927, \u2020 ?:sportol\u00f3, pil\u00f3ta. \u2013 R\u00e9szese volt az orsz\u00e1gos h\u00edr\u0171 mv.-i rep\u00fcl\u0151-modellez\u0151 sport megteremt\u00e9s\u00e9nek, Hints Ott\u00f3val \u00e9s Bed\u0151 S\u00e1ndorral egy\u00fctt. Vitorl\u00e1z\u00f3 lett (1946\u2013), megszerezte az ez\u00fcst \u00e9s az aranykoszor\u00fat egy gy\u00e9m\u00e1nttal kit\u00fcntet\u00e9st. J\u00f3zsa S\u00e1ndor ut\u00e1n a mv.-i Rep\u00fcl\u0151klub m\u00e1sodik sportmestere. Irod.: So\u00f3s \u00c1rp\u00e1d: Az \u201eAranykoszor\u00fas\u201d vitorl\u00e1z\u00f3 (V. Z., 1967. m\u00e1rc. 21.); Leg\u00fajabb sportmestereink (V. Z., [&hellip;]<\/p>\n","protected":false},"featured_media":0,"comment_status":"open","ping_status":"closed","template":"","meta":[],"product_brand":[],"product_cat":[137],"product_tag":[],"class_list":{"0":"post-16522","1":"product","2":"type-product","3":"status-publish","5":"product_cat-maros-megyei-eletrajzi-lexikon","7":"first","8":"instock","9":"shipping-taxable","10":"product-type-simple"},"_links":{"self":[{"href":"https:\/\/uj.adatbank.ro\/lexikon\/wp-json\/wp\/v2\/product\/16522","targetHints":{"allow":["GET"]}}],"collection":[{"href":"https:\/\/uj.adatbank.ro\/lexikon\/wp-json\/wp\/v2\/product"}],"about":[{"href":"https:\/\/uj.adatbank.ro\/lexikon\/wp-json\/wp\/v2\/types\/product"}],"replies":[{"embeddable":true,"href":"https:\/\/uj.adatbank.ro\/lexikon\/wp-json\/wp\/v2\/comments?post=16522"}],"wp:attachment":[{"href":"https:\/\/uj.adatbank.ro\/lexikon\/wp-json\/wp\/v2\/media?parent=16522"}],"wp:term":[{"taxonomy":"product_brand","embeddable":true,"href":"https:\/\/uj.adatbank.ro\/lexikon\/wp-json\/wp\/v2\/product_brand?post=16522"},{"taxonomy":"product_cat","embeddable":true,"href":"https:\/\/uj.adatbank.ro\/lexikon\/wp-json\/wp\/v2\/product_cat?post=16522"},{"taxonomy":"product_tag","embeddable":true,"href":"https:\/\/uj.adatbank.ro\/lexikon\/wp-json\/wp\/v2\/product_tag?post=16522"}],"curies":[{"name":"wp","href":"https:\/\/api.w.org\/{rel}","templated":true}]}}