{"id":16523,"date":"2025-07-15T16:20:32","date_gmt":"2025-07-15T14:20:32","guid":{"rendered":"https:\/\/uj.adatbank.ro\/lexikon\/termek\/nagy-zoltan-3\/"},"modified":"2025-07-15T16:20:32","modified_gmt":"2025-07-15T14:20:32","slug":"nagy-zoltan-3","status":"publish","type":"product","link":"https:\/\/uj.adatbank.ro\/lexikon\/termek\/nagy-zoltan-3\/","title":{"rendered":"NAGY Zolt\u00e1n"},"content":{"rendered":"<p>Mv., 1934. j\u00fan. 3.\u2020 Mv. 2021.\u00a0szept.11: orvos, fest\u0151. Sz\u00fclei: N.J\u00f3zsef, motortechnikus, aut\u00f3balesetbe \u00e1ldozata \u00e9s B\u00f3zsi M\u00e1ria, keresked\u0151 saj\u00e1t \u00fczlet\u00e9ben, majd az Albina t\u00e9ri gy\u00f3gyszert\u00e1rban. \u2013 Feles\u00e9ge:Redl Nagy \u00c9va Roz\u00e1lia (1957). Gyermekeik: Gyermekeik: Borb\u00e1la (1960) informatikus, Frankfurtban \u00e9s Zolt\u00e1n J\u00f3zsef (1963) fest\u0151m\u0171v\u00e9sz, szobr\u00e1sz, fotogr\u00e1fus. \u2013 Mv.-en az eg\u00e9szs\u00e9g\u00fcgyi szakk\u00f6z\u00e9piskol\u00e1ban \u00e9retts\u00e9gizett (1952) kit\u0171n\u0151 eredm\u00e9nnyel, de mivel kizs\u00e1km\u00e1nyol\u00f3 sz\u00fcl\u0151k gyermeke ne legyen orvos. Ez\u00e9rt a t\u00e1voli Sz\u00e9kelyvars\u00e1g asszisztense lett. Siker\u00fclt a csecsem\u0151haland\u00f3s\u00e1got megsz\u00fcntetni a munkater\u00fclet\u00e9n, elismer\u00e9sk\u00e9nt jelentkezhetett az orvosi felv\u00e9teli vizsg\u00e1ra, sikerrel. A tasztalatait k\u00e9s\u0151bb orvosk\u00e9nt is tudta hasznos\u00edtani. A munkahelyei: orvos a mikh\u00e1zi elmek\u00f3rh\u00e1zban (1959\u201385); a mv.-i TBC-klinik\u00e1n radiol\u00f3gus \u00e9s t\u00fcd\u0151gy\u00f3gy\u00e1sz (1962\u201385), a fert\u0151z\u0151 betegs\u00e9gek klinik\u00e1j\u00e1n \u00e9s a 2. sz.Poliklinika radiol\u00f3gus szakorvosa.(1985\u2013). C-vizsg\u00e1s sportrep\u00fcl\u0151, vitorl\u00e1z\u00f3pil\u00f3ta, megyei \u00e9s orsz\u00e1gos sz\u00ednt\u0171 teniszversenyz\u0151. Fest\u0151m\u0171v\u00e9sz. Ki\u00e1ll\u00edt\u00e1sai: egy\u00e9ni: 1977, 1984, 1999; Kv..1978; Buk.: 1979.; csoportos: Mv. megyei t\u00e1rlat.1977\u201378; Kv. T\u00e9li szalon, 1977\u201391, Korunk gal\u00e9ria, 1982; Debrecen, 1991; Bp.1991; Balatonsz\u00e1rsz\u00f3 1997\u201399. <br \/><strong>Irod.:<\/strong> EMKK 2000; Nagy L; Nekrol\u00f3g (N\u00fa., 2022. szept. 14.)<\/br><\/p>\n","protected":false},"excerpt":{"rendered":"<p>Mv., 1934. j\u00fan. 3.\u2020 Mv. 2021.\u00a0szept.11: orvos, fest\u0151. Sz\u00fclei: N.J\u00f3zsef, motortechnikus, aut\u00f3balesetbe \u00e1ldozata \u00e9s B\u00f3zsi M\u00e1ria, keresked\u0151 saj\u00e1t \u00fczlet\u00e9ben, majd az Albina t\u00e9ri gy\u00f3gyszert\u00e1rban. \u2013 Feles\u00e9ge:Redl Nagy \u00c9va Roz\u00e1lia (1957). Gyermekeik: Gyermekeik: Borb\u00e1la (1960) informatikus, Frankfurtban \u00e9s Zolt\u00e1n J\u00f3zsef (1963) fest\u0151m\u0171v\u00e9sz, szobr\u00e1sz, fotogr\u00e1fus. \u2013 Mv.-en az eg\u00e9szs\u00e9g\u00fcgyi szakk\u00f6z\u00e9piskol\u00e1ban \u00e9retts\u00e9gizett (1952) kit\u0171n\u0151 eredm\u00e9nnyel, de mivel kizs\u00e1km\u00e1nyol\u00f3 [&hellip;]<\/p>\n","protected":false},"featured_media":0,"comment_status":"open","ping_status":"closed","template":"","meta":[],"product_brand":[],"product_cat":[137],"product_tag":[],"class_list":{"0":"post-16523","1":"product","2":"type-product","3":"status-publish","5":"product_cat-maros-megyei-eletrajzi-lexikon","7":"first","8":"instock","9":"shipping-taxable","10":"product-type-simple"},"_links":{"self":[{"href":"https:\/\/uj.adatbank.ro\/lexikon\/wp-json\/wp\/v2\/product\/16523","targetHints":{"allow":["GET"]}}],"collection":[{"href":"https:\/\/uj.adatbank.ro\/lexikon\/wp-json\/wp\/v2\/product"}],"about":[{"href":"https:\/\/uj.adatbank.ro\/lexikon\/wp-json\/wp\/v2\/types\/product"}],"replies":[{"embeddable":true,"href":"https:\/\/uj.adatbank.ro\/lexikon\/wp-json\/wp\/v2\/comments?post=16523"}],"wp:attachment":[{"href":"https:\/\/uj.adatbank.ro\/lexikon\/wp-json\/wp\/v2\/media?parent=16523"}],"wp:term":[{"taxonomy":"product_brand","embeddable":true,"href":"https:\/\/uj.adatbank.ro\/lexikon\/wp-json\/wp\/v2\/product_brand?post=16523"},{"taxonomy":"product_cat","embeddable":true,"href":"https:\/\/uj.adatbank.ro\/lexikon\/wp-json\/wp\/v2\/product_cat?post=16523"},{"taxonomy":"product_tag","embeddable":true,"href":"https:\/\/uj.adatbank.ro\/lexikon\/wp-json\/wp\/v2\/product_tag?post=16523"}],"curies":[{"name":"wp","href":"https:\/\/api.w.org\/{rel}","templated":true}]}}