{"id":16525,"date":"2025-07-15T16:20:37","date_gmt":"2025-07-15T14:20:37","guid":{"rendered":"https:\/\/uj.adatbank.ro\/lexikon\/termek\/nagy-zoltan-imre-%c2%a7\/"},"modified":"2025-07-15T16:20:37","modified_gmt":"2025-07-15T14:20:37","slug":"nagy-zoltan-imre-%c2%a7","status":"publish","type":"product","link":"https:\/\/uj.adatbank.ro\/lexikon\/termek\/nagy-zoltan-imre-%c2%a7\/","title":{"rendered":"NAGY Zolt\u00e1n Imre, \u00a7"},"content":{"rendered":"<p>Nagyv\u00e1rad, 1931. nov. 14., \u2020 Mv., 2011: orvos. \u2013 N. Zolt\u00e1n, tisztvisel\u0151 \u00e9s Boros Margit fia. Feles\u00e9ge: P\u00e1ll Edit, gy\u00f3gyszer\u00e9sz.Gyermekeik: Zolt\u00e1n (1958) m\u00e9rn\u00f6k; Bersz\u00e1n Edit (1962) m\u00e9rn\u00f6k. Mv.-en a MOGYI orvosi szak\u00e1n v\u00e9gzett (1956). Tasn\u00e1don k\u00f6rzeti orvos (1956\u20131968). Marosludason gyermekgy\u00f3gy\u00e1sz szakorvos, oszt\u00e1lyvezet\u0151 f\u0151orvos, aligazgat\u00f3 (1969\u201370), orvos-igazgat\u00f3 (1970\u201378), f\u0151orvos (1978\u201392 nyugd\u00edjaz\u00e1s\u00e1ig), tov\u00e1bb rendelt a helyi k\u00f3rh\u00e1z rendel\u0151int\u00e9zet\u00e9ben. T\u00f6bb tov\u00e1bbk\u00e9pz\u0151n vett r\u00e9szt, szervezett tudom\u00e1nyos szimp\u00f3ziumokat.Miniszt\u00e9riumi elismer\u00e9sben r\u00e9szes\u00fclt (1964), kit\u00fcntetett orvos (1976, 1977, 1979). A Rom.Orvosok Sz\u00f6vets\u00e9g\u00e9nek tagja.<br \/><strong>Irod.:<\/strong> EMKK 2000; Kiss-P\u00e9terffy \u2013 P\u00e9terffy, Sipos<\/br><\/p>\n","protected":false},"excerpt":{"rendered":"<p>Nagyv\u00e1rad, 1931. nov. 14., \u2020 Mv., 2011: orvos. \u2013 N. Zolt\u00e1n, tisztvisel\u0151 \u00e9s Boros Margit fia. Feles\u00e9ge: P\u00e1ll Edit, gy\u00f3gyszer\u00e9sz.Gyermekeik: Zolt\u00e1n (1958) m\u00e9rn\u00f6k; Bersz\u00e1n Edit (1962) m\u00e9rn\u00f6k. Mv.-en a MOGYI orvosi szak\u00e1n v\u00e9gzett (1956). Tasn\u00e1don k\u00f6rzeti orvos (1956\u20131968). Marosludason gyermekgy\u00f3gy\u00e1sz szakorvos, oszt\u00e1lyvezet\u0151 f\u0151orvos, aligazgat\u00f3 (1969\u201370), orvos-igazgat\u00f3 (1970\u201378), f\u0151orvos (1978\u201392 nyugd\u00edjaz\u00e1s\u00e1ig), tov\u00e1bb rendelt a helyi k\u00f3rh\u00e1z [&hellip;]<\/p>\n","protected":false},"featured_media":0,"comment_status":"open","ping_status":"closed","template":"","meta":[],"product_brand":[],"product_cat":[137],"product_tag":[],"class_list":{"0":"post-16525","1":"product","2":"type-product","3":"status-publish","5":"product_cat-maros-megyei-eletrajzi-lexikon","7":"first","8":"instock","9":"shipping-taxable","10":"product-type-simple"},"_links":{"self":[{"href":"https:\/\/uj.adatbank.ro\/lexikon\/wp-json\/wp\/v2\/product\/16525","targetHints":{"allow":["GET"]}}],"collection":[{"href":"https:\/\/uj.adatbank.ro\/lexikon\/wp-json\/wp\/v2\/product"}],"about":[{"href":"https:\/\/uj.adatbank.ro\/lexikon\/wp-json\/wp\/v2\/types\/product"}],"replies":[{"embeddable":true,"href":"https:\/\/uj.adatbank.ro\/lexikon\/wp-json\/wp\/v2\/comments?post=16525"}],"wp:attachment":[{"href":"https:\/\/uj.adatbank.ro\/lexikon\/wp-json\/wp\/v2\/media?parent=16525"}],"wp:term":[{"taxonomy":"product_brand","embeddable":true,"href":"https:\/\/uj.adatbank.ro\/lexikon\/wp-json\/wp\/v2\/product_brand?post=16525"},{"taxonomy":"product_cat","embeddable":true,"href":"https:\/\/uj.adatbank.ro\/lexikon\/wp-json\/wp\/v2\/product_cat?post=16525"},{"taxonomy":"product_tag","embeddable":true,"href":"https:\/\/uj.adatbank.ro\/lexikon\/wp-json\/wp\/v2\/product_tag?post=16525"}],"curies":[{"name":"wp","href":"https:\/\/api.w.org\/{rel}","templated":true}]}}