{"id":1653,"date":"2025-06-28T11:48:55","date_gmt":"2025-06-28T09:48:55","guid":{"rendered":"https:\/\/uj.adatbank.ro\/lexikon\/termek\/agotha-demeter\/"},"modified":"2025-06-28T11:48:55","modified_gmt":"2025-06-28T09:48:55","slug":"agotha-demeter","status":"publish","type":"product","link":"https:\/\/uj.adatbank.ro\/lexikon\/termek\/agotha-demeter\/","title":{"rendered":"\u00c1GOTHA Demeter"},"content":{"rendered":"<p>Sz\u00e9kelyudvarhely, 1742., \u2020\u00a0K\u00e9zdiv\u00e1s\u00e1rhely-Kanta, minorita szerzetes, tan\u00e1r. \u2013 Firtoson l\u00e9pett be a rendbe. A noviciatus ut\u00e1n Kv.-on filoz\u00f3fi\u00e1t, Eperjesen teol.-t tanult, papp\u00e1 szentelt\u00e9k (1768). K\u00e9zdiv\u00e1s\u00e1rhelyen tan\u00e1r, Firtoson h\u00e1zgondnok, Mv.-en \u00e9s K\u00e9zdiv\u00e1s\u00e1rhelyen hitsz\u00f3nok, Firtoson volt lelk\u00e9sz h\u00e1zf\u0151n\u00f6k. Majd K\u00e9zdiv\u00e1s\u00e1rhelyen tan\u00e1r, itt jelent meg h\u00e1rom iskoladr\u00e1m\u00e1ja. \u2013 <strong>F. m.:<\/strong> De Philippo rege Macedonum (1768. aug. 2.); De Lysandro et Maxentio (1769. aug. 2.); Szerelmes engedelmess\u00e9gnek \u00e1ldozattya, avagy \u00c1brah\u00e1m P\u00e1tri\u00e1rka kedves egyetlen egy Izs\u00e1kj\u00e1nak bemutat\u00e1sa (1777. j\u00fan. 13.), a t\u00f6bbi k\u00e9ziratban maradt. <br \/><strong>Irod.:<\/strong> Internet; P. Buzog\u00e1ny \u00c1rp\u00e1d: Udvarhelysz\u00e9ki helyismereti \u00e9vfordul\u00f3k (\u00d6r\u00f6ks\u00e9g\u00fcnk, 2. sz., 2008)<\/br><\/p>\n","protected":false},"excerpt":{"rendered":"<p>Sz\u00e9kelyudvarhely, 1742., \u2020\u00a0K\u00e9zdiv\u00e1s\u00e1rhely-Kanta, minorita szerzetes, tan\u00e1r. \u2013 Firtoson l\u00e9pett be a rendbe. A noviciatus ut\u00e1n Kv.-on filoz\u00f3fi\u00e1t, Eperjesen teol.-t tanult, papp\u00e1 szentelt\u00e9k (1768). K\u00e9zdiv\u00e1s\u00e1rhelyen tan\u00e1r, Firtoson h\u00e1zgondnok, Mv.-en \u00e9s K\u00e9zdiv\u00e1s\u00e1rhelyen hitsz\u00f3nok, Firtoson volt lelk\u00e9sz h\u00e1zf\u0151n\u00f6k. Majd K\u00e9zdiv\u00e1s\u00e1rhelyen tan\u00e1r, itt jelent meg h\u00e1rom iskoladr\u00e1m\u00e1ja. \u2013 F. m.: De Philippo rege Macedonum (1768. aug. 2.); De Lysandro [&hellip;]<\/p>\n","protected":false},"featured_media":0,"comment_status":"open","ping_status":"closed","template":"","meta":[],"product_brand":[],"product_cat":[137],"product_tag":[],"class_list":{"0":"post-1653","1":"product","2":"type-product","3":"status-publish","5":"product_cat-maros-megyei-eletrajzi-lexikon","7":"first","8":"instock","9":"shipping-taxable","10":"product-type-simple"},"_links":{"self":[{"href":"https:\/\/uj.adatbank.ro\/lexikon\/wp-json\/wp\/v2\/product\/1653","targetHints":{"allow":["GET"]}}],"collection":[{"href":"https:\/\/uj.adatbank.ro\/lexikon\/wp-json\/wp\/v2\/product"}],"about":[{"href":"https:\/\/uj.adatbank.ro\/lexikon\/wp-json\/wp\/v2\/types\/product"}],"replies":[{"embeddable":true,"href":"https:\/\/uj.adatbank.ro\/lexikon\/wp-json\/wp\/v2\/comments?post=1653"}],"wp:attachment":[{"href":"https:\/\/uj.adatbank.ro\/lexikon\/wp-json\/wp\/v2\/media?parent=1653"}],"wp:term":[{"taxonomy":"product_brand","embeddable":true,"href":"https:\/\/uj.adatbank.ro\/lexikon\/wp-json\/wp\/v2\/product_brand?post=1653"},{"taxonomy":"product_cat","embeddable":true,"href":"https:\/\/uj.adatbank.ro\/lexikon\/wp-json\/wp\/v2\/product_cat?post=1653"},{"taxonomy":"product_tag","embeddable":true,"href":"https:\/\/uj.adatbank.ro\/lexikon\/wp-json\/wp\/v2\/product_tag?post=1653"}],"curies":[{"name":"wp","href":"https:\/\/api.w.org\/{rel}","templated":true}]}}