{"id":16530,"date":"2025-07-15T16:20:47","date_gmt":"2025-07-15T14:20:47","guid":{"rendered":"https:\/\/uj.adatbank.ro\/lexikon\/termek\/nagy-zsigmond-kaali\/"},"modified":"2025-07-15T16:20:47","modified_gmt":"2025-07-15T14:20:47","slug":"nagy-zsigmond-kaali","status":"publish","type":"product","link":"https:\/\/uj.adatbank.ro\/lexikon\/termek\/nagy-zsigmond-kaali\/","title":{"rendered":"NAGY Zsigmond, ka\u00e1li"},"content":{"rendered":"<p>? \u2020 1787.: gondnok. \u2013 A marossz\u00e9ki unit. egyh\u00e1z fel\u00fcgyel\u0151 gondnoka (1763 k.\u2013). <br \/><strong>Irod.:<\/strong> Bi\u00e1s; Kelemen; K\u0151v\u00e1ry L\u00e1szl\u00f3 1899<\/br><\/p>\n","protected":false},"excerpt":{"rendered":"<p>? \u2020 1787.: gondnok. \u2013 A marossz\u00e9ki unit. egyh\u00e1z fel\u00fcgyel\u0151 gondnoka (1763 k.\u2013). Irod.: Bi\u00e1s; Kelemen; K\u0151v\u00e1ry L\u00e1szl\u00f3 1899<\/p>\n","protected":false},"featured_media":0,"comment_status":"open","ping_status":"closed","template":"","meta":[],"product_brand":[],"product_cat":[137],"product_tag":[],"class_list":{"0":"post-16530","1":"product","2":"type-product","3":"status-publish","5":"product_cat-maros-megyei-eletrajzi-lexikon","7":"first","8":"instock","9":"shipping-taxable","10":"product-type-simple"},"_links":{"self":[{"href":"https:\/\/uj.adatbank.ro\/lexikon\/wp-json\/wp\/v2\/product\/16530","targetHints":{"allow":["GET"]}}],"collection":[{"href":"https:\/\/uj.adatbank.ro\/lexikon\/wp-json\/wp\/v2\/product"}],"about":[{"href":"https:\/\/uj.adatbank.ro\/lexikon\/wp-json\/wp\/v2\/types\/product"}],"replies":[{"embeddable":true,"href":"https:\/\/uj.adatbank.ro\/lexikon\/wp-json\/wp\/v2\/comments?post=16530"}],"wp:attachment":[{"href":"https:\/\/uj.adatbank.ro\/lexikon\/wp-json\/wp\/v2\/media?parent=16530"}],"wp:term":[{"taxonomy":"product_brand","embeddable":true,"href":"https:\/\/uj.adatbank.ro\/lexikon\/wp-json\/wp\/v2\/product_brand?post=16530"},{"taxonomy":"product_cat","embeddable":true,"href":"https:\/\/uj.adatbank.ro\/lexikon\/wp-json\/wp\/v2\/product_cat?post=16530"},{"taxonomy":"product_tag","embeddable":true,"href":"https:\/\/uj.adatbank.ro\/lexikon\/wp-json\/wp\/v2\/product_tag?post=16530"}],"curies":[{"name":"wp","href":"https:\/\/api.w.org\/{rel}","templated":true}]}}