{"id":16532,"date":"2025-07-15T16:20:53","date_gmt":"2025-07-15T14:20:53","guid":{"rendered":"https:\/\/uj.adatbank.ro\/lexikon\/termek\/nagy-zsigmond-kaali-3\/"},"modified":"2025-07-15T16:20:53","modified_gmt":"2025-07-15T14:20:53","slug":"nagy-zsigmond-kaali-3","status":"publish","type":"product","link":"https:\/\/uj.adatbank.ro\/lexikon\/termek\/nagy-zsigmond-kaali-3\/","title":{"rendered":"NAGY Zsigmond, ka\u00e1li"},"content":{"rendered":"<p>N\u00e1zn\u00e1nfalva, 1898., \u2020 ?: birtokos. \u2013 Kv.-on v\u00e9gezte a k\u00f6z\u00e9piskol\u00e1t. R\u00e9szt vett a vh.-ban. Mintegy sz\u00e1z \u00e9vig a csal\u00e1d a marosszentkir\u00e1lyi unit. egyh\u00e1z patr\u00f3nusa volt. <br \/><strong>Irod.:<\/strong> Erd\u00e9lyi v\u00e1rmegy\u00e9k<\/br><\/p>\n","protected":false},"excerpt":{"rendered":"<p>N\u00e1zn\u00e1nfalva, 1898., \u2020 ?: birtokos. \u2013 Kv.-on v\u00e9gezte a k\u00f6z\u00e9piskol\u00e1t. R\u00e9szt vett a vh.-ban. Mintegy sz\u00e1z \u00e9vig a csal\u00e1d a marosszentkir\u00e1lyi unit. egyh\u00e1z patr\u00f3nusa volt. Irod.: Erd\u00e9lyi v\u00e1rmegy\u00e9k<\/p>\n","protected":false},"featured_media":0,"comment_status":"open","ping_status":"closed","template":"","meta":[],"product_brand":[],"product_cat":[137],"product_tag":[],"class_list":{"0":"post-16532","1":"product","2":"type-product","3":"status-publish","5":"product_cat-maros-megyei-eletrajzi-lexikon","7":"first","8":"instock","9":"shipping-taxable","10":"product-type-simple"},"_links":{"self":[{"href":"https:\/\/uj.adatbank.ro\/lexikon\/wp-json\/wp\/v2\/product\/16532","targetHints":{"allow":["GET"]}}],"collection":[{"href":"https:\/\/uj.adatbank.ro\/lexikon\/wp-json\/wp\/v2\/product"}],"about":[{"href":"https:\/\/uj.adatbank.ro\/lexikon\/wp-json\/wp\/v2\/types\/product"}],"replies":[{"embeddable":true,"href":"https:\/\/uj.adatbank.ro\/lexikon\/wp-json\/wp\/v2\/comments?post=16532"}],"wp:attachment":[{"href":"https:\/\/uj.adatbank.ro\/lexikon\/wp-json\/wp\/v2\/media?parent=16532"}],"wp:term":[{"taxonomy":"product_brand","embeddable":true,"href":"https:\/\/uj.adatbank.ro\/lexikon\/wp-json\/wp\/v2\/product_brand?post=16532"},{"taxonomy":"product_cat","embeddable":true,"href":"https:\/\/uj.adatbank.ro\/lexikon\/wp-json\/wp\/v2\/product_cat?post=16532"},{"taxonomy":"product_tag","embeddable":true,"href":"https:\/\/uj.adatbank.ro\/lexikon\/wp-json\/wp\/v2\/product_tag?post=16532"}],"curies":[{"name":"wp","href":"https:\/\/api.w.org\/{rel}","templated":true}]}}