{"id":16533,"date":"2025-07-15T16:20:56","date_gmt":"2025-07-15T14:20:56","guid":{"rendered":"https:\/\/uj.adatbank.ro\/lexikon\/termek\/nagy-zsigmond-kovendi\/"},"modified":"2025-07-15T16:20:56","modified_gmt":"2025-07-15T14:20:56","slug":"nagy-zsigmond-kovendi","status":"publish","type":"product","link":"https:\/\/uj.adatbank.ro\/lexikon\/termek\/nagy-zsigmond-kovendi\/","title":{"rendered":"NAGY Zsigmond, k\u00f6vendi"},"content":{"rendered":"<p>1807.? \u2020 Mv., 1890. jan. 11.: \u00fcgyv\u00e9d. \u2013 Testv\u00e9rei: N. Katalin L\u00e9tai S\u00e1ndorn\u00e9; N. Anna Bajk\u00f3 S\u00e1ndorn\u00e9 Feles\u00e9ge: id. Biki Zsuzs\u00e1nna. Nevelt le\u00e1nyuk Biki Mari.<br \/><strong>Irod.:<\/strong> Gy\u00e1szjelent.<\/br><\/p>\n","protected":false},"excerpt":{"rendered":"<p>1807.? \u2020 Mv., 1890. jan. 11.: \u00fcgyv\u00e9d. \u2013 Testv\u00e9rei: N. Katalin L\u00e9tai S\u00e1ndorn\u00e9; N. Anna Bajk\u00f3 S\u00e1ndorn\u00e9 Feles\u00e9ge: id. Biki Zsuzs\u00e1nna. Nevelt le\u00e1nyuk Biki Mari.Irod.: Gy\u00e1szjelent.<\/p>\n","protected":false},"featured_media":0,"comment_status":"open","ping_status":"closed","template":"","meta":[],"product_brand":[],"product_cat":[137],"product_tag":[],"class_list":{"0":"post-16533","1":"product","2":"type-product","3":"status-publish","5":"product_cat-maros-megyei-eletrajzi-lexikon","7":"first","8":"instock","9":"shipping-taxable","10":"product-type-simple"},"_links":{"self":[{"href":"https:\/\/uj.adatbank.ro\/lexikon\/wp-json\/wp\/v2\/product\/16533","targetHints":{"allow":["GET"]}}],"collection":[{"href":"https:\/\/uj.adatbank.ro\/lexikon\/wp-json\/wp\/v2\/product"}],"about":[{"href":"https:\/\/uj.adatbank.ro\/lexikon\/wp-json\/wp\/v2\/types\/product"}],"replies":[{"embeddable":true,"href":"https:\/\/uj.adatbank.ro\/lexikon\/wp-json\/wp\/v2\/comments?post=16533"}],"wp:attachment":[{"href":"https:\/\/uj.adatbank.ro\/lexikon\/wp-json\/wp\/v2\/media?parent=16533"}],"wp:term":[{"taxonomy":"product_brand","embeddable":true,"href":"https:\/\/uj.adatbank.ro\/lexikon\/wp-json\/wp\/v2\/product_brand?post=16533"},{"taxonomy":"product_cat","embeddable":true,"href":"https:\/\/uj.adatbank.ro\/lexikon\/wp-json\/wp\/v2\/product_cat?post=16533"},{"taxonomy":"product_tag","embeddable":true,"href":"https:\/\/uj.adatbank.ro\/lexikon\/wp-json\/wp\/v2\/product_tag?post=16533"}],"curies":[{"name":"wp","href":"https:\/\/api.w.org\/{rel}","templated":true}]}}