{"id":16535,"date":"2025-07-15T16:20:59","date_gmt":"2025-07-15T14:20:59","guid":{"rendered":"https:\/\/uj.adatbank.ro\/lexikon\/termek\/nagy-zsofia-borsai-vargyasi-br-daniel-peterne\/"},"modified":"2025-07-15T16:20:59","modified_gmt":"2025-07-15T14:20:59","slug":"nagy-zsofia-borsai-vargyasi-br-daniel-peterne","status":"publish","type":"product","link":"https:\/\/uj.adatbank.ro\/lexikon\/termek\/nagy-zsofia-borsai-vargyasi-br-daniel-peterne\/","title":{"rendered":"NAGY Zs\u00f3fia, borsai, vargyasi br. Daniel P\u00e9tern\u00e9"},"content":{"rendered":"<p>? \u2020 ? : Nagy Tam\u00e1s \u00e9s Petki Erzs\u00e9bet le\u00e1nya. Daniel P\u00e9ter feles\u00e9ge (1671\u2013). <br \/><strong>Irod.:<\/strong> \u00c1rva Bethlen K.<\/br><\/p>\n","protected":false},"excerpt":{"rendered":"<p>? \u2020 ? : Nagy Tam\u00e1s \u00e9s Petki Erzs\u00e9bet le\u00e1nya. Daniel P\u00e9ter feles\u00e9ge (1671\u2013). Irod.: \u00c1rva Bethlen K.<\/p>\n","protected":false},"featured_media":0,"comment_status":"open","ping_status":"closed","template":"","meta":[],"product_brand":[],"product_cat":[137],"product_tag":[],"class_list":{"0":"post-16535","1":"product","2":"type-product","3":"status-publish","5":"product_cat-maros-megyei-eletrajzi-lexikon","7":"first","8":"instock","9":"shipping-taxable","10":"product-type-simple"},"_links":{"self":[{"href":"https:\/\/uj.adatbank.ro\/lexikon\/wp-json\/wp\/v2\/product\/16535","targetHints":{"allow":["GET"]}}],"collection":[{"href":"https:\/\/uj.adatbank.ro\/lexikon\/wp-json\/wp\/v2\/product"}],"about":[{"href":"https:\/\/uj.adatbank.ro\/lexikon\/wp-json\/wp\/v2\/types\/product"}],"replies":[{"embeddable":true,"href":"https:\/\/uj.adatbank.ro\/lexikon\/wp-json\/wp\/v2\/comments?post=16535"}],"wp:attachment":[{"href":"https:\/\/uj.adatbank.ro\/lexikon\/wp-json\/wp\/v2\/media?parent=16535"}],"wp:term":[{"taxonomy":"product_brand","embeddable":true,"href":"https:\/\/uj.adatbank.ro\/lexikon\/wp-json\/wp\/v2\/product_brand?post=16535"},{"taxonomy":"product_cat","embeddable":true,"href":"https:\/\/uj.adatbank.ro\/lexikon\/wp-json\/wp\/v2\/product_cat?post=16535"},{"taxonomy":"product_tag","embeddable":true,"href":"https:\/\/uj.adatbank.ro\/lexikon\/wp-json\/wp\/v2\/product_tag?post=16535"}],"curies":[{"name":"wp","href":"https:\/\/api.w.org\/{rel}","templated":true}]}}