{"id":16539,"date":"2025-07-15T16:21:09","date_gmt":"2025-07-15T14:21:09","guid":{"rendered":"https:\/\/uj.adatbank.ro\/lexikon\/termek\/nagy-zsuzsanna-galfalvi-botos-peterne-tompai\/"},"modified":"2025-07-15T16:21:09","modified_gmt":"2025-07-15T14:21:09","slug":"nagy-zsuzsanna-galfalvi-botos-peterne-tompai","status":"publish","type":"product","link":"https:\/\/uj.adatbank.ro\/lexikon\/termek\/nagy-zsuzsanna-galfalvi-botos-peterne-tompai\/","title":{"rendered":"NAGY Zsuzsanna, g\u00e1lfalvi, BOTOS P\u00e9tern\u00e9, tompai"},"content":{"rendered":"<p>? \u2020 ?: a f\u00e9rje B. P. alkir\u00e1lyb\u00edr\u00f3 volt (1655). <br \/><strong>Irod.:<\/strong> Kozma Gergely : Halotti besz\u00e9d Botos P\u00e9tern\u00e9 Nagy Susanna felett (Kv., 1802); P\u00e1lmay<\/br><\/p>\n","protected":false},"excerpt":{"rendered":"<p>? \u2020 ?: a f\u00e9rje B. P. alkir\u00e1lyb\u00edr\u00f3 volt (1655). Irod.: Kozma Gergely : Halotti besz\u00e9d Botos P\u00e9tern\u00e9 Nagy Susanna felett (Kv., 1802); P\u00e1lmay<\/p>\n","protected":false},"featured_media":0,"comment_status":"open","ping_status":"closed","template":"","meta":[],"product_brand":[],"product_cat":[137],"product_tag":[],"class_list":{"0":"post-16539","1":"product","2":"type-product","3":"status-publish","5":"product_cat-maros-megyei-eletrajzi-lexikon","7":"first","8":"instock","9":"shipping-taxable","10":"product-type-simple"},"_links":{"self":[{"href":"https:\/\/uj.adatbank.ro\/lexikon\/wp-json\/wp\/v2\/product\/16539","targetHints":{"allow":["GET"]}}],"collection":[{"href":"https:\/\/uj.adatbank.ro\/lexikon\/wp-json\/wp\/v2\/product"}],"about":[{"href":"https:\/\/uj.adatbank.ro\/lexikon\/wp-json\/wp\/v2\/types\/product"}],"replies":[{"embeddable":true,"href":"https:\/\/uj.adatbank.ro\/lexikon\/wp-json\/wp\/v2\/comments?post=16539"}],"wp:attachment":[{"href":"https:\/\/uj.adatbank.ro\/lexikon\/wp-json\/wp\/v2\/media?parent=16539"}],"wp:term":[{"taxonomy":"product_brand","embeddable":true,"href":"https:\/\/uj.adatbank.ro\/lexikon\/wp-json\/wp\/v2\/product_brand?post=16539"},{"taxonomy":"product_cat","embeddable":true,"href":"https:\/\/uj.adatbank.ro\/lexikon\/wp-json\/wp\/v2\/product_cat?post=16539"},{"taxonomy":"product_tag","embeddable":true,"href":"https:\/\/uj.adatbank.ro\/lexikon\/wp-json\/wp\/v2\/product_tag?post=16539"}],"curies":[{"name":"wp","href":"https:\/\/api.w.org\/{rel}","templated":true}]}}