{"id":1654,"date":"2025-06-28T11:48:57","date_gmt":"2025-06-28T09:48:57","guid":{"rendered":"https:\/\/uj.adatbank.ro\/lexikon\/termek\/agotha-endre-agotha-andras\/"},"modified":"2025-06-28T11:48:57","modified_gmt":"2025-06-28T09:48:57","slug":"agotha-endre-agotha-andras","status":"publish","type":"product","link":"https:\/\/uj.adatbank.ro\/lexikon\/termek\/agotha-endre-agotha-andras\/","title":{"rendered":"\u00c1GOTHA Endre, \u00c1gotha Andr\u00e1s"},"content":{"rendered":"<p>Sz\u00e9kelyudvarhely, 1889. j\u00fal. 31., \u2020\u00a0Mv., 1955. szept. 29.: r. k. esperes-pl\u00e9b\u00e1nos. \u2013 Papp\u00e1 szentel\u00e9se (1913. j\u00fan. 22.) ut\u00e1n Nagyerny\u00e9ben szolg\u00e1lt (1913\u2013), majd Vulk\u00e1nban, Gyergyszentmikl\u00f3son, Cs\u00edkszered\u00e1ban. Mv.-en a R. K. Gimn.-ban hittan tan\u00e1r (1915\u201319), k\u00e9s\u0151bb \u00c1kosfalv\u00e1n (1921), Szenth\u00e1roms\u00e1gon (1924) \u00e1tvette a pl\u00e9b\u00e1nia vezet\u00e9s\u00e9t (1924. j\u00fan. 1.\u201328). Az Egyh\u00e1zmegyei F\u0151hat\u00f3s\u00e1g rendelet\u00e9vel a szenth\u00e1roms\u00e1gi pl\u00e9b\u00e1nia adminisztr\u00e1ci\u00f3ja al\u00e1 rendelte Nyom\u00e1tot \u00e9s Sz\u00e9kelyb\u00f3st (1927\u2013). Nagyerny\u00e9be helyezt\u00e9k (1928\u201332), majd Ny\u00e1r\u00e1dremete pl\u00e9b\u00e1nosa lett (1933\u201345) \u00e9s a kat. egyh\u00e1zi iskol\u00e1k tanfel\u00fcgyel\u0151je volt (1932\u201344). A II. vh. v\u00e9g\u00e9n az orosz csapatok el\u0151l Mo.-ra menek\u00fclt, mag\u00e1ra hagyva az egyh\u00e1zk\u00f6zs\u00e9g\u00e9t, \u00e9s mag\u00e1val vitte a hitk\u00f6zs\u00e9g k\u00e9szp\u00e9nz\u00e9t is. Ezt a p\u00e9nzt \u00e1tadta a j\u00e1szap\u00e1ti r. k. egyh\u00e1znak (1945. j\u00fan. 15.). Mo.-r\u00f3l visszat\u00e9rve, Ny\u00e1r\u00e1dsely\u00e9ben volt esperespl\u00e9b\u00e1nos (1946\u2013), majd pl\u00e9b\u00e1nos Mv.-en (1955-ig). Szerepet v\u00e1llalt a kommunista hat\u00f3s\u00e1gok \u00e1ltal kezdem\u00e9nyezett b\u00e9kepapi mozgalomban, a mozgalom \u00e9l\u00e9re \u00e1llott (1950), melynek c\u00e9lja a Szentsz\u00e9k \u00e9s a rom\u00e1niai kat. egyh\u00e1z k\u00f6z\u00f6tti kapcsolat megszak\u00edt\u00e1sa volt. A B\u00e9kefelh\u00edv\u00e1s egyik szerk.-je \u00e9s szorgalmaz\u00f3ja a kat. paps\u00e1g k\u00f6r\u00e9ben (1949). A kultuszhat\u00f3s\u00e1gok az eg\u00e9sz orsz\u00e1gb\u00f3l \u00e9rtekezletre h\u00edvt\u00e1k a katolikus papokat Mv.-re (1950. \u00e1pr. 27.), megalap\u00edtott\u00e1k a Katolikus Akci\u00f3bizotts\u00e1got, amelynek eln\u00f6ke lett. A Szentsz\u00e9k illet\u00e9kes kongreg\u00e1ci\u00f3ja kik\u00f6z\u00f6s\u00edt\u00e9ssel b\u00fcntette (1950. m\u00e1j. 2.). Az egyh\u00e1z f\u00f6l\u00f6tti uralom teljes megszerz\u00e9se \u00e9rdek\u00e9ben az \u00e1llamhatalom Kv.-ra st\u00e1tusgy\u0171l\u00e9st h\u00edvott \u00f6ssze (1951. m\u00e1rc.15), amelyen minden\u00e1ron p\u00fcsp\u00f6kk\u00e9 akarta mag\u00e1t v\u00e1lasztatni, de kudarcoot vallott. A mv.-i minorita templomba helyezt\u00e9k (1952. jan. 12.\u2013). M\u00e1rton \u00c1ron p\u00fcsp\u00f6k megvonta t\u0151le a mis\u00e9z\u00e9s jog\u00e1t, semmif\u00e9le egyh\u00e1zi munk\u00e1t nem v\u00e9gezhetett (1955\u2013). <br \/><strong>Irod.:<\/strong> Bottoni 2008; Ferenczi S\u00e1ndor 2009; Ferenczi S\u00e1ndor 2012; Id\u0151t\u00e1r 3; Id\u0151t\u00e1r 4.; Katona Szab\u00f3; L\u00e9sty\u00e1n Ferenc: Mv. kat. egyh\u00e1za a kommunista elnyom\u00e1s idej\u00e9n (Kv., 2007); Kakucs: Ny\u00e1r\u00e1dremete (2008); Katona Szab\u00f3; Maros-k\u00fck\u00fcll\u0151i f\u0151esp; Virt<\/br><\/p>\n","protected":false},"excerpt":{"rendered":"<p>Sz\u00e9kelyudvarhely, 1889. j\u00fal. 31., \u2020\u00a0Mv., 1955. szept. 29.: r. k. esperes-pl\u00e9b\u00e1nos. \u2013 Papp\u00e1 szentel\u00e9se (1913. j\u00fan. 22.) ut\u00e1n Nagyerny\u00e9ben szolg\u00e1lt (1913\u2013), majd Vulk\u00e1nban, Gyergyszentmikl\u00f3son, Cs\u00edkszered\u00e1ban. Mv.-en a R. K. Gimn.-ban hittan tan\u00e1r (1915\u201319), k\u00e9s\u0151bb \u00c1kosfalv\u00e1n (1921), Szenth\u00e1roms\u00e1gon (1924) \u00e1tvette a pl\u00e9b\u00e1nia vezet\u00e9s\u00e9t (1924. j\u00fan. 1.\u201328). Az Egyh\u00e1zmegyei F\u0151hat\u00f3s\u00e1g rendelet\u00e9vel a szenth\u00e1roms\u00e1gi pl\u00e9b\u00e1nia adminisztr\u00e1ci\u00f3ja al\u00e1 rendelte [&hellip;]<\/p>\n","protected":false},"featured_media":0,"comment_status":"open","ping_status":"closed","template":"","meta":[],"product_brand":[],"product_cat":[137],"product_tag":[],"class_list":{"0":"post-1654","1":"product","2":"type-product","3":"status-publish","5":"product_cat-maros-megyei-eletrajzi-lexikon","7":"first","8":"instock","9":"shipping-taxable","10":"product-type-simple"},"_links":{"self":[{"href":"https:\/\/uj.adatbank.ro\/lexikon\/wp-json\/wp\/v2\/product\/1654","targetHints":{"allow":["GET"]}}],"collection":[{"href":"https:\/\/uj.adatbank.ro\/lexikon\/wp-json\/wp\/v2\/product"}],"about":[{"href":"https:\/\/uj.adatbank.ro\/lexikon\/wp-json\/wp\/v2\/types\/product"}],"replies":[{"embeddable":true,"href":"https:\/\/uj.adatbank.ro\/lexikon\/wp-json\/wp\/v2\/comments?post=1654"}],"wp:attachment":[{"href":"https:\/\/uj.adatbank.ro\/lexikon\/wp-json\/wp\/v2\/media?parent=1654"}],"wp:term":[{"taxonomy":"product_brand","embeddable":true,"href":"https:\/\/uj.adatbank.ro\/lexikon\/wp-json\/wp\/v2\/product_brand?post=1654"},{"taxonomy":"product_cat","embeddable":true,"href":"https:\/\/uj.adatbank.ro\/lexikon\/wp-json\/wp\/v2\/product_cat?post=1654"},{"taxonomy":"product_tag","embeddable":true,"href":"https:\/\/uj.adatbank.ro\/lexikon\/wp-json\/wp\/v2\/product_tag?post=1654"}],"curies":[{"name":"wp","href":"https:\/\/api.w.org\/{rel}","templated":true}]}}