{"id":16550,"date":"2025-07-15T16:21:30","date_gmt":"2025-07-15T14:21:30","guid":{"rendered":"https:\/\/uj.adatbank.ro\/lexikon\/termek\/nagyfalusi-andor-neumann\/"},"modified":"2025-07-15T16:21:30","modified_gmt":"2025-07-15T14:21:30","slug":"nagyfalusi-andor-neumann","status":"publish","type":"product","link":"https:\/\/uj.adatbank.ro\/lexikon\/termek\/nagyfalusi-andor-neumann\/","title":{"rendered":"NAGYFALUSI Andor; Neumann"},"content":{"rendered":"<p>Segesv\u00e1r, 1899., \u2020 ?: orvos. \u2013 Tanult Bp. Szegeden \u00e9s hosszabb ideig k\u00fclf\u00f6ld\u00f6n. A Margitszigeten f\u00fcrd\u0151orvos, \u00faj gy\u00f3gyszereket k\u00e9sz\u00edtett pl. Magnocarbon-t. Cikkei orvosi lapokban. \u2013 <strong>F. m.:<\/strong> Genf : V\u00edgj\u00e1t\u00e9k (bem. a bp-i Kamarasz\u00ednh\u00e1z). <br \/><strong>Irod.:<\/strong> Guly\u00e1s<\/br><\/p>\n","protected":false},"excerpt":{"rendered":"<p>Segesv\u00e1r, 1899., \u2020 ?: orvos. \u2013 Tanult Bp. Szegeden \u00e9s hosszabb ideig k\u00fclf\u00f6ld\u00f6n. A Margitszigeten f\u00fcrd\u0151orvos, \u00faj gy\u00f3gyszereket k\u00e9sz\u00edtett pl. Magnocarbon-t. Cikkei orvosi lapokban. \u2013 F. m.: Genf : V\u00edgj\u00e1t\u00e9k (bem. a bp-i Kamarasz\u00ednh\u00e1z). Irod.: Guly\u00e1s<\/p>\n","protected":false},"featured_media":0,"comment_status":"open","ping_status":"closed","template":"","meta":[],"product_brand":[],"product_cat":[137],"product_tag":[],"class_list":{"0":"post-16550","1":"product","2":"type-product","3":"status-publish","5":"product_cat-maros-megyei-eletrajzi-lexikon","7":"first","8":"instock","9":"shipping-taxable","10":"product-type-simple"},"_links":{"self":[{"href":"https:\/\/uj.adatbank.ro\/lexikon\/wp-json\/wp\/v2\/product\/16550","targetHints":{"allow":["GET"]}}],"collection":[{"href":"https:\/\/uj.adatbank.ro\/lexikon\/wp-json\/wp\/v2\/product"}],"about":[{"href":"https:\/\/uj.adatbank.ro\/lexikon\/wp-json\/wp\/v2\/types\/product"}],"replies":[{"embeddable":true,"href":"https:\/\/uj.adatbank.ro\/lexikon\/wp-json\/wp\/v2\/comments?post=16550"}],"wp:attachment":[{"href":"https:\/\/uj.adatbank.ro\/lexikon\/wp-json\/wp\/v2\/media?parent=16550"}],"wp:term":[{"taxonomy":"product_brand","embeddable":true,"href":"https:\/\/uj.adatbank.ro\/lexikon\/wp-json\/wp\/v2\/product_brand?post=16550"},{"taxonomy":"product_cat","embeddable":true,"href":"https:\/\/uj.adatbank.ro\/lexikon\/wp-json\/wp\/v2\/product_cat?post=16550"},{"taxonomy":"product_tag","embeddable":true,"href":"https:\/\/uj.adatbank.ro\/lexikon\/wp-json\/wp\/v2\/product_tag?post=16550"}],"curies":[{"name":"wp","href":"https:\/\/api.w.org\/{rel}","templated":true}]}}