{"id":16552,"date":"2025-07-15T16:21:34","date_gmt":"2025-07-15T14:21:34","guid":{"rendered":"https:\/\/uj.adatbank.ro\/lexikon\/termek\/nagyfalusi-miklos\/"},"modified":"2025-07-15T16:21:34","modified_gmt":"2025-07-15T14:21:34","slug":"nagyfalusi-miklos","status":"publish","type":"product","link":"https:\/\/uj.adatbank.ro\/lexikon\/termek\/nagyfalusi-miklos\/","title":{"rendered":"NAGYFALUSI Mikl\u00f3s"},"content":{"rendered":"<p>? \u2020 ?: r. k. pap. \u2013 Sz\u00e1szr\u00e9genben B\u00e1nffy Istv\u00e1n birtokr\u00e9sz\u00e9n \u00e1llt a templom, a feh\u00e9rv\u00e1ri nagypr\u00e9post, megb\u00edzta a pl\u00e9b\u00e1nia vezet\u00e9s\u00e9vel (1427 ut\u00e1n, Bertalan pl\u00e9b\u00e1nos hal\u00e1la ut\u00e1n). B\u00e1nffi Istv\u00e1n kegyurat Nagyfalusi Mikl\u00f3ssal egy\u00fctt kik\u00f6z\u00f6s\u00edtette, de feloldoz\u00e1st nyertek V. Mikl\u00f3s p\u00e1p\u00e1t\u00f3l. <br \/><strong>Irod.:<\/strong> Marton J\u00f3zsef;.Marton J. 2013<\/br><\/p>\n","protected":false},"excerpt":{"rendered":"<p>? \u2020 ?: r. k. pap. \u2013 Sz\u00e1szr\u00e9genben B\u00e1nffy Istv\u00e1n birtokr\u00e9sz\u00e9n \u00e1llt a templom, a feh\u00e9rv\u00e1ri nagypr\u00e9post, megb\u00edzta a pl\u00e9b\u00e1nia vezet\u00e9s\u00e9vel (1427 ut\u00e1n, Bertalan pl\u00e9b\u00e1nos hal\u00e1la ut\u00e1n). B\u00e1nffi Istv\u00e1n kegyurat Nagyfalusi Mikl\u00f3ssal egy\u00fctt kik\u00f6z\u00f6s\u00edtette, de feloldoz\u00e1st nyertek V. Mikl\u00f3s p\u00e1p\u00e1t\u00f3l. Irod.: Marton J\u00f3zsef;.Marton J. 2013<\/p>\n","protected":false},"featured_media":0,"comment_status":"open","ping_status":"closed","template":"","meta":[],"product_brand":[],"product_cat":[137],"product_tag":[],"class_list":{"0":"post-16552","1":"product","2":"type-product","3":"status-publish","5":"product_cat-maros-megyei-eletrajzi-lexikon","7":"first","8":"instock","9":"shipping-taxable","10":"product-type-simple"},"_links":{"self":[{"href":"https:\/\/uj.adatbank.ro\/lexikon\/wp-json\/wp\/v2\/product\/16552","targetHints":{"allow":["GET"]}}],"collection":[{"href":"https:\/\/uj.adatbank.ro\/lexikon\/wp-json\/wp\/v2\/product"}],"about":[{"href":"https:\/\/uj.adatbank.ro\/lexikon\/wp-json\/wp\/v2\/types\/product"}],"replies":[{"embeddable":true,"href":"https:\/\/uj.adatbank.ro\/lexikon\/wp-json\/wp\/v2\/comments?post=16552"}],"wp:attachment":[{"href":"https:\/\/uj.adatbank.ro\/lexikon\/wp-json\/wp\/v2\/media?parent=16552"}],"wp:term":[{"taxonomy":"product_brand","embeddable":true,"href":"https:\/\/uj.adatbank.ro\/lexikon\/wp-json\/wp\/v2\/product_brand?post=16552"},{"taxonomy":"product_cat","embeddable":true,"href":"https:\/\/uj.adatbank.ro\/lexikon\/wp-json\/wp\/v2\/product_cat?post=16552"},{"taxonomy":"product_tag","embeddable":true,"href":"https:\/\/uj.adatbank.ro\/lexikon\/wp-json\/wp\/v2\/product_tag?post=16552"}],"curies":[{"name":"wp","href":"https:\/\/api.w.org\/{rel}","templated":true}]}}