{"id":16554,"date":"2025-07-15T16:21:40","date_gmt":"2025-07-15T14:21:40","guid":{"rendered":"https:\/\/uj.adatbank.ro\/lexikon\/termek\/nagykapusi-hofmeister-miklos-huemeister-de-maiori-capsch-v-nicolaus-de-chapias\/"},"modified":"2025-07-15T16:21:40","modified_gmt":"2025-07-15T14:21:40","slug":"nagykapusi-hofmeister-miklos-huemeister-de-maiori-capsch-v-nicolaus-de-chapias","status":"publish","type":"product","link":"https:\/\/uj.adatbank.ro\/lexikon\/termek\/nagykapusi-hofmeister-miklos-huemeister-de-maiori-capsch-v-nicolaus-de-chapias\/","title":{"rendered":"NAGYKAPUSI HOFMEISTER Mikl\u00f3s, Huemeister de Maiori Capsch v. Nicolaus de Chapias"},"content":{"rendered":"<p>? \u2020 ?: r. k. pap, f\u0151esperes.\u2013V. L\u00e1szl\u00f3 kir\u00e1ly k\u00e1pl\u00e1nja volt. A b\u00e9csi egyetem hallgat\u00f3ja lett (1439\u2013). K\u00fck\u00fcll\u0151i f\u0151esperes (1455\u2013). A kir\u00e1lyi kancell\u00e1ria protonot\u00e1riusa (1455\u2013) Nicolaus de Kapws n\u00e9ven. K\u00f6zbenj\u00e1r\u00e1s\u00e1ra Medgyes jogot kapott \u00e9vi \u00e9s heti v\u00e1s\u00e1r tart\u00e1s\u00e1ra (1455. m\u00e1rc. 12.\u2013). <br \/><strong>Irod.:<\/strong> Ferenczi 2012; T\u00f3th Istv\u00e1n: A gyulafeh\u00e9rv\u00e1ri humanista k\u00f6lt\u00e9szet antol\u00f3gi\u00e1ja (Bp., 2001)<\/br><\/p>\n","protected":false},"excerpt":{"rendered":"<p>? \u2020 ?: r. k. pap, f\u0151esperes.\u2013V. L\u00e1szl\u00f3 kir\u00e1ly k\u00e1pl\u00e1nja volt. A b\u00e9csi egyetem hallgat\u00f3ja lett (1439\u2013). K\u00fck\u00fcll\u0151i f\u0151esperes (1455\u2013). A kir\u00e1lyi kancell\u00e1ria protonot\u00e1riusa (1455\u2013) Nicolaus de Kapws n\u00e9ven. K\u00f6zbenj\u00e1r\u00e1s\u00e1ra Medgyes jogot kapott \u00e9vi \u00e9s heti v\u00e1s\u00e1r tart\u00e1s\u00e1ra (1455. m\u00e1rc. 12.\u2013). Irod.: Ferenczi 2012; T\u00f3th Istv\u00e1n: A gyulafeh\u00e9rv\u00e1ri humanista k\u00f6lt\u00e9szet antol\u00f3gi\u00e1ja (Bp., 2001)<\/p>\n","protected":false},"featured_media":0,"comment_status":"open","ping_status":"closed","template":"","meta":[],"product_brand":[],"product_cat":[137],"product_tag":[],"class_list":{"0":"post-16554","1":"product","2":"type-product","3":"status-publish","5":"product_cat-maros-megyei-eletrajzi-lexikon","7":"first","8":"instock","9":"shipping-taxable","10":"product-type-simple"},"_links":{"self":[{"href":"https:\/\/uj.adatbank.ro\/lexikon\/wp-json\/wp\/v2\/product\/16554","targetHints":{"allow":["GET"]}}],"collection":[{"href":"https:\/\/uj.adatbank.ro\/lexikon\/wp-json\/wp\/v2\/product"}],"about":[{"href":"https:\/\/uj.adatbank.ro\/lexikon\/wp-json\/wp\/v2\/types\/product"}],"replies":[{"embeddable":true,"href":"https:\/\/uj.adatbank.ro\/lexikon\/wp-json\/wp\/v2\/comments?post=16554"}],"wp:attachment":[{"href":"https:\/\/uj.adatbank.ro\/lexikon\/wp-json\/wp\/v2\/media?parent=16554"}],"wp:term":[{"taxonomy":"product_brand","embeddable":true,"href":"https:\/\/uj.adatbank.ro\/lexikon\/wp-json\/wp\/v2\/product_brand?post=16554"},{"taxonomy":"product_cat","embeddable":true,"href":"https:\/\/uj.adatbank.ro\/lexikon\/wp-json\/wp\/v2\/product_cat?post=16554"},{"taxonomy":"product_tag","embeddable":true,"href":"https:\/\/uj.adatbank.ro\/lexikon\/wp-json\/wp\/v2\/product_tag?post=16554"}],"curies":[{"name":"wp","href":"https:\/\/api.w.org\/{rel}","templated":true}]}}