{"id":16557,"date":"2025-07-15T16:21:45","date_gmt":"2025-07-15T14:21:45","guid":{"rendered":"https:\/\/uj.adatbank.ro\/lexikon\/termek\/nagyoszy-miklos\/"},"modified":"2025-07-15T16:21:45","modified_gmt":"2025-07-15T14:21:45","slug":"nagyoszy-miklos","status":"publish","type":"product","link":"https:\/\/uj.adatbank.ro\/lexikon\/termek\/nagyoszy-miklos\/","title":{"rendered":"NAGY\u0150SZY Mikl\u00f3s"},"content":{"rendered":"<p>Nagy\u0151sz, 1896. szept. 21., \u2020 B\u00e9cs, 1968. \u00e1pr. 3.: alt\u00e1bornagy. \u2013 A 27. sz\u00e9kely k\u00f6nny\u0171 hadoszt\u00e1ly parancsnoka vez\u00e9r\u0151rnagyi rendfokozatban (1943. febr. 1.\u20131943. okt. 1.). <br \/><strong>Irod.:<\/strong> Berekm\u00e9ri: mv.-i 27. hadoszt\u00e1ly<\/br><\/p>\n","protected":false},"excerpt":{"rendered":"<p>Nagy\u0151sz, 1896. szept. 21., \u2020 B\u00e9cs, 1968. \u00e1pr. 3.: alt\u00e1bornagy. \u2013 A 27. sz\u00e9kely k\u00f6nny\u0171 hadoszt\u00e1ly parancsnoka vez\u00e9r\u0151rnagyi rendfokozatban (1943. febr. 1.\u20131943. okt. 1.). Irod.: Berekm\u00e9ri: mv.-i 27. hadoszt\u00e1ly<\/p>\n","protected":false},"featured_media":0,"comment_status":"open","ping_status":"closed","template":"","meta":[],"product_brand":[],"product_cat":[137],"product_tag":[],"class_list":{"0":"post-16557","1":"product","2":"type-product","3":"status-publish","5":"product_cat-maros-megyei-eletrajzi-lexikon","7":"first","8":"instock","9":"shipping-taxable","10":"product-type-simple"},"_links":{"self":[{"href":"https:\/\/uj.adatbank.ro\/lexikon\/wp-json\/wp\/v2\/product\/16557","targetHints":{"allow":["GET"]}}],"collection":[{"href":"https:\/\/uj.adatbank.ro\/lexikon\/wp-json\/wp\/v2\/product"}],"about":[{"href":"https:\/\/uj.adatbank.ro\/lexikon\/wp-json\/wp\/v2\/types\/product"}],"replies":[{"embeddable":true,"href":"https:\/\/uj.adatbank.ro\/lexikon\/wp-json\/wp\/v2\/comments?post=16557"}],"wp:attachment":[{"href":"https:\/\/uj.adatbank.ro\/lexikon\/wp-json\/wp\/v2\/media?parent=16557"}],"wp:term":[{"taxonomy":"product_brand","embeddable":true,"href":"https:\/\/uj.adatbank.ro\/lexikon\/wp-json\/wp\/v2\/product_brand?post=16557"},{"taxonomy":"product_cat","embeddable":true,"href":"https:\/\/uj.adatbank.ro\/lexikon\/wp-json\/wp\/v2\/product_cat?post=16557"},{"taxonomy":"product_tag","embeddable":true,"href":"https:\/\/uj.adatbank.ro\/lexikon\/wp-json\/wp\/v2\/product_tag?post=16557"}],"curies":[{"name":"wp","href":"https:\/\/api.w.org\/{rel}","templated":true}]}}