{"id":16559,"date":"2025-07-15T16:21:49","date_gmt":"2025-07-15T14:21:49","guid":{"rendered":"https:\/\/uj.adatbank.ro\/lexikon\/termek\/nagypal-bela-friedenstein-bela\/"},"modified":"2025-07-15T16:21:49","modified_gmt":"2025-07-15T14:21:49","slug":"nagypal-bela-friedenstein-bela","status":"publish","type":"product","link":"https:\/\/uj.adatbank.ro\/lexikon\/termek\/nagypal-bela-friedenstein-bela\/","title":{"rendered":"NAGYP\u00c1L B\u00e9la; Friedenstein B\u00e9la,"},"content":{"rendered":"<p>Bp., 1894. j\u00fal. 19., \u2020 Bp., 1968. j\u00fan. 30.: zeneszerz\u0151, karnagy. \u2013 Bp-en zeneakad\u00e9mi\u00e1t v\u00e9gzett. Karnagy a N\u00e9poper\u00e1ban (1913), Pozsonyban (1915), Kass\u00e1n, Sebesty\u00e9n Mih\u00e1ly mv.-i zenekar\u00e1n\u00e1l (1918), a Kir\u00e1ly Sz\u00ednh\u00e1z \u00e9s a V\u00e1rosi Sz\u00ednh\u00e1zn\u00e1l. \u2013 <strong>F. m.:<\/strong> Lehel k\u00fcrtje: Opera (bem. Pozsony, 1916); Asszonyk\u00e1m: Operett (bem. V\u00e1rosi Sz\u00ednh\u00e1z, 1926); A cig\u00e1nykir\u00e1ly: Operett (bem. V\u00e1rosi Szinh., 1927); Pista n\u00e9ni: V\u00edgj\u00e1t\u00e9k (bem. Kir\u00e1ly Sz\u00ednh., 1929. jan. 30, B\u00e9csben Juliska c\u00edmen Fed\u00e1k S\u00e1rival 1929. \u00e1pr. 26); A palatinusz r\u00f3zs\u00e1i : Operett (1929); K\u00e9k Duna, Tarantella, Angyalt vettem feles\u00e9g\u00fcl operettek \u00e9s a Hung\u00e1ria nyit\u00e1nya p\u00e1lyad\u00edjat nyert. <br \/><strong>Irod.:<\/strong> Guly\u00e1s; \u00daM\u00c9L<\/br><\/p>\n","protected":false},"excerpt":{"rendered":"<p>Bp., 1894. j\u00fal. 19., \u2020 Bp., 1968. j\u00fan. 30.: zeneszerz\u0151, karnagy. \u2013 Bp-en zeneakad\u00e9mi\u00e1t v\u00e9gzett. Karnagy a N\u00e9poper\u00e1ban (1913), Pozsonyban (1915), Kass\u00e1n, Sebesty\u00e9n Mih\u00e1ly mv.-i zenekar\u00e1n\u00e1l (1918), a Kir\u00e1ly Sz\u00ednh\u00e1z \u00e9s a V\u00e1rosi Sz\u00ednh\u00e1zn\u00e1l. \u2013 F. m.: Lehel k\u00fcrtje: Opera (bem. Pozsony, 1916); Asszonyk\u00e1m: Operett (bem. V\u00e1rosi Sz\u00ednh\u00e1z, 1926); A cig\u00e1nykir\u00e1ly: Operett (bem. V\u00e1rosi Szinh., [&hellip;]<\/p>\n","protected":false},"featured_media":0,"comment_status":"open","ping_status":"closed","template":"","meta":[],"product_brand":[],"product_cat":[137],"product_tag":[],"class_list":{"0":"post-16559","1":"product","2":"type-product","3":"status-publish","5":"product_cat-maros-megyei-eletrajzi-lexikon","7":"first","8":"instock","9":"shipping-taxable","10":"product-type-simple"},"_links":{"self":[{"href":"https:\/\/uj.adatbank.ro\/lexikon\/wp-json\/wp\/v2\/product\/16559","targetHints":{"allow":["GET"]}}],"collection":[{"href":"https:\/\/uj.adatbank.ro\/lexikon\/wp-json\/wp\/v2\/product"}],"about":[{"href":"https:\/\/uj.adatbank.ro\/lexikon\/wp-json\/wp\/v2\/types\/product"}],"replies":[{"embeddable":true,"href":"https:\/\/uj.adatbank.ro\/lexikon\/wp-json\/wp\/v2\/comments?post=16559"}],"wp:attachment":[{"href":"https:\/\/uj.adatbank.ro\/lexikon\/wp-json\/wp\/v2\/media?parent=16559"}],"wp:term":[{"taxonomy":"product_brand","embeddable":true,"href":"https:\/\/uj.adatbank.ro\/lexikon\/wp-json\/wp\/v2\/product_brand?post=16559"},{"taxonomy":"product_cat","embeddable":true,"href":"https:\/\/uj.adatbank.ro\/lexikon\/wp-json\/wp\/v2\/product_cat?post=16559"},{"taxonomy":"product_tag","embeddable":true,"href":"https:\/\/uj.adatbank.ro\/lexikon\/wp-json\/wp\/v2\/product_tag?post=16559"}],"curies":[{"name":"wp","href":"https:\/\/api.w.org\/{rel}","templated":true}]}}