{"id":1656,"date":"2025-06-28T11:49:01","date_gmt":"2025-06-28T09:49:01","guid":{"rendered":"https:\/\/uj.adatbank.ro\/lexikon\/termek\/agura-nicolae\/"},"modified":"2025-06-28T11:49:01","modified_gmt":"2025-06-28T09:49:01","slug":"agura-nicolae","status":"publish","type":"product","link":"https:\/\/uj.adatbank.ro\/lexikon\/termek\/agura-nicolae\/","title":{"rendered":"AGURA Nicolae"},"content":{"rendered":"<p>Leova, 1903. m\u00e1rc. 20., \u2020 ? : ort. pap. \u2013 Maroskereszt\u00faron szolg\u00e1lt (1947\u201371). Tev\u00e9kenys\u00e9g\u00e9t megfigyelte a securitate. <br \/><strong>Irod.:<\/strong> Bartos 2012; Criste\u015fti \u2013 Mure\u015f; \u015eincan 2006<\/br><\/p>\n","protected":false},"excerpt":{"rendered":"<p>Leova, 1903. m\u00e1rc. 20., \u2020 ? : ort. pap. \u2013 Maroskereszt\u00faron szolg\u00e1lt (1947\u201371). Tev\u00e9kenys\u00e9g\u00e9t megfigyelte a securitate. Irod.: Bartos 2012; Criste\u015fti \u2013 Mure\u015f; \u015eincan 2006<\/p>\n","protected":false},"featured_media":0,"comment_status":"open","ping_status":"closed","template":"","meta":[],"product_brand":[],"product_cat":[137],"product_tag":[],"class_list":{"0":"post-1656","1":"product","2":"type-product","3":"status-publish","5":"product_cat-maros-megyei-eletrajzi-lexikon","7":"first","8":"instock","9":"shipping-taxable","10":"product-type-simple"},"_links":{"self":[{"href":"https:\/\/uj.adatbank.ro\/lexikon\/wp-json\/wp\/v2\/product\/1656","targetHints":{"allow":["GET"]}}],"collection":[{"href":"https:\/\/uj.adatbank.ro\/lexikon\/wp-json\/wp\/v2\/product"}],"about":[{"href":"https:\/\/uj.adatbank.ro\/lexikon\/wp-json\/wp\/v2\/types\/product"}],"replies":[{"embeddable":true,"href":"https:\/\/uj.adatbank.ro\/lexikon\/wp-json\/wp\/v2\/comments?post=1656"}],"wp:attachment":[{"href":"https:\/\/uj.adatbank.ro\/lexikon\/wp-json\/wp\/v2\/media?parent=1656"}],"wp:term":[{"taxonomy":"product_brand","embeddable":true,"href":"https:\/\/uj.adatbank.ro\/lexikon\/wp-json\/wp\/v2\/product_brand?post=1656"},{"taxonomy":"product_cat","embeddable":true,"href":"https:\/\/uj.adatbank.ro\/lexikon\/wp-json\/wp\/v2\/product_cat?post=1656"},{"taxonomy":"product_tag","embeddable":true,"href":"https:\/\/uj.adatbank.ro\/lexikon\/wp-json\/wp\/v2\/product_tag?post=1656"}],"curies":[{"name":"wp","href":"https:\/\/api.w.org\/{rel}","templated":true}]}}