{"id":16568,"date":"2025-07-15T16:22:08","date_gmt":"2025-07-15T14:22:08","guid":{"rendered":"https:\/\/uj.adatbank.ro\/lexikon\/termek\/nalaczy-agnes-nalaci-br-fritsi-fekete-lorincne\/"},"modified":"2025-07-15T16:22:08","modified_gmt":"2025-07-15T14:22:08","slug":"nalaczy-agnes-nalaci-br-fritsi-fekete-lorincne","status":"publish","type":"product","link":"https:\/\/uj.adatbank.ro\/lexikon\/termek\/nalaczy-agnes-nalaci-br-fritsi-fekete-lorincne\/","title":{"rendered":"NAL\u00c1CZY \u00c1gnes, nal\u00e1ci br., fritsi Fekete L\u0151rincn\u00e9,"},"content":{"rendered":"<p>? \u2020 ?: birtokos. \u2013 Istv\u00e1n (1722\u20131760) \u00e9s nagyercsei \u00e9s gelenczei Toldalaghi Zsuzsanna (1717\u20131789) l\u00e1nya. F\u00e9rje fritsi Fekete L\u0151rinc saj\u00f3udvarhelyi birtokos. Gyermeke S\u00e1muel \u2013feles\u00e9ge gr. Bethlen Sarolta a saj\u00f3udvarhelyi kast\u00e9ly \u00e9p\u00edttet\u0151i (1812). Mv.-en polg\u00e1ri esk\u00fct tett (1783. \u00e1pr. 23.). <br \/><strong>Irod.:<\/strong> Bicsok-Osb\u00e1n; Orb\u00e1n J\u00e1nos: T\u00e1blab\u00edr\u00e1k, f\u0151nemesek, pall\u00e9rok \u00e9s h\u00e1zak: V\u00e1rosk\u00e9p \u00e9s t\u00e1rsadalom v\u00e1ltoz\u00e1sai Mv.-en a Kir\u00e1lyi T\u00e1bla bek\u00f6lt\u00f6z\u00e9se ut\u00e1n [1754] = K\u00f6nyvek \u00e1ltal \u2026; P\u00e1l-Antal 2006<\/br><\/p>\n","protected":false},"excerpt":{"rendered":"<p>? \u2020 ?: birtokos. \u2013 Istv\u00e1n (1722\u20131760) \u00e9s nagyercsei \u00e9s gelenczei Toldalaghi Zsuzsanna (1717\u20131789) l\u00e1nya. F\u00e9rje fritsi Fekete L\u0151rinc saj\u00f3udvarhelyi birtokos. Gyermeke S\u00e1muel \u2013feles\u00e9ge gr. Bethlen Sarolta a saj\u00f3udvarhelyi kast\u00e9ly \u00e9p\u00edttet\u0151i (1812). Mv.-en polg\u00e1ri esk\u00fct tett (1783. \u00e1pr. 23.). Irod.: Bicsok-Osb\u00e1n; Orb\u00e1n J\u00e1nos: T\u00e1blab\u00edr\u00e1k, f\u0151nemesek, pall\u00e9rok \u00e9s h\u00e1zak: V\u00e1rosk\u00e9p \u00e9s t\u00e1rsadalom v\u00e1ltoz\u00e1sai Mv.-en a Kir\u00e1lyi [&hellip;]<\/p>\n","protected":false},"featured_media":0,"comment_status":"open","ping_status":"closed","template":"","meta":[],"product_brand":[],"product_cat":[137],"product_tag":[],"class_list":{"0":"post-16568","1":"product","2":"type-product","3":"status-publish","5":"product_cat-maros-megyei-eletrajzi-lexikon","7":"first","8":"instock","9":"shipping-taxable","10":"product-type-simple"},"_links":{"self":[{"href":"https:\/\/uj.adatbank.ro\/lexikon\/wp-json\/wp\/v2\/product\/16568","targetHints":{"allow":["GET"]}}],"collection":[{"href":"https:\/\/uj.adatbank.ro\/lexikon\/wp-json\/wp\/v2\/product"}],"about":[{"href":"https:\/\/uj.adatbank.ro\/lexikon\/wp-json\/wp\/v2\/types\/product"}],"replies":[{"embeddable":true,"href":"https:\/\/uj.adatbank.ro\/lexikon\/wp-json\/wp\/v2\/comments?post=16568"}],"wp:attachment":[{"href":"https:\/\/uj.adatbank.ro\/lexikon\/wp-json\/wp\/v2\/media?parent=16568"}],"wp:term":[{"taxonomy":"product_brand","embeddable":true,"href":"https:\/\/uj.adatbank.ro\/lexikon\/wp-json\/wp\/v2\/product_brand?post=16568"},{"taxonomy":"product_cat","embeddable":true,"href":"https:\/\/uj.adatbank.ro\/lexikon\/wp-json\/wp\/v2\/product_cat?post=16568"},{"taxonomy":"product_tag","embeddable":true,"href":"https:\/\/uj.adatbank.ro\/lexikon\/wp-json\/wp\/v2\/product_tag?post=16568"}],"curies":[{"name":"wp","href":"https:\/\/api.w.org\/{rel}","templated":true}]}}