{"id":16569,"date":"2025-07-15T16:22:11","date_gmt":"2025-07-15T14:22:11","guid":{"rendered":"https:\/\/uj.adatbank.ro\/lexikon\/termek\/nalaczy-borbala-nalatzi-br-damokos-antalne\/"},"modified":"2025-07-15T16:22:11","modified_gmt":"2025-07-15T14:22:11","slug":"nalaczy-borbala-nalatzi-br-damokos-antalne","status":"publish","type":"product","link":"https:\/\/uj.adatbank.ro\/lexikon\/termek\/nalaczy-borbala-nalatzi-br-damokos-antalne\/","title":{"rendered":"NAL\u00c1CZY Borb\u00e1la, nal\u00e1tzi br., Damokos Antaln\u00e9"},"content":{"rendered":"<p>? \u2020 ?: nemes birtokos. \u2013 F\u00e9rje als\u00f3csern\u00e1toni br. Damokos Antal (1698\u20131773)l marossz\u00e9ki f\u0151kir\u00e1lyb\u00edr\u00f3, l\u00e1nya Krisztina \u2013 Bethlen L\u00e1szl\u00f3n\u00e9. \u2013 Irod : P\u00e1lmay 1<\/br><\/p>\n","protected":false},"excerpt":{"rendered":"<p>? \u2020 ?: nemes birtokos. \u2013 F\u00e9rje als\u00f3csern\u00e1toni br. Damokos Antal (1698\u20131773)l marossz\u00e9ki f\u0151kir\u00e1lyb\u00edr\u00f3, l\u00e1nya Krisztina \u2013 Bethlen L\u00e1szl\u00f3n\u00e9. \u2013 Irod : P\u00e1lmay 1<\/p>\n","protected":false},"featured_media":0,"comment_status":"open","ping_status":"closed","template":"","meta":[],"product_brand":[],"product_cat":[137],"product_tag":[],"class_list":{"0":"post-16569","1":"product","2":"type-product","3":"status-publish","5":"product_cat-maros-megyei-eletrajzi-lexikon","7":"first","8":"instock","9":"shipping-taxable","10":"product-type-simple"},"_links":{"self":[{"href":"https:\/\/uj.adatbank.ro\/lexikon\/wp-json\/wp\/v2\/product\/16569","targetHints":{"allow":["GET"]}}],"collection":[{"href":"https:\/\/uj.adatbank.ro\/lexikon\/wp-json\/wp\/v2\/product"}],"about":[{"href":"https:\/\/uj.adatbank.ro\/lexikon\/wp-json\/wp\/v2\/types\/product"}],"replies":[{"embeddable":true,"href":"https:\/\/uj.adatbank.ro\/lexikon\/wp-json\/wp\/v2\/comments?post=16569"}],"wp:attachment":[{"href":"https:\/\/uj.adatbank.ro\/lexikon\/wp-json\/wp\/v2\/media?parent=16569"}],"wp:term":[{"taxonomy":"product_brand","embeddable":true,"href":"https:\/\/uj.adatbank.ro\/lexikon\/wp-json\/wp\/v2\/product_brand?post=16569"},{"taxonomy":"product_cat","embeddable":true,"href":"https:\/\/uj.adatbank.ro\/lexikon\/wp-json\/wp\/v2\/product_cat?post=16569"},{"taxonomy":"product_tag","embeddable":true,"href":"https:\/\/uj.adatbank.ro\/lexikon\/wp-json\/wp\/v2\/product_tag?post=16569"}],"curies":[{"name":"wp","href":"https:\/\/api.w.org\/{rel}","templated":true}]}}