{"id":1657,"date":"2025-06-28T11:49:03","date_gmt":"2025-06-28T09:49:03","guid":{"rendered":"https:\/\/uj.adatbank.ro\/lexikon\/termek\/agyagasi-elek-boloni-agyagasi-alexis\/"},"modified":"2025-06-28T11:49:03","modified_gmt":"2025-06-28T09:49:03","slug":"agyagasi-elek-boloni-agyagasi-alexis","status":"publish","type":"product","link":"https:\/\/uj.adatbank.ro\/lexikon\/termek\/agyagasi-elek-boloni-agyagasi-alexis\/","title":{"rendered":"AGYAG\u00c1SI Elek, b\u00f6l\u00f6ni; Agyag\u00e1si Alexis"},"content":{"rendered":"<p>Somosd, 1812. szept. 9., \u2020\u00a0? : ref. lelk\u00e9sz. \u2013 Apja: A. Mih\u00e1ly. Fiai: Elek, J\u00f3zsef. \u2013 Helyettes tan\u00e1r \u00e9s k\u00f6nyvt\u00e1ros a mv.-i Ref. Koll.-ban (1832. okt. 6.\u201334. j\u00fal. 7.). Teol\u00f3gi\u00e1t v\u00e9gzett Berlinben (1835. szept. 9.- 36. m\u00e1rc. 25.). Lelkip\u00e1sztor Mez\u0151madarason (1837\u2013), Mv.-en (1837- 39), Berekereszt\u00faron (1839\u201342), L\u0151rincfalv\u00e1n (1842\u201348), Somosdon (1848\u201356), ahova id\u0151s \u00e9desapja mell\u00e9 h\u00edvt\u00e1k meg seg\u00e9dlelk\u00e9sznek, majd elhagyta \u0151t. <br \/><strong>Irod.:<\/strong> Kempelen; Koncz 1879; P\u00e1lmay; Somosd; Szab\u00f3\u2013Sz\u00f6gi<\/br><\/p>\n","protected":false},"excerpt":{"rendered":"<p>Somosd, 1812. szept. 9., \u2020\u00a0? : ref. lelk\u00e9sz. \u2013 Apja: A. Mih\u00e1ly. Fiai: Elek, J\u00f3zsef. \u2013 Helyettes tan\u00e1r \u00e9s k\u00f6nyvt\u00e1ros a mv.-i Ref. Koll.-ban (1832. okt. 6.\u201334. j\u00fal. 7.). Teol\u00f3gi\u00e1t v\u00e9gzett Berlinben (1835. szept. 9.- 36. m\u00e1rc. 25.). Lelkip\u00e1sztor Mez\u0151madarason (1837\u2013), Mv.-en (1837- 39), Berekereszt\u00faron (1839\u201342), L\u0151rincfalv\u00e1n (1842\u201348), Somosdon (1848\u201356), ahova id\u0151s \u00e9desapja mell\u00e9 h\u00edvt\u00e1k [&hellip;]<\/p>\n","protected":false},"featured_media":0,"comment_status":"open","ping_status":"closed","template":"","meta":[],"product_brand":[],"product_cat":[137],"product_tag":[],"class_list":{"0":"post-1657","1":"product","2":"type-product","3":"status-publish","5":"product_cat-maros-megyei-eletrajzi-lexikon","7":"first","8":"instock","9":"shipping-taxable","10":"product-type-simple"},"_links":{"self":[{"href":"https:\/\/uj.adatbank.ro\/lexikon\/wp-json\/wp\/v2\/product\/1657","targetHints":{"allow":["GET"]}}],"collection":[{"href":"https:\/\/uj.adatbank.ro\/lexikon\/wp-json\/wp\/v2\/product"}],"about":[{"href":"https:\/\/uj.adatbank.ro\/lexikon\/wp-json\/wp\/v2\/types\/product"}],"replies":[{"embeddable":true,"href":"https:\/\/uj.adatbank.ro\/lexikon\/wp-json\/wp\/v2\/comments?post=1657"}],"wp:attachment":[{"href":"https:\/\/uj.adatbank.ro\/lexikon\/wp-json\/wp\/v2\/media?parent=1657"}],"wp:term":[{"taxonomy":"product_brand","embeddable":true,"href":"https:\/\/uj.adatbank.ro\/lexikon\/wp-json\/wp\/v2\/product_brand?post=1657"},{"taxonomy":"product_cat","embeddable":true,"href":"https:\/\/uj.adatbank.ro\/lexikon\/wp-json\/wp\/v2\/product_cat?post=1657"},{"taxonomy":"product_tag","embeddable":true,"href":"https:\/\/uj.adatbank.ro\/lexikon\/wp-json\/wp\/v2\/product_tag?post=1657"}],"curies":[{"name":"wp","href":"https:\/\/api.w.org\/{rel}","templated":true}]}}