{"id":16572,"date":"2025-07-15T16:22:18","date_gmt":"2025-07-15T14:22:18","guid":{"rendered":"https:\/\/uj.adatbank.ro\/lexikon\/termek\/namenyi-istvan\/"},"modified":"2025-07-15T16:22:18","modified_gmt":"2025-07-15T14:22:18","slug":"namenyi-istvan","status":"publish","type":"product","link":"https:\/\/uj.adatbank.ro\/lexikon\/termek\/namenyi-istvan\/","title":{"rendered":"NAM\u00c9NYI Istv\u00e1n"},"content":{"rendered":"<p>? \u2020 ?: ref. lelk\u00e9sz. \u2013 Mv.-en subscrib\u00e1lt (1671), Lelk\u00e9sz volt Radn\u00f3ton (?), B\u00faz\u00e1sbeseny\u0151ben (1681), K\u00f6rtv\u00e9lyf\u00e1j\u00e1n (1688), S\u00f6v\u00e9nyfalv\u00e1n (1692\u201396) \u00e9s Magyarherep\u00e9n (1697\u201398). Egyh\u00e1zk\u00f6zs\u00e9gi-t\u00f6rt\u00e9net szerint pr\u00e9dik\u00e1ci\u00f3-gy\u0171jtem\u00e9nye maradt fent. <br \/><strong>Irod.:<\/strong> K\u00fck\u00fcll\u0151i Ref. Egyh\u00e1zm.1., 3., 4.; \u0150sz<\/br><\/p>\n","protected":false},"excerpt":{"rendered":"<p>? \u2020 ?: ref. lelk\u00e9sz. \u2013 Mv.-en subscrib\u00e1lt (1671), Lelk\u00e9sz volt Radn\u00f3ton (?), B\u00faz\u00e1sbeseny\u0151ben (1681), K\u00f6rtv\u00e9lyf\u00e1j\u00e1n (1688), S\u00f6v\u00e9nyfalv\u00e1n (1692\u201396) \u00e9s Magyarherep\u00e9n (1697\u201398). Egyh\u00e1zk\u00f6zs\u00e9gi-t\u00f6rt\u00e9net szerint pr\u00e9dik\u00e1ci\u00f3-gy\u0171jtem\u00e9nye maradt fent. Irod.: K\u00fck\u00fcll\u0151i Ref. Egyh\u00e1zm.1., 3., 4.; \u0150sz<\/p>\n","protected":false},"featured_media":0,"comment_status":"open","ping_status":"closed","template":"","meta":[],"product_brand":[],"product_cat":[137],"product_tag":[],"class_list":{"0":"post-16572","1":"product","2":"type-product","3":"status-publish","5":"product_cat-maros-megyei-eletrajzi-lexikon","7":"first","8":"instock","9":"shipping-taxable","10":"product-type-simple"},"_links":{"self":[{"href":"https:\/\/uj.adatbank.ro\/lexikon\/wp-json\/wp\/v2\/product\/16572","targetHints":{"allow":["GET"]}}],"collection":[{"href":"https:\/\/uj.adatbank.ro\/lexikon\/wp-json\/wp\/v2\/product"}],"about":[{"href":"https:\/\/uj.adatbank.ro\/lexikon\/wp-json\/wp\/v2\/types\/product"}],"replies":[{"embeddable":true,"href":"https:\/\/uj.adatbank.ro\/lexikon\/wp-json\/wp\/v2\/comments?post=16572"}],"wp:attachment":[{"href":"https:\/\/uj.adatbank.ro\/lexikon\/wp-json\/wp\/v2\/media?parent=16572"}],"wp:term":[{"taxonomy":"product_brand","embeddable":true,"href":"https:\/\/uj.adatbank.ro\/lexikon\/wp-json\/wp\/v2\/product_brand?post=16572"},{"taxonomy":"product_cat","embeddable":true,"href":"https:\/\/uj.adatbank.ro\/lexikon\/wp-json\/wp\/v2\/product_cat?post=16572"},{"taxonomy":"product_tag","embeddable":true,"href":"https:\/\/uj.adatbank.ro\/lexikon\/wp-json\/wp\/v2\/product_tag?post=16572"}],"curies":[{"name":"wp","href":"https:\/\/api.w.org\/{rel}","templated":true}]}}