{"id":1658,"date":"2025-06-28T11:49:04","date_gmt":"2025-06-28T09:49:04","guid":{"rendered":"https:\/\/uj.adatbank.ro\/lexikon\/termek\/agyagasi-janos-jozsef\/"},"modified":"2025-06-28T11:49:04","modified_gmt":"2025-06-28T09:49:04","slug":"agyagasi-janos-jozsef","status":"publish","type":"product","link":"https:\/\/uj.adatbank.ro\/lexikon\/termek\/agyagasi-janos-jozsef\/","title":{"rendered":"AGYAG\u00c1SI J\u00e1nos\/J\u00f3zsef,"},"content":{"rendered":"<p>? \u2020 ?: ref. lelk\u00e9sz. \u2013 G\u00f6rg\u00e9nyszentimr\u00e9n (1801\u201306), ut\u00f3bb P\u00f3k\u00e1ban szolg\u00e1lt (1829\u201345). <br \/><strong>Irod.:<\/strong> \u0150sz; P\u00f3ka<\/br><\/p>\n","protected":false},"excerpt":{"rendered":"<p>? \u2020 ?: ref. lelk\u00e9sz. \u2013 G\u00f6rg\u00e9nyszentimr\u00e9n (1801\u201306), ut\u00f3bb P\u00f3k\u00e1ban szolg\u00e1lt (1829\u201345). Irod.: \u0150sz; P\u00f3ka<\/p>\n","protected":false},"featured_media":0,"comment_status":"open","ping_status":"closed","template":"","meta":[],"product_brand":[],"product_cat":[137],"product_tag":[],"class_list":{"0":"post-1658","1":"product","2":"type-product","3":"status-publish","5":"product_cat-maros-megyei-eletrajzi-lexikon","7":"first","8":"instock","9":"shipping-taxable","10":"product-type-simple"},"_links":{"self":[{"href":"https:\/\/uj.adatbank.ro\/lexikon\/wp-json\/wp\/v2\/product\/1658","targetHints":{"allow":["GET"]}}],"collection":[{"href":"https:\/\/uj.adatbank.ro\/lexikon\/wp-json\/wp\/v2\/product"}],"about":[{"href":"https:\/\/uj.adatbank.ro\/lexikon\/wp-json\/wp\/v2\/types\/product"}],"replies":[{"embeddable":true,"href":"https:\/\/uj.adatbank.ro\/lexikon\/wp-json\/wp\/v2\/comments?post=1658"}],"wp:attachment":[{"href":"https:\/\/uj.adatbank.ro\/lexikon\/wp-json\/wp\/v2\/media?parent=1658"}],"wp:term":[{"taxonomy":"product_brand","embeddable":true,"href":"https:\/\/uj.adatbank.ro\/lexikon\/wp-json\/wp\/v2\/product_brand?post=1658"},{"taxonomy":"product_cat","embeddable":true,"href":"https:\/\/uj.adatbank.ro\/lexikon\/wp-json\/wp\/v2\/product_cat?post=1658"},{"taxonomy":"product_tag","embeddable":true,"href":"https:\/\/uj.adatbank.ro\/lexikon\/wp-json\/wp\/v2\/product_tag?post=1658"}],"curies":[{"name":"wp","href":"https:\/\/api.w.org\/{rel}","templated":true}]}}