{"id":1659,"date":"2025-06-28T11:49:07","date_gmt":"2025-06-28T09:49:07","guid":{"rendered":"https:\/\/uj.adatbank.ro\/lexikon\/termek\/agyagasi-karoly\/"},"modified":"2025-06-28T11:49:07","modified_gmt":"2025-06-28T09:49:07","slug":"agyagasi-karoly","status":"publish","type":"product","link":"https:\/\/uj.adatbank.ro\/lexikon\/termek\/agyagasi-karoly\/","title":{"rendered":"AGYAG\u00c1SI K\u00e1roly"},"content":{"rendered":"<p>1888.?, \u2020 Mv., 1918. dec. 9.: tan\u00edt\u00f3. \u2013 A. Vidor fia. Feles\u00e9ge: Petelei J\u00faliska. \u2013 \u00c1llami igazgat\u00f3-tan\u00edt\u00f3, a ref. egyh\u00e1z presbitere, a marosszentkir\u00e1lyi Nemzeti Tan\u00e1cs eln\u00f6ke (1918), a Hitelsz\u00f6vetkezet k\u00f6nyvel\u0151je. <br \/><strong>Irod.:<\/strong> Gy\u00e1szjelent\u0151<\/br><\/p>\n","protected":false},"excerpt":{"rendered":"<p>1888.?, \u2020 Mv., 1918. dec. 9.: tan\u00edt\u00f3. \u2013 A. Vidor fia. Feles\u00e9ge: Petelei J\u00faliska. \u2013 \u00c1llami igazgat\u00f3-tan\u00edt\u00f3, a ref. egyh\u00e1z presbitere, a marosszentkir\u00e1lyi Nemzeti Tan\u00e1cs eln\u00f6ke (1918), a Hitelsz\u00f6vetkezet k\u00f6nyvel\u0151je. Irod.: Gy\u00e1szjelent\u0151<\/p>\n","protected":false},"featured_media":0,"comment_status":"open","ping_status":"closed","template":"","meta":[],"product_brand":[],"product_cat":[137],"product_tag":[],"class_list":{"0":"post-1659","1":"product","2":"type-product","3":"status-publish","5":"product_cat-maros-megyei-eletrajzi-lexikon","7":"first","8":"instock","9":"shipping-taxable","10":"product-type-simple"},"_links":{"self":[{"href":"https:\/\/uj.adatbank.ro\/lexikon\/wp-json\/wp\/v2\/product\/1659","targetHints":{"allow":["GET"]}}],"collection":[{"href":"https:\/\/uj.adatbank.ro\/lexikon\/wp-json\/wp\/v2\/product"}],"about":[{"href":"https:\/\/uj.adatbank.ro\/lexikon\/wp-json\/wp\/v2\/types\/product"}],"replies":[{"embeddable":true,"href":"https:\/\/uj.adatbank.ro\/lexikon\/wp-json\/wp\/v2\/comments?post=1659"}],"wp:attachment":[{"href":"https:\/\/uj.adatbank.ro\/lexikon\/wp-json\/wp\/v2\/media?parent=1659"}],"wp:term":[{"taxonomy":"product_brand","embeddable":true,"href":"https:\/\/uj.adatbank.ro\/lexikon\/wp-json\/wp\/v2\/product_brand?post=1659"},{"taxonomy":"product_cat","embeddable":true,"href":"https:\/\/uj.adatbank.ro\/lexikon\/wp-json\/wp\/v2\/product_cat?post=1659"},{"taxonomy":"product_tag","embeddable":true,"href":"https:\/\/uj.adatbank.ro\/lexikon\/wp-json\/wp\/v2\/product_tag?post=1659"}],"curies":[{"name":"wp","href":"https:\/\/api.w.org\/{rel}","templated":true}]}}