{"id":1660,"date":"2025-06-28T11:49:09","date_gmt":"2025-06-28T09:49:09","guid":{"rendered":"https:\/\/uj.adatbank.ro\/lexikon\/termek\/agyagasi-karoly-%c2%a7-boloni-agyagassy-karoly\/"},"modified":"2025-06-28T11:49:09","modified_gmt":"2025-06-28T09:49:09","slug":"agyagasi-karoly-%c2%a7-boloni-agyagassy-karoly","status":"publish","type":"product","link":"https:\/\/uj.adatbank.ro\/lexikon\/termek\/agyagasi-karoly-%c2%a7-boloni-agyagassy-karoly\/","title":{"rendered":"AGYAG\u00c1SI K\u00e1roly, \u00a7 b\u00f6l\u00f6ni; Agyag\u00e1ssy K\u00e1roly"},"content":{"rendered":"<p>Mez\u0151b\u00e1nd, 1853. okt. 19., \u2020 Mv., 1933. febr. 7., Mez\u0151b\u00e1ndra temett\u00e9k a sz\u00fclei mell\u00e9: orvos, \u00edr\u00f3, k\u00f6lt\u0151, m\u0171ford\u00edt\u00f3.\u00a0\u2013 Nagyapja A. Mih\u00e1ly ref. lelk\u00e9sz. Apja: A. Lajos ref. lelk\u00e9sz. Feles\u00e9ge: mez\u0151b\u00e1ndi Kov\u00e1cs Etelka (1853.?-Mez\u0151b\u00e1nd, 1834.dec. 3.). \u00d6ccse: Vidor. \u2013 A k\u00f6z\u00e9piskol\u00e1t Mv.-en \u00e9s Kv.-on (1872), az egyetemet Kv.-t v\u00e9gezte, doktor\u00e1lt. (1877). Egy \u00e9vig a kv.-i katonak\u00f3rh\u00e1z seg\u00e9dorvosa volt, ezut\u00e1n Ny\u00e1r\u00e1dszered\u00e1ban k\u00f6rorvos, t\u00f6rv\u00e9nysz\u00e9ki orvos \u00f6t \u00e9vig. MT vm. vezet\u0151s\u00e9ge megh\u00edvta Mv.-re. Itt letelepedett, h\u00e1zat vett a Bolyai t\u00e9ren. J\u00e1r\u00e1si orvos (1884\u201390), 30 \u00e9vig MT vm. tiszti f\u0151orvosa (1890\u20131919), emellett fogh\u00e1z- \u00e9s t\u00f6rv\u00e9nysz\u00e9ki orvos (1900\u201321). Londonban az orvosi vil\u00e1gkongresszuson vett r\u00e9szt (1913). Marostorda vm.-i \u00e9s a mv.-i Orvos-Gy\u00f3gyszer\u00e9sz Egylet (1890. dec. 20.-\u00e1n alakult meg) aleln\u00f6ke. Az I. vh.-ban k\u00e9t \u00e9ven \u00e1t katonaorvosi szolg\u00e1latott v\u00e1llalt, munk\u00e1ja elismer\u00e9sek\u00e9nt a V\u00f6r\u00f6s Kereszt II. oszt. hadi\u00e9k\u00edtm\u00e9nyes jelv\u00e9ny\u00e9t \u00e9s a II. oszt. Polg\u00e1ri Hadi\u00e9rdemkeresztet kapta. A V\u00f6r\u00f6skeresztben v\u00e9gzett munk\u00e1j\u00e1\u00e9rt, Ferenc Salvator f\u0151herceg, a Monarchia V\u00f6r\u00f6skeresztj\u00e9nek aleln\u00f6ke, a II. o. vaskereszttel \u00e9s d\u00edszoklev\u00e9llel t\u00fcntette ki. Bern\u00e1dy Gy\u00f6rggyel kar\u00f6ltve mindent megtett Szov\u00e1ta eur\u00f3pai h\u00edr\u0171 f\u00fcrd\u0151v\u00e9 fejleszt\u00e9s\u00e9\u00e9rt. Az eg\u00e9szs\u00e9ges \u00e9letm\u00f3dot, a z\u00f6lds\u00e9gfogyaszt\u00e1st propag\u00e1lta. A hatalomv\u00e1lt\u00e1skor kiker\u00fclt \u00e1ll\u00e1s\u00e1b\u00f3l (1920). Lak\u00e1s\u00e1n mag\u00e1nrendel\u0151t nyitott. A Ref. Koll.-nak iskolaorvosa, el\u0151lj\u00e1r\u00f3s\u00e1gi tagja (1929\u201333. m\u00e1rc.), majd f\u0151gondnoka, a ref. presbiterium tagja. A Mv.-i Kaszin\u00f3 tagja (1884\u2013), vezet\u0151s\u00e9gi tag, d\u00edszeln\u00f6ke (1927\u2013), a Tornaegyes\u00fclet tiszteletbeli tagja (1930), a KZST \u00e9s az EIT tagja volt. 50 \u00e9ves orvosi jubileuma alkalm\u00e1val Szegeden a FJTE arany diplom\u00e1val t\u00fcntette ki (1928). Ismeretterjeszt\u0151 orvosi k\u00f6zlem\u00e9nyeket, verseket, m\u0171ford\u00edt\u00e1sokat k\u00f6z\u00f6lt. Sz\u00edndarabokat, elbesz\u00e9l\u00e9seket, s\u0151t reg\u00e9nyt is \u00edrt. A N\u00e9ma c. zen\u00e9s falusi t\u00e1rgy\u00fa sz\u00edndarabj\u00e1t t\u00f6bbsz\u00f6r el\u0151adt\u00e1k. Ford\u00edtott angolb\u00f3l, Conan Doyl \u00e9s R. Tagore ford\u00edt\u00e1sai h\u00edresek.T\u00f6bb k\u00f6ltem\u00e9ny\u00e9t leford\u00edtott\u00e1k angolra. Cikkeit, orvosi \u00e9rtekez\u00e9seit k\u00f6z\u00f6lte a: Sz\u00e9kelyf\u00f6ld, Eg\u00e9szs\u00e9g, Marosvid\u00e9k, Ellenz\u00e9k, K\u00f6zeg\u00e9szs\u00e9g\u00fcgy, Alkoholizmus Ellen. Nagy \u00f6sszeg\u0171 (20 000 lejes) alap\u00edtv\u00e1nyt tett a KZST-nek pr\u00f3zai-, vers- \u00e9s dal- p\u00e1ly\u00e1zatok jav\u00e1ra (1928). Az erd\u00e9lyi k\u00f6lt\u0151k verseinek megzen\u00e9s\u00edt\u00e9se p\u00e1ly\u00e1zat d\u00edjazott gy\u0151ztesei: Zeno Vancea (2000 lej), Tr\u00f3zner J\u00f3zsef \u00e9s dr. Br\u00f3dy Mikl\u00f3s (1000\u20131000 lej). \u2013 <strong>F. m.:<\/strong> Hat szomor\u00fa magyar n\u00e9pdal (Mv., Bp., 1896); Orvos \u00e9s k\u00f6z\u00f6ns\u00e9g (Mv., 1905); Szov\u00e1ta f\u00fcrd\u0151 ismertet\u00e9s \u00e9s gy\u00f3gy\u00edt\u00f3 javallatok (Mv., 1908); A galamb \u00e9s a sas : Elbesz\u00e9l\u0151 k\u00f6ltem\u00e9ny (Mv., 1918 ut\u00e1n); A n\u00e9ma: Zen\u00e9s parasztdr\u00e1ma (bemutat\u00f3: Mv.,1924.); H\u00e1rom rom\u00e1ncz. Zongor\u00e1ra vagy harm\u00f3niumra. (Mv.,1926); Erd\u00e9lyi szomor\u00fa \u2013 \u00daj n\u00e9pdalok. (k\u00f6ltem\u00e9nyek, Mv., 1928); Szerencs\u00e9s M\u00e1ty\u00e1s. \u00c9nekes \u00e9s t\u00e1ncos boh\u00f3zat k\u00e9t felvon\u00e1sban. (Mv., 1929); Hervadt lombok: Kisebb k\u00f6ltem\u00e9nyek (Mv., 1932); T\u00fcnd\u00e9r Ilona \u00e9s le\u00e1nya: Fantasztikus sz\u00ednm\u0171 dalokkal \u00e9s t\u00e1ncokkal (a zen\u00e9t is \u0151 kompon\u00e1lta); <strong>antol\u00f3g.:<\/strong> A Kem\u00e9ny Zsigmond T\u00e1rsas\u00e1g r\u00e9gebbi tagjair\u00f3l = \u00dcnnepi k\u00f6nyv (Mv., 1930.). <br \/><strong>Irod.:<\/strong> \u00c1goston Albert: Alkot\u00e1sainkra, \u00e9rt\u00e9keinkre eml\u00e9kezve (N\u00fa., 1993. dec. 14.); Bi\u00e1s Istv\u00e1n; Galamb S\u00e1ndor: A magyar dr\u00e1ma t\u00f6rt\u00e9nete 1867\u20131896 (Bp., 1937); Guly\u00e1s; Gy\u00e1szjelent\u0151; Gy\u00f6rgy Lajos: Az erd\u00e9lyi magyars\u00e1g szellemi \u00e9lete (Bp., 1926); Id\u0151t\u00e1r 2.; Id\u0151t\u00e1r 3, Ki kicsoda ?; Kusz\u00e1lik \u2013 Zal\u00e1nyi; M\u00e1ln\u00e1si; Mv. \u00e9s a h\u00e1bor\u00fa 1; A mv.-i Kaszin\u00f3 J\u00f3kai \u00fcnnep\u00e9lye 1894. jan. 6 (Mv., 1894); MIL; \u00d6kr\u00f6s; P\u00e1lmay; Petrik; RMIL; R\u00daL; S\u00e1ndor; Sebesty\u00e9n; Sipos; Todea\u2013F\u00fcl\u00f6p\u2013Avram, Transilvania; Z\u00e1honyi<\/br><\/p>\n","protected":false},"excerpt":{"rendered":"<p>Mez\u0151b\u00e1nd, 1853. okt. 19., \u2020 Mv., 1933. febr. 7., Mez\u0151b\u00e1ndra temett\u00e9k a sz\u00fclei mell\u00e9: orvos, \u00edr\u00f3, k\u00f6lt\u0151, m\u0171ford\u00edt\u00f3.\u00a0\u2013 Nagyapja A. Mih\u00e1ly ref. lelk\u00e9sz. Apja: A. Lajos ref. lelk\u00e9sz. Feles\u00e9ge: mez\u0151b\u00e1ndi Kov\u00e1cs Etelka (1853.?-Mez\u0151b\u00e1nd, 1834.dec. 3.). \u00d6ccse: Vidor. \u2013 A k\u00f6z\u00e9piskol\u00e1t Mv.-en \u00e9s Kv.-on (1872), az egyetemet Kv.-t v\u00e9gezte, doktor\u00e1lt. (1877). Egy \u00e9vig a kv.-i katonak\u00f3rh\u00e1z [&hellip;]<\/p>\n","protected":false},"featured_media":0,"comment_status":"open","ping_status":"closed","template":"","meta":[],"product_brand":[],"product_cat":[137],"product_tag":[],"class_list":{"0":"post-1660","1":"product","2":"type-product","3":"status-publish","5":"product_cat-maros-megyei-eletrajzi-lexikon","7":"first","8":"instock","9":"shipping-taxable","10":"product-type-simple"},"_links":{"self":[{"href":"https:\/\/uj.adatbank.ro\/lexikon\/wp-json\/wp\/v2\/product\/1660","targetHints":{"allow":["GET"]}}],"collection":[{"href":"https:\/\/uj.adatbank.ro\/lexikon\/wp-json\/wp\/v2\/product"}],"about":[{"href":"https:\/\/uj.adatbank.ro\/lexikon\/wp-json\/wp\/v2\/types\/product"}],"replies":[{"embeddable":true,"href":"https:\/\/uj.adatbank.ro\/lexikon\/wp-json\/wp\/v2\/comments?post=1660"}],"wp:attachment":[{"href":"https:\/\/uj.adatbank.ro\/lexikon\/wp-json\/wp\/v2\/media?parent=1660"}],"wp:term":[{"taxonomy":"product_brand","embeddable":true,"href":"https:\/\/uj.adatbank.ro\/lexikon\/wp-json\/wp\/v2\/product_brand?post=1660"},{"taxonomy":"product_cat","embeddable":true,"href":"https:\/\/uj.adatbank.ro\/lexikon\/wp-json\/wp\/v2\/product_cat?post=1660"},{"taxonomy":"product_tag","embeddable":true,"href":"https:\/\/uj.adatbank.ro\/lexikon\/wp-json\/wp\/v2\/product_tag?post=1660"}],"curies":[{"name":"wp","href":"https:\/\/api.w.org\/{rel}","templated":true}]}}