{"id":1662,"date":"2025-06-28T11:49:12","date_gmt":"2025-06-28T09:49:12","guid":{"rendered":"https:\/\/uj.adatbank.ro\/lexikon\/termek\/agyagasi-mihaly-boloni\/"},"modified":"2025-06-28T11:49:12","modified_gmt":"2025-06-28T09:49:12","slug":"agyagasi-mihaly-boloni","status":"publish","type":"product","link":"https:\/\/uj.adatbank.ro\/lexikon\/termek\/agyagasi-mihaly-boloni\/","title":{"rendered":"AGYAG\u00c1SI Mih\u00e1ly, b\u00f6l\u00f6ni"},"content":{"rendered":"<p>? \u2020 Somosd, 1858.: ref. lelk\u00e9sz. \u2013 Fia: Elek. \u2013 Csal\u00e1dja Branderburgi Katalint\u00f3l (1604\u201344) kapott nemess\u00e9get, majd mint Bethlen G\u00e1bor \u00f6zvegye is meger\u0151s\u00edtette azt (1630. szept.21.). Lelk\u00e9sz volt Als\u00f3b\u00f6lk\u00e9nyben (1808\u201312), P\u00f3k\u00e1ban (1812\u201313). M\u00e1rkodon (1815\u201321). Somosdra h\u00edvt\u00e1k meg lelk\u00e9sznek, ahol 37 \u00e9vig szolg\u00e1lt (1821\u201358). Befejezte a templom \u00e9p\u00edt\u00e9s\u00e9t, szog\u00e1lat\u00e1nak m\u00e1sodik \u00e9v\u00e9ben szentelt\u00e9k fel (1823. j\u00fan.15.). Sz\u00e9kely M\u00e1rton ref. pap temet\u00e9s\u00e9n pr\u00e9dik\u00e1lt Mv.-en (1825. okt. 31). \u00d6reg kor\u00e1ban Elek fi\u00e1t h\u00edvt\u00e1k meg mell\u00e9 seg\u00e9dlelk\u00e9sznek. \u2013 <strong>F. m.:<\/strong> Or\u00e1tzi\u00f3 melyben a vall\u00e1sos erk\u00f6ltsis\u00e9g temploma meg\u00e9p\u00edttetik \u00e9s felszenteltetik : elmondta j\u00fan. 15.-\u00e9n 1823-ban Mv.-en. (Mv., 1824). <br \/><strong>Irod.:<\/strong> Farcz\u00e1dy; Guly\u00e1s; Imreh Barna; Kempelen; \u0150sz; P\u00e1lmay; P\u00f3ka; Somosd<\/br><\/p>\n","protected":false},"excerpt":{"rendered":"<p>? \u2020 Somosd, 1858.: ref. lelk\u00e9sz. \u2013 Fia: Elek. \u2013 Csal\u00e1dja Branderburgi Katalint\u00f3l (1604\u201344) kapott nemess\u00e9get, majd mint Bethlen G\u00e1bor \u00f6zvegye is meger\u0151s\u00edtette azt (1630. szept.21.). Lelk\u00e9sz volt Als\u00f3b\u00f6lk\u00e9nyben (1808\u201312), P\u00f3k\u00e1ban (1812\u201313). M\u00e1rkodon (1815\u201321). Somosdra h\u00edvt\u00e1k meg lelk\u00e9sznek, ahol 37 \u00e9vig szolg\u00e1lt (1821\u201358). Befejezte a templom \u00e9p\u00edt\u00e9s\u00e9t, szog\u00e1lat\u00e1nak m\u00e1sodik \u00e9v\u00e9ben szentelt\u00e9k fel (1823. j\u00fan.15.). Sz\u00e9kely [&hellip;]<\/p>\n","protected":false},"featured_media":0,"comment_status":"open","ping_status":"closed","template":"","meta":[],"product_brand":[],"product_cat":[137],"product_tag":[],"class_list":{"0":"post-1662","1":"product","2":"type-product","3":"status-publish","5":"product_cat-maros-megyei-eletrajzi-lexikon","7":"first","8":"instock","9":"shipping-taxable","10":"product-type-simple"},"_links":{"self":[{"href":"https:\/\/uj.adatbank.ro\/lexikon\/wp-json\/wp\/v2\/product\/1662","targetHints":{"allow":["GET"]}}],"collection":[{"href":"https:\/\/uj.adatbank.ro\/lexikon\/wp-json\/wp\/v2\/product"}],"about":[{"href":"https:\/\/uj.adatbank.ro\/lexikon\/wp-json\/wp\/v2\/types\/product"}],"replies":[{"embeddable":true,"href":"https:\/\/uj.adatbank.ro\/lexikon\/wp-json\/wp\/v2\/comments?post=1662"}],"wp:attachment":[{"href":"https:\/\/uj.adatbank.ro\/lexikon\/wp-json\/wp\/v2\/media?parent=1662"}],"wp:term":[{"taxonomy":"product_brand","embeddable":true,"href":"https:\/\/uj.adatbank.ro\/lexikon\/wp-json\/wp\/v2\/product_brand?post=1662"},{"taxonomy":"product_cat","embeddable":true,"href":"https:\/\/uj.adatbank.ro\/lexikon\/wp-json\/wp\/v2\/product_cat?post=1662"},{"taxonomy":"product_tag","embeddable":true,"href":"https:\/\/uj.adatbank.ro\/lexikon\/wp-json\/wp\/v2\/product_tag?post=1662"}],"curies":[{"name":"wp","href":"https:\/\/api.w.org\/{rel}","templated":true}]}}