{"id":1663,"date":"2025-06-28T11:49:13","date_gmt":"2025-06-28T09:49:13","guid":{"rendered":"https:\/\/uj.adatbank.ro\/lexikon\/termek\/agyagasi-peter\/"},"modified":"2025-06-28T11:49:13","modified_gmt":"2025-06-28T09:49:13","slug":"agyagasi-peter","status":"publish","type":"product","link":"https:\/\/uj.adatbank.ro\/lexikon\/termek\/agyagasi-peter\/","title":{"rendered":"AGYAG\u00c1SI P\u00e9ter"},"content":{"rendered":"<p>P\u00f3ka, 1800., \u2020 P\u00f3ka, 1858. \u00e1pr.4.: ref. lelk\u00e9sz. \u2013 P\u00f3k\u00e1ban volt lelk\u00e9sz (1845\u201358), ahol iskolaalap\u00edtv\u00e1nyt hozott l\u00e9tre, a szeg\u00e9nysors\u00fa, de tanulni v\u00e1gy\u00f3 \u00edfjak seg\u00edt\u00e9s\u00e9re. <br \/><strong>Irod.:<\/strong> P\u00f3ka<\/br><\/p>\n","protected":false},"excerpt":{"rendered":"<p>P\u00f3ka, 1800., \u2020 P\u00f3ka, 1858. \u00e1pr.4.: ref. lelk\u00e9sz. \u2013 P\u00f3k\u00e1ban volt lelk\u00e9sz (1845\u201358), ahol iskolaalap\u00edtv\u00e1nyt hozott l\u00e9tre, a szeg\u00e9nysors\u00fa, de tanulni v\u00e1gy\u00f3 \u00edfjak seg\u00edt\u00e9s\u00e9re. Irod.: P\u00f3ka<\/p>\n","protected":false},"featured_media":0,"comment_status":"open","ping_status":"closed","template":"","meta":[],"product_brand":[],"product_cat":[137],"product_tag":[],"class_list":{"0":"post-1663","1":"product","2":"type-product","3":"status-publish","5":"product_cat-maros-megyei-eletrajzi-lexikon","7":"first","8":"instock","9":"shipping-taxable","10":"product-type-simple"},"_links":{"self":[{"href":"https:\/\/uj.adatbank.ro\/lexikon\/wp-json\/wp\/v2\/product\/1663","targetHints":{"allow":["GET"]}}],"collection":[{"href":"https:\/\/uj.adatbank.ro\/lexikon\/wp-json\/wp\/v2\/product"}],"about":[{"href":"https:\/\/uj.adatbank.ro\/lexikon\/wp-json\/wp\/v2\/types\/product"}],"replies":[{"embeddable":true,"href":"https:\/\/uj.adatbank.ro\/lexikon\/wp-json\/wp\/v2\/comments?post=1663"}],"wp:attachment":[{"href":"https:\/\/uj.adatbank.ro\/lexikon\/wp-json\/wp\/v2\/media?parent=1663"}],"wp:term":[{"taxonomy":"product_brand","embeddable":true,"href":"https:\/\/uj.adatbank.ro\/lexikon\/wp-json\/wp\/v2\/product_brand?post=1663"},{"taxonomy":"product_cat","embeddable":true,"href":"https:\/\/uj.adatbank.ro\/lexikon\/wp-json\/wp\/v2\/product_cat?post=1663"},{"taxonomy":"product_tag","embeddable":true,"href":"https:\/\/uj.adatbank.ro\/lexikon\/wp-json\/wp\/v2\/product_tag?post=1663"}],"curies":[{"name":"wp","href":"https:\/\/api.w.org\/{rel}","templated":true}]}}