{"id":1664,"date":"2025-06-28T11:49:15","date_gmt":"2025-06-28T09:49:15","guid":{"rendered":"https:\/\/uj.adatbank.ro\/lexikon\/termek\/agyagasi-piroska\/"},"modified":"2025-06-28T11:49:15","modified_gmt":"2025-06-28T09:49:15","slug":"agyagasi-piroska","status":"publish","type":"product","link":"https:\/\/uj.adatbank.ro\/lexikon\/termek\/agyagasi-piroska\/","title":{"rendered":"AGYAG\u00c1SI Piroska"},"content":{"rendered":"<p>1907., \u2020 Mv., 1996. jan. 17.: tan\u00e1rn\u0151. \u2013 Rokona, A. K\u00e1roly orvos tan\u00edtatta. <br \/><strong>Irod.:<\/strong> [Nekrol\u00f3g] (N\u00fa., 1996. jan.19.)<\/br><\/p>\n","protected":false},"excerpt":{"rendered":"<p>1907., \u2020 Mv., 1996. jan. 17.: tan\u00e1rn\u0151. \u2013 Rokona, A. K\u00e1roly orvos tan\u00edtatta. Irod.: [Nekrol\u00f3g] (N\u00fa., 1996. jan.19.)<\/p>\n","protected":false},"featured_media":0,"comment_status":"open","ping_status":"closed","template":"","meta":[],"product_brand":[],"product_cat":[137],"product_tag":[],"class_list":{"0":"post-1664","1":"product","2":"type-product","3":"status-publish","5":"product_cat-maros-megyei-eletrajzi-lexikon","7":"first","8":"instock","9":"shipping-taxable","10":"product-type-simple"},"_links":{"self":[{"href":"https:\/\/uj.adatbank.ro\/lexikon\/wp-json\/wp\/v2\/product\/1664","targetHints":{"allow":["GET"]}}],"collection":[{"href":"https:\/\/uj.adatbank.ro\/lexikon\/wp-json\/wp\/v2\/product"}],"about":[{"href":"https:\/\/uj.adatbank.ro\/lexikon\/wp-json\/wp\/v2\/types\/product"}],"replies":[{"embeddable":true,"href":"https:\/\/uj.adatbank.ro\/lexikon\/wp-json\/wp\/v2\/comments?post=1664"}],"wp:attachment":[{"href":"https:\/\/uj.adatbank.ro\/lexikon\/wp-json\/wp\/v2\/media?parent=1664"}],"wp:term":[{"taxonomy":"product_brand","embeddable":true,"href":"https:\/\/uj.adatbank.ro\/lexikon\/wp-json\/wp\/v2\/product_brand?post=1664"},{"taxonomy":"product_cat","embeddable":true,"href":"https:\/\/uj.adatbank.ro\/lexikon\/wp-json\/wp\/v2\/product_cat?post=1664"},{"taxonomy":"product_tag","embeddable":true,"href":"https:\/\/uj.adatbank.ro\/lexikon\/wp-json\/wp\/v2\/product_tag?post=1664"}],"curies":[{"name":"wp","href":"https:\/\/api.w.org\/{rel}","templated":true}]}}